{"id":2438843,"date":"2024-06-25T14:08:08","date_gmt":"2024-06-25T12:22:23","guid":{"rendered":"https:\/\/ecg-electro.eu\/?post_type=product&#038;p=2438843"},"modified":"2026-04-08T10:08:55","modified_gmt":"2026-04-08T08:08:55","slug":"ecg-modifica-grigio-grande","status":"publish","type":"product","link":"https:\/\/ecg-electro.eu\/cs\/ecg-modifica-grigio-grande\/","title":{"rendered":"ECG Modifica Grigio Grande"},"content":{"rendered":"<p>K pohodln\u00e9mu pou\u017e\u00edv\u00e1n\u00ed tohoto vysou\u0161e\u010de vlas\u016f p\u0159isp\u00edv\u00e1 i <strong>odn\u00edmateln\u00e1 m\u0159\u00ed\u017eka vstupu vzduchu<\/strong>, kter\u00e1 usnad\u0148uje \u010di\u0161t\u011bn\u00ed a umo\u017e\u0148uje dlouhodob\u011b udr\u017eet v\u00fdkon f\u00e9nu na maxim\u00e1ln\u00ed \u00farovni. Praktick\u00e9 <strong>poutko na zav\u011b\u0161en\u00ed<\/strong> v\u00e1m zase umo\u017en\u00ed m\u00edt f\u00e9n neust\u00e1le po ruce. A ur\u010dit\u011b ocen\u00edte i <strong>dostate\u010dnou d\u00e9lku p\u0159\u00edvodn\u00edho kabelu (180 cm)<\/strong>, jej\u00ed\u017e z\u00e1sluhou m\u016f\u017eete vysou\u0161e\u010d komfortn\u011b pou\u017e\u00edvat i v prostor\u00e1ch, kde nem\u00e1te z\u00e1suvku p\u0159\u00edmo u zrcadla.<\/p>\n<p>Pohodln\u00e9 uchopen\u00ed f\u00e9nu zaji\u0161\u0165uje jeho <strong>ergonomick\u00fd design<\/strong> (vysou\u0161e\u010d je vyveden v\u00a0klasick\u00e9m <strong>klad\u00edvkov\u00e9m tvaru<\/strong>).<\/p>\n","protected":false},"excerpt":{"rendered":"<p>K pohodln\u00e9mu pou\u017e\u00edv\u00e1n\u00ed tohoto vysou\u0161e\u010de vlas\u016f p\u0159isp\u00edv\u00e1 i odn\u00edmateln\u00e1 m\u0159\u00ed\u017eka vstupu vzduchu, kter\u00e1 usnad\u0148uje \u010di\u0161t\u011bn\u00ed a umo\u017e\u0148uje dlouhodob\u011b udr\u017eet v\u00fdkon f\u00e9nu na maxim\u00e1ln\u00ed \u00farovni. Praktick\u00e9 poutko na zav\u011b\u0161en\u00ed v\u00e1m zase umo\u017en\u00ed m\u00edt f\u00e9n neust\u00e1le po ruce. A ur\u010dit\u011b ocen\u00edte i dostate\u010dnou d\u00e9lku p\u0159\u00edvodn\u00edho kabelu (180 cm), jej\u00ed\u017e z\u00e1sluhou m\u016f\u017eete vysou\u0161e\u010d komfortn\u011b pou\u017e\u00edvat i v prostor\u00e1ch, [&hellip;]<\/p>\n","protected":false},"featured_media":2523337,"template":"","meta":{"_acf_changed":false,"_monsterinsights_skip_tracking":false,"_monsterinsights_sitenote_active":false,"_monsterinsights_sitenote_note":"","_monsterinsights_sitenote_category":0},"product_brand":[],"product_cat":[46055],"product_tag":[],"class_list":{"0":"post-2438843","1":"product","2":"type-product","3":"status-publish","4":"has-post-thumbnail","6":"product_cat-vysousece-vlasu","8":"first","9":"instock","10":"product-type-simple"},"acf":[],"_links":{"self":[{"href":"https:\/\/ecg-electro.eu\/cs\/wp-json\/wp\/v2\/product\/2438843","targetHints":{"allow":["GET"]}}],"collection":[{"href":"https:\/\/ecg-electro.eu\/cs\/wp-json\/wp\/v2\/product"}],"about":[{"href":"https:\/\/ecg-electro.eu\/cs\/wp-json\/wp\/v2\/types\/product"}],"wp:featuredmedia":[{"embeddable":true,"href":"https:\/\/ecg-electro.eu\/cs\/wp-json\/wp\/v2\/media\/2523337"}],"wp:attachment":[{"href":"https:\/\/ecg-electro.eu\/cs\/wp-json\/wp\/v2\/media?parent=2438843"}],"wp:term":[{"taxonomy":"product_brand","embeddable":true,"href":"https:\/\/ecg-electro.eu\/cs\/wp-json\/wp\/v2\/product_brand?post=2438843"},{"taxonomy":"product_cat","embeddable":true,"href":"https:\/\/ecg-electro.eu\/cs\/wp-json\/wp\/v2\/product_cat?post=2438843"},{"taxonomy":"product_tag","embeddable":true,"href":"https:\/\/ecg-electro.eu\/cs\/wp-json\/wp\/v2\/product_tag?post=2438843"}],"curies":[{"name":"wp","href":"https:\/\/api.w.org\/{rel}","templated":true}]}}