{"id":2438842,"date":"2024-06-25T14:08:18","date_gmt":"2024-06-25T12:22:23","guid":{"rendered":"https:\/\/ecg-electro.eu\/?post_type=product&#038;p=2438842"},"modified":"2026-04-08T10:10:10","modified_gmt":"2026-04-08T08:10:10","slug":"ecg-modifica-grigio-piccolo","status":"publish","type":"product","link":"https:\/\/ecg-electro.eu\/cs\/ecg-modifica-grigio-piccolo\/","title":{"rendered":"ECG Modifica Grigio Piccolo"},"content":{"rendered":"<p>Pou\u017e\u00edv\u00e1n\u00ed tohoto vysou\u0161e\u010de vlas\u016f je za v\u0161ech okolnost\u00ed bezpe\u010dn\u00e9, a to i v p\u0159\u00edpad\u011b n\u00e1hl\u00e9ho zablokov\u00e1n\u00ed p\u0159\u00edvodu vzduchu. Je tomu tak z\u00e1sluhou integrovan\u00e9 <strong>pojistky proti p\u0159eh\u0159\u00e1t\u00ed<\/strong>.<\/p>\n<p>F\u00e9n je nav\u00edc navr\u017een tak, aby byl snadno ovladateln\u00fd \u2013 m\u00e1 <strong>ergonomick\u00fd tvar<\/strong> (\u201eklad\u00edvkov\u00fd\u201c) a <strong>dostate\u010dn\u011b dlouh\u00fd p\u0159\u00edvodn\u00ed kabel (180 cm)<\/strong>, kter\u00fd v\u00e1m p\u0159i su\u0161en\u00ed vlas\u016f poskytuje pot\u0159ebnou volnost pohybu. Uskladn\u011bn\u00ed f\u00e9nu v\u00a0dob\u011b ne\u010dinnosti pak usnad\u0148uje praktick\u00e9 <strong>poutko na zav\u011b\u0161en\u00ed<\/strong>.<\/p>\n","protected":false},"excerpt":{"rendered":"<p>Pou\u017e\u00edv\u00e1n\u00ed tohoto vysou\u0161e\u010de vlas\u016f je za v\u0161ech okolnost\u00ed bezpe\u010dn\u00e9, a to i v p\u0159\u00edpad\u011b n\u00e1hl\u00e9ho zablokov\u00e1n\u00ed p\u0159\u00edvodu vzduchu. Je tomu tak z\u00e1sluhou integrovan\u00e9 pojistky proti p\u0159eh\u0159\u00e1t\u00ed. F\u00e9n je nav\u00edc navr\u017een tak, aby byl snadno ovladateln\u00fd \u2013 m\u00e1 ergonomick\u00fd tvar (\u201eklad\u00edvkov\u00fd\u201c) a dostate\u010dn\u011b dlouh\u00fd p\u0159\u00edvodn\u00ed kabel (180 cm), kter\u00fd v\u00e1m p\u0159i su\u0161en\u00ed vlas\u016f poskytuje pot\u0159ebnou volnost [&hellip;]<\/p>\n","protected":false},"featured_media":2523452,"template":"","meta":{"_acf_changed":false,"_monsterinsights_skip_tracking":false,"_monsterinsights_sitenote_active":false,"_monsterinsights_sitenote_note":"","_monsterinsights_sitenote_category":0},"product_brand":[],"product_cat":[46055],"product_tag":[],"class_list":{"0":"post-2438842","1":"product","2":"type-product","3":"status-publish","4":"has-post-thumbnail","6":"product_cat-vysousece-vlasu","8":"first","9":"instock","10":"product-type-simple"},"acf":[],"_links":{"self":[{"href":"https:\/\/ecg-electro.eu\/cs\/wp-json\/wp\/v2\/product\/2438842","targetHints":{"allow":["GET"]}}],"collection":[{"href":"https:\/\/ecg-electro.eu\/cs\/wp-json\/wp\/v2\/product"}],"about":[{"href":"https:\/\/ecg-electro.eu\/cs\/wp-json\/wp\/v2\/types\/product"}],"wp:featuredmedia":[{"embeddable":true,"href":"https:\/\/ecg-electro.eu\/cs\/wp-json\/wp\/v2\/media\/2523452"}],"wp:attachment":[{"href":"https:\/\/ecg-electro.eu\/cs\/wp-json\/wp\/v2\/media?parent=2438842"}],"wp:term":[{"taxonomy":"product_brand","embeddable":true,"href":"https:\/\/ecg-electro.eu\/cs\/wp-json\/wp\/v2\/product_brand?post=2438842"},{"taxonomy":"product_cat","embeddable":true,"href":"https:\/\/ecg-electro.eu\/cs\/wp-json\/wp\/v2\/product_cat?post=2438842"},{"taxonomy":"product_tag","embeddable":true,"href":"https:\/\/ecg-electro.eu\/cs\/wp-json\/wp\/v2\/product_tag?post=2438842"}],"curies":[{"name":"wp","href":"https:\/\/api.w.org\/{rel}","templated":true}]}}