{"id":2438840,"date":"2024-06-25T14:08:08","date_gmt":"2024-06-25T12:22:22","guid":{"rendered":"https:\/\/ecg-electro.eu\/?post_type=product&#038;p=2438840"},"modified":"2026-04-22T10:56:08","modified_gmt":"2026-04-22T08:56:08","slug":"ecg-modifica-chiara","status":"publish","type":"product","link":"https:\/\/ecg-electro.eu\/cs\/ecg-modifica-chiara\/","title":{"rendered":"ECG Modifica Chiara"},"content":{"rendered":"<p>D\u00edky <strong>vestav\u011bn\u00e9mu ioniz\u00e1toru<\/strong> je tento f\u00e9n p\u0159i vysou\u0161en\u00ed vlas\u016f velice efektivn\u00ed \u2013 pracuje rychleji, zabra\u0148uje po\u0161kozen\u00ed vlas\u016f a p\u0159in\u00e1\u0161\u00ed jim lep\u0161\u00ed vzhled. Zkr\u00e1tka va\u0161e vlasy <strong>\u00fa\u010dinn\u011b vysu\u0161\u00ed, ale \u201enep\u0159esu\u0161\u00ed\u201c<\/strong>.<\/p>\n<p>Ioniz\u00e1tor toti\u017e <strong>sni\u017euje statickou elekt\u0159inu<\/strong>, d\u00edky \u010demu\u017e se pak daj\u00ed vlasy sn\u00e1ze \u010desat. Krom\u011b toho p\u0159isp\u00edv\u00e1 ke <strong>spr\u00e1vn\u00e9 \u010dinnosti ochrann\u00e9 vrstvy<\/strong> vlas\u016f, co\u017e zabra\u0148uje jejich po\u0161kozen\u00ed a z\u00e1rove\u0148 zvy\u0161uje lesk a hebkost va\u0161eho \u00fa\u010desu. A v\u00a0neposledn\u00ed \u0159ad\u011b ionizace pom\u00e1h\u00e1 udr\u017eovat va\u0161e vlasy <strong>spr\u00e1vn\u011b hydratovan\u00e9 a zdrav\u00e9<\/strong>.<\/p>\n","protected":false},"excerpt":{"rendered":"<p>D\u00edky vestav\u011bn\u00e9mu ioniz\u00e1toru je tento f\u00e9n p\u0159i vysou\u0161en\u00ed vlas\u016f velice efektivn\u00ed \u2013 pracuje rychleji, zabra\u0148uje po\u0161kozen\u00ed vlas\u016f a p\u0159in\u00e1\u0161\u00ed jim lep\u0161\u00ed vzhled. Zkr\u00e1tka va\u0161e vlasy \u00fa\u010dinn\u011b vysu\u0161\u00ed, ale \u201enep\u0159esu\u0161\u00ed\u201c. Ioniz\u00e1tor toti\u017e sni\u017euje statickou elekt\u0159inu, d\u00edky \u010demu\u017e se pak daj\u00ed vlasy sn\u00e1ze \u010desat. Krom\u011b toho p\u0159isp\u00edv\u00e1 ke spr\u00e1vn\u00e9 \u010dinnosti ochrann\u00e9 vrstvy vlas\u016f, co\u017e zabra\u0148uje jejich po\u0161kozen\u00ed [&hellip;]<\/p>\n","protected":false},"featured_media":2440789,"template":"","meta":{"_acf_changed":false,"_monsterinsights_skip_tracking":false,"_monsterinsights_sitenote_active":false,"_monsterinsights_sitenote_note":"","_monsterinsights_sitenote_category":0},"product_brand":[],"product_cat":[46055],"product_tag":[],"class_list":{"0":"post-2438840","1":"product","2":"type-product","3":"status-publish","4":"has-post-thumbnail","6":"product_cat-vysousece-vlasu","8":"first","9":"instock","10":"product-type-simple"},"acf":[],"_links":{"self":[{"href":"https:\/\/ecg-electro.eu\/cs\/wp-json\/wp\/v2\/product\/2438840","targetHints":{"allow":["GET"]}}],"collection":[{"href":"https:\/\/ecg-electro.eu\/cs\/wp-json\/wp\/v2\/product"}],"about":[{"href":"https:\/\/ecg-electro.eu\/cs\/wp-json\/wp\/v2\/types\/product"}],"wp:featuredmedia":[{"embeddable":true,"href":"https:\/\/ecg-electro.eu\/cs\/wp-json\/wp\/v2\/media\/2440789"}],"wp:attachment":[{"href":"https:\/\/ecg-electro.eu\/cs\/wp-json\/wp\/v2\/media?parent=2438840"}],"wp:term":[{"taxonomy":"product_brand","embeddable":true,"href":"https:\/\/ecg-electro.eu\/cs\/wp-json\/wp\/v2\/product_brand?post=2438840"},{"taxonomy":"product_cat","embeddable":true,"href":"https:\/\/ecg-electro.eu\/cs\/wp-json\/wp\/v2\/product_cat?post=2438840"},{"taxonomy":"product_tag","embeddable":true,"href":"https:\/\/ecg-electro.eu\/cs\/wp-json\/wp\/v2\/product_tag?post=2438840"}],"curies":[{"name":"wp","href":"https:\/\/api.w.org\/{rel}","templated":true}]}}