{"id":2438837,"date":"2024-06-25T14:04:34","date_gmt":"2024-06-25T12:16:23","guid":{"rendered":"https:\/\/ecg-electro.eu\/?post_type=product&#038;p=2438837"},"modified":"2026-04-22T10:32:27","modified_gmt":"2026-04-22T08:32:27","slug":"ecg-rm-800","status":"publish","type":"product","link":"https:\/\/ecg-electro.eu\/cs\/ecg-rm-800\/","title":{"rendered":"ECG RM 800"},"content":{"rendered":"<p>K\u00a0ty\u010dov\u00e9mu mix\u00e9ru ECG RM 800 od n\u00e1s dostanete i sadu praktick\u00e9ho p\u0159\u00edslu\u0161enstv\u00ed, kter\u00e9 pole p\u016fsobnosti tohoto \u0161ikovn\u00e9ho kuchy\u0148sk\u00e9ho pomocn\u00edka v\u00fdrazn\u011b roz\u0161i\u0159uje. Vyu\u017e\u00edvat m\u016f\u017eete <strong>sek\u00e1\u010dek zeleniny<\/strong> s n\u00e1dobou o objemu 500 ml. Tak\u00e9 zde m\u00e1te k\u00a0dispozici <strong>dv\u011b \u0161lehac\u00ed metly<\/strong> (dvojitou a dr\u00e1t\u011bnou). A samoz\u0159ejm\u011b nechyb\u00ed ani mixovac\u00ed <strong>n\u00e1doba<\/strong> \u2013 jej\u00ed objem je dostate\u010dn\u00fdch 600 ml.<\/p>\n","protected":false},"excerpt":{"rendered":"<p>K\u00a0ty\u010dov\u00e9mu mix\u00e9ru ECG RM 800 od n\u00e1s dostanete i sadu praktick\u00e9ho p\u0159\u00edslu\u0161enstv\u00ed, kter\u00e9 pole p\u016fsobnosti tohoto \u0161ikovn\u00e9ho kuchy\u0148sk\u00e9ho pomocn\u00edka v\u00fdrazn\u011b roz\u0161i\u0159uje. Vyu\u017e\u00edvat m\u016f\u017eete sek\u00e1\u010dek zeleniny s n\u00e1dobou o objemu 500 ml. Tak\u00e9 zde m\u00e1te k\u00a0dispozici dv\u011b \u0161lehac\u00ed metly (dvojitou a dr\u00e1t\u011bnou). A samoz\u0159ejm\u011b nechyb\u00ed ani mixovac\u00ed n\u00e1doba \u2013 jej\u00ed objem je dostate\u010dn\u00fdch 600 ml.<\/p>\n","protected":false},"featured_media":2439760,"template":"","meta":{"_acf_changed":false,"_monsterinsights_skip_tracking":false,"_monsterinsights_sitenote_active":false,"_monsterinsights_sitenote_note":"","_monsterinsights_sitenote_category":0},"product_brand":[],"product_cat":[44700],"product_tag":[],"class_list":{"0":"post-2438837","1":"product","2":"type-product","3":"status-publish","4":"has-post-thumbnail","6":"product_cat-tycove-mixery","8":"first","9":"instock","10":"product-type-simple"},"acf":[],"_links":{"self":[{"href":"https:\/\/ecg-electro.eu\/cs\/wp-json\/wp\/v2\/product\/2438837","targetHints":{"allow":["GET"]}}],"collection":[{"href":"https:\/\/ecg-electro.eu\/cs\/wp-json\/wp\/v2\/product"}],"about":[{"href":"https:\/\/ecg-electro.eu\/cs\/wp-json\/wp\/v2\/types\/product"}],"wp:featuredmedia":[{"embeddable":true,"href":"https:\/\/ecg-electro.eu\/cs\/wp-json\/wp\/v2\/media\/2439760"}],"wp:attachment":[{"href":"https:\/\/ecg-electro.eu\/cs\/wp-json\/wp\/v2\/media?parent=2438837"}],"wp:term":[{"taxonomy":"product_brand","embeddable":true,"href":"https:\/\/ecg-electro.eu\/cs\/wp-json\/wp\/v2\/product_brand?post=2438837"},{"taxonomy":"product_cat","embeddable":true,"href":"https:\/\/ecg-electro.eu\/cs\/wp-json\/wp\/v2\/product_cat?post=2438837"},{"taxonomy":"product_tag","embeddable":true,"href":"https:\/\/ecg-electro.eu\/cs\/wp-json\/wp\/v2\/product_tag?post=2438837"}],"curies":[{"name":"wp","href":"https:\/\/api.w.org\/{rel}","templated":true}]}}