{"id":2429089,"date":"2024-05-24T13:30:49","date_gmt":"2024-05-24T11:44:13","guid":{"rendered":"https:\/\/ecg-electro.eu\/?post_type=product&#038;p=2429089"},"modified":"2026-04-27T10:28:38","modified_gmt":"2026-04-27T08:28:38","slug":"ecg-mr-fanboy","status":"publish","type":"product","link":"https:\/\/ecg-electro.eu\/cs\/ecg-mrfanboy\/","title":{"rendered":"ECG Mr.Fanboy"},"content":{"rendered":"<p>ECG Mr. Fanboy poh\u00e1n\u00ed kvalitn\u00ed <strong>DC motor<\/strong>, kter\u00fd je z\u00e1rukou spolehliv\u00e9ho provozu. Na p\u0159\u00edstroji nav\u00edc ur\u010dit\u011b ocen\u00edte i <strong>tich\u00fd chod<\/strong>, d\u00edky n\u011bmu\u017e v\u00e1s ventil\u00e1tor sv\u00fdm chodem p\u0159i \u017e\u00e1dn\u00e9 \u010dinnosti zbyte\u010dn\u011b neru\u0161\u00ed.<\/p>\n<p>Jmenovit\u00fd p\u0159\u00edkon tohoto ventil\u00e1toru se zvlh\u010dova\u010dem \u010din\u00ed <strong>42 W<\/strong> a jeho jmenovit\u00e9 nap\u011bt\u00ed je standardn\u00edch <strong>220\u2013240 V<\/strong> (50\u201360 Hz).<\/p>\n","protected":false},"excerpt":{"rendered":"<p>ECG Mr. Fanboy poh\u00e1n\u00ed kvalitn\u00ed DC motor, kter\u00fd je z\u00e1rukou spolehliv\u00e9ho provozu. Na p\u0159\u00edstroji nav\u00edc ur\u010dit\u011b ocen\u00edte i tich\u00fd chod, d\u00edky n\u011bmu\u017e v\u00e1s ventil\u00e1tor sv\u00fdm chodem p\u0159i \u017e\u00e1dn\u00e9 \u010dinnosti zbyte\u010dn\u011b neru\u0161\u00ed. Jmenovit\u00fd p\u0159\u00edkon tohoto ventil\u00e1toru se zvlh\u010dova\u010dem \u010din\u00ed 42 W a jeho jmenovit\u00e9 nap\u011bt\u00ed je standardn\u00edch 220\u2013240 V (50\u201360 Hz).<\/p>\n","protected":false},"featured_media":2430099,"template":"","meta":{"_acf_changed":false,"_monsterinsights_skip_tracking":false,"_monsterinsights_sitenote_active":false,"_monsterinsights_sitenote_note":"","_monsterinsights_sitenote_category":0},"product_brand":[],"product_cat":[45736,45752,45526,45472],"product_tag":[],"class_list":{"0":"post-2429089","1":"product","2":"type-product","3":"status-publish","4":"has-post-thumbnail","6":"product_cat-ventilatory","7":"product_cat-stojanove-ventilatory","8":"product_cat-ochlazovace-vzduchu","9":"product_cat-spotrebice-pro-domacnost","11":"first","12":"instock","13":"product-type-simple"},"acf":[],"_links":{"self":[{"href":"https:\/\/ecg-electro.eu\/cs\/wp-json\/wp\/v2\/product\/2429089","targetHints":{"allow":["GET"]}}],"collection":[{"href":"https:\/\/ecg-electro.eu\/cs\/wp-json\/wp\/v2\/product"}],"about":[{"href":"https:\/\/ecg-electro.eu\/cs\/wp-json\/wp\/v2\/types\/product"}],"wp:featuredmedia":[{"embeddable":true,"href":"https:\/\/ecg-electro.eu\/cs\/wp-json\/wp\/v2\/media\/2430099"}],"wp:attachment":[{"href":"https:\/\/ecg-electro.eu\/cs\/wp-json\/wp\/v2\/media?parent=2429089"}],"wp:term":[{"taxonomy":"product_brand","embeddable":true,"href":"https:\/\/ecg-electro.eu\/cs\/wp-json\/wp\/v2\/product_brand?post=2429089"},{"taxonomy":"product_cat","embeddable":true,"href":"https:\/\/ecg-electro.eu\/cs\/wp-json\/wp\/v2\/product_cat?post=2429089"},{"taxonomy":"product_tag","embeddable":true,"href":"https:\/\/ecg-electro.eu\/cs\/wp-json\/wp\/v2\/product_tag?post=2429089"}],"curies":[{"name":"wp","href":"https:\/\/api.w.org\/{rel}","templated":true}]}}