{"id":2429086,"date":"2024-05-24T13:24:30","date_gmt":"2024-05-24T11:34:32","guid":{"rendered":"https:\/\/ecg-electro.eu\/?post_type=product&#038;p=2429086"},"modified":"2026-04-11T10:24:09","modified_gmt":"2026-04-11T08:24:09","slug":"ecg-b-tone-7100-bigfoot","status":"publish","type":"product","link":"https:\/\/ecg-electro.eu\/cs\/ecg-btone-7100-bigfoot\/","title":{"rendered":"ECG B.TONE 7100 Bigfoot"},"content":{"rendered":"<div style=\"width: 800px;\" class=\"wp-video\"><video class=\"wp-video-shortcode\" id=\"video-2429086-1\" width=\"800\" height=\"422\" preload=\"metadata\" controls=\"controls\"><source type=\"video\/mp4\" src=\"https:\/\/ecg-electro.eu\/wp-content\/uploads\/2024\/05\/bigfoot.mp4?_=1\" \/><a href=\"https:\/\/ecg-electro.eu\/wp-content\/uploads\/2024\/05\/bigfoot.mp4\">https:\/\/ecg-electro.eu\/wp-content\/uploads\/2024\/05\/bigfoot.mp4<\/a><\/video><\/div>\n<p>Reproduktor ECG B.TONE 7100 BIGFOOT si zamilujete i pro jeho design. Ocen\u00edte na n\u011bm <strong>elegantn\u00ed tvary<\/strong>, praktick\u00e9 <strong>madlo<\/strong> na p\u0159en\u00e1\u0161en\u00ed a v\u00a0neposledn\u00ed \u0159ad\u011b tak\u00e9 stylov\u00e9<strong> sv\u011bteln\u00e9 LED efekty<\/strong>, kter\u00e9 jsou um\u00edst\u011bny na boc\u00edch p\u0159\u00edstroje.<\/p>\n<p>Obsluhu p\u0159\u00edstroje zvl\u00e1dnete levou zadn\u00ed d\u00edky <strong>jednoduch\u00fdm ovl\u00e1dac\u00edm prvk\u016fm<\/strong> a <strong>hlasov\u00e9mu pr\u016fvodci<\/strong>, kter\u00fd v\u00e1s informuje o v\u0161em podstatn\u00e9m.<\/p>\n","protected":false},"excerpt":{"rendered":"<p>Reproduktor ECG B.TONE 7100 BIGFOOT si zamilujete i pro jeho design. Ocen\u00edte na n\u011bm elegantn\u00ed tvary, praktick\u00e9 madlo na p\u0159en\u00e1\u0161en\u00ed a v\u00a0neposledn\u00ed \u0159ad\u011b tak\u00e9 stylov\u00e9 sv\u011bteln\u00e9 LED efekty, kter\u00e9 jsou um\u00edst\u011bny na boc\u00edch p\u0159\u00edstroje. Obsluhu p\u0159\u00edstroje zvl\u00e1dnete levou zadn\u00ed d\u00edky jednoduch\u00fdm ovl\u00e1dac\u00edm prvk\u016fm a hlasov\u00e9mu pr\u016fvodci, kter\u00fd v\u00e1s informuje o v\u0161em podstatn\u00e9m.<\/p>\n","protected":false},"featured_media":2430715,"template":"","meta":{"_acf_changed":false,"_monsterinsights_skip_tracking":false,"_monsterinsights_sitenote_active":false,"_monsterinsights_sitenote_note":"","_monsterinsights_sitenote_category":0},"product_brand":[],"product_cat":[44119],"product_tag":[],"class_list":{"0":"post-2429086","1":"product","2":"type-product","3":"status-publish","4":"has-post-thumbnail","6":"product_cat-bezdratove-reproduktory","8":"first","9":"instock","10":"product-type-simple"},"acf":[],"_links":{"self":[{"href":"https:\/\/ecg-electro.eu\/cs\/wp-json\/wp\/v2\/product\/2429086","targetHints":{"allow":["GET"]}}],"collection":[{"href":"https:\/\/ecg-electro.eu\/cs\/wp-json\/wp\/v2\/product"}],"about":[{"href":"https:\/\/ecg-electro.eu\/cs\/wp-json\/wp\/v2\/types\/product"}],"wp:featuredmedia":[{"embeddable":true,"href":"https:\/\/ecg-electro.eu\/cs\/wp-json\/wp\/v2\/media\/2430715"}],"wp:attachment":[{"href":"https:\/\/ecg-electro.eu\/cs\/wp-json\/wp\/v2\/media?parent=2429086"}],"wp:term":[{"taxonomy":"product_brand","embeddable":true,"href":"https:\/\/ecg-electro.eu\/cs\/wp-json\/wp\/v2\/product_brand?post=2429086"},{"taxonomy":"product_cat","embeddable":true,"href":"https:\/\/ecg-electro.eu\/cs\/wp-json\/wp\/v2\/product_cat?post=2429086"},{"taxonomy":"product_tag","embeddable":true,"href":"https:\/\/ecg-electro.eu\/cs\/wp-json\/wp\/v2\/product_tag?post=2429086"}],"curies":[{"name":"wp","href":"https:\/\/api.w.org\/{rel}","templated":true}]}}