{"id":2417863,"date":"2024-04-26T17:06:16","date_gmt":"2024-04-26T15:19:18","guid":{"rendered":"https:\/\/ecg-electro.eu\/?post_type=product&#038;p=2417863"},"modified":"2026-04-23T10:56:53","modified_gmt":"2026-04-23T08:56:53","slug":"vp-s1050-charles","status":"publish","type":"product","link":"https:\/\/ecg-electro.eu\/cs\/vp-s1050-charles\/","title":{"rendered":"ECG VP S1050  Charles"},"content":{"rendered":"<p>Robustn\u00ed <strong>pogumovan\u00e1 pojezdov\u00e1 kola<\/strong> zaji\u0161\u0165uj\u00ed plynul\u00fd pohyb vysava\u010de po v\u0161ech typech podlah, ani\u017e by je po\u0161kodila. Samoz\u0159ejmou v\u00fdbavou vysava\u010de je pak i bezpe\u010dnostn\u00ed <strong>pojistka proti p\u0159eh\u0159\u00e1t\u00ed<\/strong>, kter\u00e1 chr\u00e1n\u00ed motor a prodlu\u017euje \u017eivotnost spot\u0159ebi\u010de.<\/p>\n<p>Podlahov\u00fd vysava\u010d ECG VP S1050 Charles je zkr\u00e1tka neoceniteln\u00fdm pomocn\u00edkem v ka\u017edodenn\u00edm boji proti prachu a ne\u010distot\u00e1m. A\u0165 u\u017e luxujete po sn\u00eddani, ukl\u00edz\u00edte po d\u011btech, nebo se chyst\u00e1te na velk\u00fd v\u00edkendov\u00fd \u00faklid, tento spot\u0159ebi\u010d v\u00e1m v\u017edycky poskytne spolehliv\u00fd a efektivn\u00ed v\u00fdkon.<\/p>\n","protected":false},"excerpt":{"rendered":"<p>Robustn\u00ed pogumovan\u00e1 pojezdov\u00e1 kola zaji\u0161\u0165uj\u00ed plynul\u00fd pohyb vysava\u010de po v\u0161ech typech podlah, ani\u017e by je po\u0161kodila. Samoz\u0159ejmou v\u00fdbavou vysava\u010de je pak i bezpe\u010dnostn\u00ed pojistka proti p\u0159eh\u0159\u00e1t\u00ed, kter\u00e1 chr\u00e1n\u00ed motor a prodlu\u017euje \u017eivotnost spot\u0159ebi\u010de. Podlahov\u00fd vysava\u010d ECG VP S1050 Charles je zkr\u00e1tka neoceniteln\u00fdm pomocn\u00edkem v ka\u017edodenn\u00edm boji proti prachu a ne\u010distot\u00e1m. A\u0165 u\u017e luxujete po sn\u00eddani, [&hellip;]<\/p>\n","protected":false},"featured_media":2448878,"template":"","meta":{"_acf_changed":false,"_monsterinsights_skip_tracking":false,"_monsterinsights_sitenote_active":false,"_monsterinsights_sitenote_note":"","_monsterinsights_sitenote_category":0},"product_brand":[],"product_cat":[45584],"product_tag":[46627],"class_list":{"0":"post-2417863","1":"product","2":"type-product","3":"status-publish","4":"has-post-thumbnail","6":"product_cat-sackove-vysavace","7":"product_tag-zaruka-3","9":"first","10":"instock","11":"product-type-simple"},"acf":[],"_links":{"self":[{"href":"https:\/\/ecg-electro.eu\/cs\/wp-json\/wp\/v2\/product\/2417863","targetHints":{"allow":["GET"]}}],"collection":[{"href":"https:\/\/ecg-electro.eu\/cs\/wp-json\/wp\/v2\/product"}],"about":[{"href":"https:\/\/ecg-electro.eu\/cs\/wp-json\/wp\/v2\/types\/product"}],"wp:featuredmedia":[{"embeddable":true,"href":"https:\/\/ecg-electro.eu\/cs\/wp-json\/wp\/v2\/media\/2448878"}],"wp:attachment":[{"href":"https:\/\/ecg-electro.eu\/cs\/wp-json\/wp\/v2\/media?parent=2417863"}],"wp:term":[{"taxonomy":"product_brand","embeddable":true,"href":"https:\/\/ecg-electro.eu\/cs\/wp-json\/wp\/v2\/product_brand?post=2417863"},{"taxonomy":"product_cat","embeddable":true,"href":"https:\/\/ecg-electro.eu\/cs\/wp-json\/wp\/v2\/product_cat?post=2417863"},{"taxonomy":"product_tag","embeddable":true,"href":"https:\/\/ecg-electro.eu\/cs\/wp-json\/wp\/v2\/product_tag?post=2417863"}],"curies":[{"name":"wp","href":"https:\/\/api.w.org\/{rel}","templated":true}]}}