{"id":2417644,"date":"2024-04-25T17:21:27","date_gmt":"2024-04-25T15:34:10","guid":{"rendered":"https:\/\/ecg-electro.eu\/?post_type=product&#038;p=2417644"},"modified":"2026-04-08T10:10:16","modified_gmt":"2026-04-08T08:10:16","slug":"ff-45-ventus","status":"publish","type":"product","link":"https:\/\/ecg-electro.eu\/cs\/ff-45-ventus\/","title":{"rendered":"ECG FF 45 Ventus"},"content":{"rendered":"<p>S\u00a0obsluhou podlahov\u00e9ho ventil\u00e1toru ECG FF 45 Ventus si hrav\u011b porad\u00ed \u00fapln\u011b ka\u017ed\u00fd. Jeho bezprobl\u00e9mov\u00e9 fungov\u00e1n\u00ed toti\u017e m\u00e1te za v\u0161ech okolnost\u00ed pod palcem z\u00e1sluhou jednoduch\u00e9ho <strong>ovl\u00e1dac\u00edho panelu s\u00a0tla\u010d\u00edtky<\/strong>, kter\u00fd se nach\u00e1z\u00ed v horn\u00ed \u010d\u00e1sti zadn\u00edho krytu.<\/p>\n<p>Bezpe\u010dn\u00fd provoz tomuto p\u0159\u00edstroji zaru\u010duje speci\u00e1ln\u00ed <strong>bezpe\u010dnostn\u00ed m\u0159\u00ed\u017eka<\/strong> \u010di nezbytn\u00e1 <strong>pojistka proti p\u0159eh\u0159\u00e1t\u00ed<\/strong>.<\/p>\n","protected":false},"excerpt":{"rendered":"<p>S\u00a0obsluhou podlahov\u00e9ho ventil\u00e1toru ECG FF 45 Ventus si hrav\u011b porad\u00ed \u00fapln\u011b ka\u017ed\u00fd. Jeho bezprobl\u00e9mov\u00e9 fungov\u00e1n\u00ed toti\u017e m\u00e1te za v\u0161ech okolnost\u00ed pod palcem z\u00e1sluhou jednoduch\u00e9ho ovl\u00e1dac\u00edho panelu s\u00a0tla\u010d\u00edtky, kter\u00fd se nach\u00e1z\u00ed v horn\u00ed \u010d\u00e1sti zadn\u00edho krytu. Bezpe\u010dn\u00fd provoz tomuto p\u0159\u00edstroji zaru\u010duje speci\u00e1ln\u00ed bezpe\u010dnostn\u00ed m\u0159\u00ed\u017eka \u010di nezbytn\u00e1 pojistka proti p\u0159eh\u0159\u00e1t\u00ed.<\/p>\n","protected":false},"featured_media":2418346,"template":"","meta":{"_acf_changed":false,"_monsterinsights_skip_tracking":false,"_monsterinsights_sitenote_active":false,"_monsterinsights_sitenote_note":"","_monsterinsights_sitenote_category":0},"product_brand":[],"product_cat":[45752],"product_tag":[],"class_list":{"0":"post-2417644","1":"product","2":"type-product","3":"status-publish","4":"has-post-thumbnail","6":"product_cat-stojanove-ventilatory","8":"first","9":"instock","10":"product-type-simple"},"acf":[],"_links":{"self":[{"href":"https:\/\/ecg-electro.eu\/cs\/wp-json\/wp\/v2\/product\/2417644","targetHints":{"allow":["GET"]}}],"collection":[{"href":"https:\/\/ecg-electro.eu\/cs\/wp-json\/wp\/v2\/product"}],"about":[{"href":"https:\/\/ecg-electro.eu\/cs\/wp-json\/wp\/v2\/types\/product"}],"wp:featuredmedia":[{"embeddable":true,"href":"https:\/\/ecg-electro.eu\/cs\/wp-json\/wp\/v2\/media\/2418346"}],"wp:attachment":[{"href":"https:\/\/ecg-electro.eu\/cs\/wp-json\/wp\/v2\/media?parent=2417644"}],"wp:term":[{"taxonomy":"product_brand","embeddable":true,"href":"https:\/\/ecg-electro.eu\/cs\/wp-json\/wp\/v2\/product_brand?post=2417644"},{"taxonomy":"product_cat","embeddable":true,"href":"https:\/\/ecg-electro.eu\/cs\/wp-json\/wp\/v2\/product_cat?post=2417644"},{"taxonomy":"product_tag","embeddable":true,"href":"https:\/\/ecg-electro.eu\/cs\/wp-json\/wp\/v2\/product_tag?post=2417644"}],"curies":[{"name":"wp","href":"https:\/\/api.w.org\/{rel}","templated":true}]}}