{"id":2410292,"date":"2024-02-19T15:37:57","date_gmt":"2024-02-19T14:53:13","guid":{"rendered":"https:\/\/ecg-electro.eu\/?post_type=product&#038;p=2410292"},"modified":"2026-04-03T10:10:08","modified_gmt":"2026-04-03T08:10:08","slug":"ecg-erb-21701-we","status":"publish","type":"product","link":"https:\/\/ecg-electro.eu\/cs\/ecg-erb-21701-we\/","title":{"rendered":"ECG ERB 21701 WE"},"content":{"rendered":"<p>Lednice je vybavena \u0159adou vychyt\u00e1vek tak, aby bylo dosa\u017eeno co nejv\u011bt\u0161\u00edho komfortu. Jedn\u00e1 se nap\u0159\u00edklad o &lt;strong&gt;LED osv\u011btlen\u00ed,&lt;\/strong&gt; d\u00edky kter\u00e9mu budete m\u00edt perfektn\u00ed p\u0159ehled o ve\u0161ker\u00fdch ulo\u017een\u00fdch potravin\u00e1ch. U\u017e tak nebudete muset nikdy hledat po hmatu, kdy\u017e zrovna dostanete chu\u0165 na p\u016flno\u010dn\u00ed sva\u010dinku.<\/p>\n<p>Tento model tak\u00e9 disponuje funkc\u00ed <strong>rychl\u00e9ho mra\u017een\u00ed<\/strong>, kter\u00e1 umo\u017e\u0148uje rychleji dos\u00e1hnout ni\u017e\u0161\u00edch teplot a efektivn\u011b tak zmrazit potraviny, \u010d\u00edm\u017e se zvy\u0161uje jejich trvanlivost a zachov\u00e1v\u00e1 se jejich kvalita.<br \/>\nRe\u017eim lze aktivovat p\u0159epnut\u00edm na SF. Tento re\u017eim umo\u017e\u0148uje chlad\u00edc\u00edmu prostoru chladit na ni\u017e\u0161\u00ed teplotu, ne\u017e je norm\u00e1ln\u00ed teplota, a prodlu\u017euje provoz kompresoru.<\/p>\n<p>Jist\u011b ocen\u00edte tak\u00e9 mo\u017enost v\u00fdm\u011bny sm\u011bru otev\u00edr\u00e1n\u00ed dve\u0159\u00ed. Pokud v\u00e1s tedy u\u017e roz\u010diluje, \u017ee otv\u00edr\u00e1te lednici p\u0159es ruku, pak v\u011bzte, \u017ee u\u017e nemus\u00edte!<\/p>\n","protected":false},"excerpt":{"rendered":"<p>Lednice je vybavena \u0159adou vychyt\u00e1vek tak, aby bylo dosa\u017eeno co nejv\u011bt\u0161\u00edho komfortu. Jedn\u00e1 se nap\u0159\u00edklad o &lt;strong&gt;LED osv\u011btlen\u00ed,&lt;\/strong&gt; d\u00edky kter\u00e9mu budete m\u00edt perfektn\u00ed p\u0159ehled o ve\u0161ker\u00fdch ulo\u017een\u00fdch potravin\u00e1ch. U\u017e tak nebudete muset nikdy hledat po hmatu, kdy\u017e zrovna dostanete chu\u0165 na p\u016flno\u010dn\u00ed sva\u010dinku. Tento model tak\u00e9 disponuje funkc\u00ed rychl\u00e9ho mra\u017een\u00ed, kter\u00e1 umo\u017e\u0148uje rychleji dos\u00e1hnout ni\u017e\u0161\u00edch [&hellip;]<\/p>\n","protected":false},"featured_media":2019134,"template":"","meta":{"_acf_changed":false,"_monsterinsights_skip_tracking":false,"_monsterinsights_sitenote_active":false,"_monsterinsights_sitenote_note":"","_monsterinsights_sitenote_category":0},"product_cat":[45318],"product_tag":[3761],"class_list":{"0":"post-2410292","1":"product","2":"type-product","3":"status-publish","4":"has-post-thumbnail","6":"product_cat-kombinovane-chladnicky","7":"product_tag-zaruka","9":"first","10":"instock","11":"product-type-simple"},"acf":[],"_links":{"self":[{"href":"https:\/\/ecg-electro.eu\/cs\/wp-json\/wp\/v2\/product\/2410292","targetHints":{"allow":["GET"]}}],"collection":[{"href":"https:\/\/ecg-electro.eu\/cs\/wp-json\/wp\/v2\/product"}],"about":[{"href":"https:\/\/ecg-electro.eu\/cs\/wp-json\/wp\/v2\/types\/product"}],"wp:featuredmedia":[{"embeddable":true,"href":"https:\/\/ecg-electro.eu\/cs\/wp-json\/wp\/v2\/media\/2019134"}],"wp:attachment":[{"href":"https:\/\/ecg-electro.eu\/cs\/wp-json\/wp\/v2\/media?parent=2410292"}],"wp:term":[{"taxonomy":"product_cat","embeddable":true,"href":"https:\/\/ecg-electro.eu\/cs\/wp-json\/wp\/v2\/product_cat?post=2410292"},{"taxonomy":"product_tag","embeddable":true,"href":"https:\/\/ecg-electro.eu\/cs\/wp-json\/wp\/v2\/product_tag?post=2410292"}],"curies":[{"name":"wp","href":"https:\/\/api.w.org\/{rel}","templated":true}]}}