{"id":2408839,"date":"2024-01-18T16:41:37","date_gmt":"2024-01-18T15:50:44","guid":{"rendered":"https:\/\/ecg-electro.eu\/?post_type=product&#038;p=2408839"},"modified":"2026-04-08T10:08:25","modified_gmt":"2026-04-08T08:08:25","slug":"ecg-b-bold-7200-intero-white","status":"publish","type":"product","link":"https:\/\/ecg-electro.eu\/cs\/bbold-7200-intero-white\/","title":{"rendered":"ECG B.BOLD 7200 Intero White"},"content":{"rendered":"<p>Proto\u017ee tento p\u0159\u00edstroj nab\u00edz\u00ed i <strong>bud\u00edk <\/strong>a <strong>\u010dasova\u010d vypnut\u00ed<\/strong>, m\u016f\u017eete se s\u00a0n\u00edm probouzet i us\u00ednat. P\u0159ed span\u00edm m\u00e1te mo\u017enost poslouchat r\u00e1dio a spolehnout se na to, \u017ee se za\u0159\u00edzen\u00ed samo po uplynut\u00ed nastaven\u00e9 doby vypne. R\u00e1no v\u00e1s zase m\u016f\u017ee probouzet bu\u010f klasick\u00fd <strong>bzu\u010d\u00e1k, nebo vys\u00edl\u00e1n\u00ed<\/strong> va\u0161\u00ed obl\u00edben\u00e9 rozhlasov\u00e9 stanice. Funkce bud\u00edku p\u0159itom umo\u017e\u0148uje i nastaven\u00ed <strong>dvou \u010das\u016f buzen\u00ed<\/strong>, tak\u017ee m\u016f\u017ee probouzet v\u00e1s i va\u0161eho partnera \u010di partnerku.<\/p>\n<p>Praktick\u00e1 je i <strong>funkce odpo\u010d\u00edt\u00e1v\u00e1n\u00ed<\/strong>, d\u00edky n\u00ed\u017e neztrat\u00edte pojem o \u010dase. Upozorn\u00ed v\u00e1s toti\u017e, \u017ee uplynula doba, kterou jste si nastavili.<\/p>\n","protected":false},"excerpt":{"rendered":"<p>Proto\u017ee tento p\u0159\u00edstroj nab\u00edz\u00ed i bud\u00edk a \u010dasova\u010d vypnut\u00ed, m\u016f\u017eete se s\u00a0n\u00edm probouzet i us\u00ednat. P\u0159ed span\u00edm m\u00e1te mo\u017enost poslouchat r\u00e1dio a spolehnout se na to, \u017ee se za\u0159\u00edzen\u00ed samo po uplynut\u00ed nastaven\u00e9 doby vypne. R\u00e1no v\u00e1s zase m\u016f\u017ee probouzet bu\u010f klasick\u00fd bzu\u010d\u00e1k, nebo vys\u00edl\u00e1n\u00ed va\u0161\u00ed obl\u00edben\u00e9 rozhlasov\u00e9 stanice. Funkce bud\u00edku p\u0159itom umo\u017e\u0148uje i nastaven\u00ed [&hellip;]<\/p>\n","protected":false},"featured_media":2411557,"template":"","meta":{"_acf_changed":false,"_monsterinsights_skip_tracking":false,"_monsterinsights_sitenote_active":false,"_monsterinsights_sitenote_note":"","_monsterinsights_sitenote_category":0},"product_brand":[],"product_cat":[46707,44234],"product_tag":[],"class_list":{"0":"post-2408839","1":"product","2":"type-product","3":"status-publish","4":"has-post-thumbnail","6":"product_cat-internetove-radia","7":"product_cat-prenosna-radia-audio-domaci-zabava","9":"first","10":"instock","11":"product-type-simple"},"acf":[],"_links":{"self":[{"href":"https:\/\/ecg-electro.eu\/cs\/wp-json\/wp\/v2\/product\/2408839","targetHints":{"allow":["GET"]}}],"collection":[{"href":"https:\/\/ecg-electro.eu\/cs\/wp-json\/wp\/v2\/product"}],"about":[{"href":"https:\/\/ecg-electro.eu\/cs\/wp-json\/wp\/v2\/types\/product"}],"wp:featuredmedia":[{"embeddable":true,"href":"https:\/\/ecg-electro.eu\/cs\/wp-json\/wp\/v2\/media\/2411557"}],"wp:attachment":[{"href":"https:\/\/ecg-electro.eu\/cs\/wp-json\/wp\/v2\/media?parent=2408839"}],"wp:term":[{"taxonomy":"product_brand","embeddable":true,"href":"https:\/\/ecg-electro.eu\/cs\/wp-json\/wp\/v2\/product_brand?post=2408839"},{"taxonomy":"product_cat","embeddable":true,"href":"https:\/\/ecg-electro.eu\/cs\/wp-json\/wp\/v2\/product_cat?post=2408839"},{"taxonomy":"product_tag","embeddable":true,"href":"https:\/\/ecg-electro.eu\/cs\/wp-json\/wp\/v2\/product_tag?post=2408839"}],"curies":[{"name":"wp","href":"https:\/\/api.w.org\/{rel}","templated":true}]}}