{"id":2408212,"date":"2024-01-09T10:02:41","date_gmt":"2024-01-09T09:17:22","guid":{"rendered":"https:\/\/ecg-electro.eu\/?post_type=product&#038;p=2408212"},"modified":"2026-04-26T10:56:14","modified_gmt":"2026-04-26T08:56:14","slug":"ecg-eth-3701g","status":"publish","type":"product","link":"https:\/\/ecg-electro.eu\/cs\/ecg-eth-3701g\/","title":{"rendered":"ECG ETH 3701G"},"content":{"rendered":"<p>Stoln\u00ed trouba s\u00a0varn\u00fdmi plot\u00fdnkami ECG ETH 3701G v\u00e1s pot\u011b\u0161\u00ed i <strong>vysoce kvalitn\u00edm elegantn\u00edm \u0161ed\u00e9m proveden\u00edm<\/strong>. Vnit\u0159n\u00ed prostor je nav\u00edc <strong>smaltovan\u00fd<\/strong>, co\u017e usnad\u0148uje \u00fadr\u017ebu a p\u0159isp\u00edv\u00e1 k\u00a0dlouh\u00e9 \u017eivotnosti spot\u0159ebi\u010de. Dv\u00ed\u0159ka trouby jsou pak pro bezpe\u010dn\u011bj\u0161\u00ed a pohodln\u011bj\u0161\u00ed manipulaci opat\u0159ena <strong>dvojit\u00fdm sklem<\/strong>.<\/p>\n<p>O tom, \u017ee je proveden\u00ed t\u00e9to stoln\u00ed trouby, promy\u0161len\u00e9 do posledn\u00edho detailu, sv\u011bd\u010d\u00ed i p\u0159\u00edtomnost <strong>skryt\u00e9 spodn\u00ed topn\u00e9 spir\u00e1ly<\/strong>.<\/p>\n","protected":false},"excerpt":{"rendered":"<p>Stoln\u00ed trouba s\u00a0varn\u00fdmi plot\u00fdnkami ECG ETH 3701G v\u00e1s pot\u011b\u0161\u00ed i vysoce kvalitn\u00edm elegantn\u00edm \u0161ed\u00e9m proveden\u00edm. Vnit\u0159n\u00ed prostor je nav\u00edc smaltovan\u00fd, co\u017e usnad\u0148uje \u00fadr\u017ebu a p\u0159isp\u00edv\u00e1 k\u00a0dlouh\u00e9 \u017eivotnosti spot\u0159ebi\u010de. Dv\u00ed\u0159ka trouby jsou pak pro bezpe\u010dn\u011bj\u0161\u00ed a pohodln\u011bj\u0161\u00ed manipulaci opat\u0159ena dvojit\u00fdm sklem. O tom, \u017ee je proveden\u00ed t\u00e9to stoln\u00ed trouby, promy\u0161len\u00e9 do posledn\u00edho detailu, sv\u011bd\u010d\u00ed i p\u0159\u00edtomnost [&hellip;]<\/p>\n","protected":false},"featured_media":2412123,"template":"","meta":{"_acf_changed":false,"_monsterinsights_skip_tracking":false,"_monsterinsights_sitenote_active":false,"_monsterinsights_sitenote_note":"","_monsterinsights_sitenote_category":0},"product_brand":[],"product_cat":[45277],"product_tag":[],"class_list":{"0":"post-2408212","1":"product","2":"type-product","3":"status-publish","4":"has-post-thumbnail","6":"product_cat-elektricke-trouby","8":"first","9":"instock","10":"product-type-simple"},"acf":[],"_links":{"self":[{"href":"https:\/\/ecg-electro.eu\/cs\/wp-json\/wp\/v2\/product\/2408212","targetHints":{"allow":["GET"]}}],"collection":[{"href":"https:\/\/ecg-electro.eu\/cs\/wp-json\/wp\/v2\/product"}],"about":[{"href":"https:\/\/ecg-electro.eu\/cs\/wp-json\/wp\/v2\/types\/product"}],"wp:featuredmedia":[{"embeddable":true,"href":"https:\/\/ecg-electro.eu\/cs\/wp-json\/wp\/v2\/media\/2412123"}],"wp:attachment":[{"href":"https:\/\/ecg-electro.eu\/cs\/wp-json\/wp\/v2\/media?parent=2408212"}],"wp:term":[{"taxonomy":"product_brand","embeddable":true,"href":"https:\/\/ecg-electro.eu\/cs\/wp-json\/wp\/v2\/product_brand?post=2408212"},{"taxonomy":"product_cat","embeddable":true,"href":"https:\/\/ecg-electro.eu\/cs\/wp-json\/wp\/v2\/product_cat?post=2408212"},{"taxonomy":"product_tag","embeddable":true,"href":"https:\/\/ecg-electro.eu\/cs\/wp-json\/wp\/v2\/product_tag?post=2408212"}],"curies":[{"name":"wp","href":"https:\/\/api.w.org\/{rel}","templated":true}]}}