{"id":2408211,"date":"2024-01-09T10:02:38","date_gmt":"2024-01-09T09:17:22","guid":{"rendered":"https:\/\/ecg-electro.eu\/?post_type=product&#038;p=2408211"},"modified":"2026-04-21T15:31:36","modified_gmt":"2026-04-21T13:31:36","slug":"ecg-et-2001b-airfry","status":"publish","type":"product","link":"https:\/\/ecg-electro.eu\/cs\/ecg-et-2001b-airfry\/","title":{"rendered":"ECG ET 2001B  Airfry"},"content":{"rendered":"<p>Stoln\u00ed trouba ECG ET 2001B Airfry v\u00e1s pot\u011b\u0161\u00ed i <strong>vysoce kvalitn\u00edm kovov\u00fdm matn\u00fdm proveden\u00edm<\/strong>. Vnit\u0159n\u00ed prostor je <strong>galvanizovan\u00fd<\/strong>. Dv\u00ed\u0159ka trouby jsou zase pro bezpe\u010dn\u011bj\u0161\u00ed manipulaci opat\u0159ena <strong>dvojit\u00fdm sklem<\/strong>. A samoz\u0159ejmost\u00ed je zde i integrovan\u00e9 <strong>osv\u011btlen\u00ed vnit\u0159n\u00edho prostoru<\/strong>, d\u00edky n\u011bmu\u017e m\u00e1te na chystan\u00e9 pokrmy st\u00e1le perfektn\u00ed v\u00fdhled.<\/p>\n","protected":false},"excerpt":{"rendered":"<p>Stoln\u00ed trouba ECG ET 2001B Airfry v\u00e1s pot\u011b\u0161\u00ed i vysoce kvalitn\u00edm kovov\u00fdm matn\u00fdm proveden\u00edm. Vnit\u0159n\u00ed prostor je galvanizovan\u00fd. Dv\u00ed\u0159ka trouby jsou zase pro bezpe\u010dn\u011bj\u0161\u00ed manipulaci opat\u0159ena dvojit\u00fdm sklem. A samoz\u0159ejmost\u00ed je zde i integrovan\u00e9 osv\u011btlen\u00ed vnit\u0159n\u00edho prostoru, d\u00edky n\u011bmu\u017e m\u00e1te na chystan\u00e9 pokrmy st\u00e1le perfektn\u00ed v\u00fdhled.<\/p>\n","protected":false},"featured_media":2412419,"template":"","meta":{"_acf_changed":false,"_monsterinsights_skip_tracking":false,"_monsterinsights_sitenote_active":false,"_monsterinsights_sitenote_note":"","_monsterinsights_sitenote_category":0},"product_brand":[],"product_cat":[45277],"product_tag":[],"class_list":{"0":"post-2408211","1":"product","2":"type-product","3":"status-publish","4":"has-post-thumbnail","6":"product_cat-elektricke-trouby","8":"first","9":"instock","10":"purchasable","11":"product-type-simple"},"acf":[],"_links":{"self":[{"href":"https:\/\/ecg-electro.eu\/cs\/wp-json\/wp\/v2\/product\/2408211","targetHints":{"allow":["GET"]}}],"collection":[{"href":"https:\/\/ecg-electro.eu\/cs\/wp-json\/wp\/v2\/product"}],"about":[{"href":"https:\/\/ecg-electro.eu\/cs\/wp-json\/wp\/v2\/types\/product"}],"wp:featuredmedia":[{"embeddable":true,"href":"https:\/\/ecg-electro.eu\/cs\/wp-json\/wp\/v2\/media\/2412419"}],"wp:attachment":[{"href":"https:\/\/ecg-electro.eu\/cs\/wp-json\/wp\/v2\/media?parent=2408211"}],"wp:term":[{"taxonomy":"product_brand","embeddable":true,"href":"https:\/\/ecg-electro.eu\/cs\/wp-json\/wp\/v2\/product_brand?post=2408211"},{"taxonomy":"product_cat","embeddable":true,"href":"https:\/\/ecg-electro.eu\/cs\/wp-json\/wp\/v2\/product_cat?post=2408211"},{"taxonomy":"product_tag","embeddable":true,"href":"https:\/\/ecg-electro.eu\/cs\/wp-json\/wp\/v2\/product_tag?post=2408211"}],"curies":[{"name":"wp","href":"https:\/\/api.w.org\/{rel}","templated":true}]}}