{"id":2118234,"date":"2021-05-02T14:23:42","date_gmt":"2021-09-25T08:17:32","guid":{"rendered":"https:\/\/ecg-electro.eu\/?post_type=product&#038;p=2118234"},"modified":"2026-04-07T16:57:43","modified_gmt":"2026-04-07T14:57:43","slug":"ecg-pcb-815","status":"publish","type":"product","link":"https:\/\/ecg-electro.eu\/cs\/ecg-pcb-815\/","title":{"rendered":"ECG PCB 815"},"content":{"rendered":"<p>\u00dadr\u017ebu a \u010di\u0161t\u011bn\u00ed formy v\u00e1m velmi usnadn\u00ed nep\u0159ilnav\u00fd povrch, kter\u00fdm je pek\u00e1rna vybavena. <strong>Speci\u00e1ln\u00ed povrchov\u00e1 \u00faprava<\/strong> dokonce umo\u017e\u0148uje pe\u010den\u00ed bez nutnosti vymaz\u00e1v\u00e1n\u00ed formy. Tato dom\u00e1c\u00ed pek\u00e1rna se stane ned\u00edlnou sou\u010d\u00e1st\u00ed va\u0161\u00ed dom\u00e1cnosti a tak\u00e9 nepostradateln\u00fdm pomocn\u00edkem.<\/p>\n","protected":false},"excerpt":{"rendered":"<p>\u00dadr\u017ebu a \u010di\u0161t\u011bn\u00ed formy v\u00e1m velmi usnadn\u00ed nep\u0159ilnav\u00fd povrch, kter\u00fdm je pek\u00e1rna vybavena. Speci\u00e1ln\u00ed povrchov\u00e1 \u00faprava dokonce umo\u017e\u0148uje pe\u010den\u00ed bez nutnosti vymaz\u00e1v\u00e1n\u00ed formy. Tato dom\u00e1c\u00ed pek\u00e1rna se stane ned\u00edlnou sou\u010d\u00e1st\u00ed va\u0161\u00ed dom\u00e1cnosti a tak\u00e9 nepostradateln\u00fdm pomocn\u00edkem.<\/p>\n","protected":false},"featured_media":1969924,"template":"","meta":{"_acf_changed":false,"_monsterinsights_skip_tracking":false,"_monsterinsights_sitenote_active":false,"_monsterinsights_sitenote_note":"","_monsterinsights_sitenote_category":0},"product_brand":[],"product_cat":[44431],"product_tag":[],"class_list":{"0":"post-2118234","1":"product","2":"type-product","3":"status-publish","4":"has-post-thumbnail","6":"product_cat-domaci-pekarny","8":"first","9":"instock","10":"taxable","11":"shipping-taxable","12":"purchasable","13":"product-type-simple"},"acf":[],"_links":{"self":[{"href":"https:\/\/ecg-electro.eu\/cs\/wp-json\/wp\/v2\/product\/2118234","targetHints":{"allow":["GET"]}}],"collection":[{"href":"https:\/\/ecg-electro.eu\/cs\/wp-json\/wp\/v2\/product"}],"about":[{"href":"https:\/\/ecg-electro.eu\/cs\/wp-json\/wp\/v2\/types\/product"}],"wp:featuredmedia":[{"embeddable":true,"href":"https:\/\/ecg-electro.eu\/cs\/wp-json\/wp\/v2\/media\/1969924"}],"wp:attachment":[{"href":"https:\/\/ecg-electro.eu\/cs\/wp-json\/wp\/v2\/media?parent=2118234"}],"wp:term":[{"taxonomy":"product_brand","embeddable":true,"href":"https:\/\/ecg-electro.eu\/cs\/wp-json\/wp\/v2\/product_brand?post=2118234"},{"taxonomy":"product_cat","embeddable":true,"href":"https:\/\/ecg-electro.eu\/cs\/wp-json\/wp\/v2\/product_cat?post=2118234"},{"taxonomy":"product_tag","embeddable":true,"href":"https:\/\/ecg-electro.eu\/cs\/wp-json\/wp\/v2\/product_tag?post=2118234"}],"curies":[{"name":"wp","href":"https:\/\/api.w.org\/{rel}","templated":true}]}}