{"id":2079200,"date":"2021-05-02T14:30:09","date_gmt":"2021-07-08T12:08:51","guid":{"rendered":"https:\/\/ecg-electro.eu\/product\/ecg-ft-40a\/"},"modified":"2026-04-04T10:14:09","modified_gmt":"2026-04-04T08:14:09","slug":"ecg-ft-40a","status":"publish","type":"product","link":"https:\/\/ecg-electro.eu\/cs\/ecg-ft-40a\/","title":{"rendered":"ECG FT 40a"},"content":{"rendered":"<p>Stoln\u00ed ventil\u00e1tor <strong>ECG FT 40a<\/strong> lze dle libosti nastavit a <strong>t\u0159i r\u016fzn\u00e9 rychlosti provoz<\/strong>u, p\u0159esn\u011b podle moment\u00e1ln\u00ed pot\u0159eby a teploty v\u00a0m\u00edstnosti.<\/p>\n<p>&nbsp;<\/p>\n<p>Ocen\u011bn\u00ed hodnou vlastnost\u00ed ventil\u00e1toru je bezesporu jeho tich\u00fd, neru\u0161iv\u00fd chod a v\u00a0neposledn\u00ed \u0159ad\u011b sklopn\u00fd a nastaviteln\u00fd \u00fahel kmit\u00e1n\u00ed.<\/p>\n","protected":false},"excerpt":{"rendered":"<p>Stoln\u00ed ventil\u00e1tor ECG FT 40a lze dle libosti nastavit a t\u0159i r\u016fzn\u00e9 rychlosti provozu, p\u0159esn\u011b podle moment\u00e1ln\u00ed pot\u0159eby a teploty v\u00a0m\u00edstnosti. &nbsp; Ocen\u011bn\u00ed hodnou vlastnost\u00ed ventil\u00e1toru je bezesporu jeho tich\u00fd, neru\u0161iv\u00fd chod a v\u00a0neposledn\u00ed \u0159ad\u011b sklopn\u00fd a nastaviteln\u00fd \u00fahel kmit\u00e1n\u00ed.<\/p>\n","protected":false},"featured_media":2008341,"template":"","meta":{"_acf_changed":false,"_monsterinsights_skip_tracking":false,"_monsterinsights_sitenote_active":false,"_monsterinsights_sitenote_note":"","_monsterinsights_sitenote_category":0},"product_cat":[45766],"product_tag":[],"class_list":{"0":"post-2079200","1":"product","2":"type-product","3":"status-publish","4":"has-post-thumbnail","6":"product_cat-stolni-ventilatory","8":"first","9":"instock","10":"taxable","11":"shipping-taxable","12":"purchasable","13":"product-type-simple"},"acf":[],"_links":{"self":[{"href":"https:\/\/ecg-electro.eu\/cs\/wp-json\/wp\/v2\/product\/2079200","targetHints":{"allow":["GET"]}}],"collection":[{"href":"https:\/\/ecg-electro.eu\/cs\/wp-json\/wp\/v2\/product"}],"about":[{"href":"https:\/\/ecg-electro.eu\/cs\/wp-json\/wp\/v2\/types\/product"}],"wp:featuredmedia":[{"embeddable":true,"href":"https:\/\/ecg-electro.eu\/cs\/wp-json\/wp\/v2\/media\/2008341"}],"wp:attachment":[{"href":"https:\/\/ecg-electro.eu\/cs\/wp-json\/wp\/v2\/media?parent=2079200"}],"wp:term":[{"taxonomy":"product_cat","embeddable":true,"href":"https:\/\/ecg-electro.eu\/cs\/wp-json\/wp\/v2\/product_cat?post=2079200"},{"taxonomy":"product_tag","embeddable":true,"href":"https:\/\/ecg-electro.eu\/cs\/wp-json\/wp\/v2\/product_tag?post=2079200"}],"curies":[{"name":"wp","href":"https:\/\/api.w.org\/{rel}","templated":true}]}}