{"id":1920147,"date":"2021-05-02T14:33:31","date_gmt":"2021-05-03T06:46:17","guid":{"rendered":"https:\/\/ecg-electro.eu\/product\/ecg-uv-5080-2\/"},"modified":"2026-04-23T10:06:50","modified_gmt":"2026-04-23T08:06:50","slug":"ecg-uv-5080","status":"publish","type":"product","link":"https:\/\/ecg-electro.eu\/cs\/ecg-uv-5080\/","title":{"rendered":"ECG UV 5080"},"content":{"rendered":"<p>P\u0159i p\u0159\u00edprav\u011b vajec ji\u017e <strong>nebudete pot\u0159ebovat stopky<\/strong>. Elektrick\u00fd va\u0159i\u010d vajec ECG UV 5080 v\u0161e s\u00e1m a s p\u0159ehledem zvl\u00e1dne. Vejce sta\u010d\u00ed vlo\u017eit nebo nal\u00edt do z\u00e1sobn\u00edku, doplnit po\u017eadovan\u00e9 mno\u017estv\u00ed vody, nasadit horn\u00ed v\u00edko a zah\u00e1jit oh\u0159ev.<\/p>\n<p>Spot\u0159ebi\u010d spust\u00edte pomoc\u00ed <strong>tla\u010d\u00edtka<\/strong>,\u00a0kter\u00e9 najdete na \u010deln\u00ed stran\u011b.<\/p>\n<p>V moment\u011b, kdy je vejce p\u0159ipraveno se automaticky spust\u00ed <strong>zvukov\u00fd sign\u00e1l<\/strong>.<\/p>\n","protected":false},"excerpt":{"rendered":"<p>P\u0159i p\u0159\u00edprav\u011b vajec ji\u017e nebudete pot\u0159ebovat stopky. Elektrick\u00fd va\u0159i\u010d vajec ECG UV 5080 v\u0161e s\u00e1m a s p\u0159ehledem zvl\u00e1dne. Vejce sta\u010d\u00ed vlo\u017eit nebo nal\u00edt do z\u00e1sobn\u00edku, doplnit po\u017eadovan\u00e9 mno\u017estv\u00ed vody, nasadit horn\u00ed v\u00edko a zah\u00e1jit oh\u0159ev. Spot\u0159ebi\u010d spust\u00edte pomoc\u00ed tla\u010d\u00edtka,\u00a0kter\u00e9 najdete na \u010deln\u00ed stran\u011b. V moment\u011b, kdy je vejce p\u0159ipraveno se automaticky spust\u00ed zvukov\u00fd sign\u00e1l.<\/p>\n","protected":false},"featured_media":2018680,"template":"","meta":{"_acf_changed":false,"_monsterinsights_skip_tracking":false,"_monsterinsights_sitenote_active":false,"_monsterinsights_sitenote_note":"","_monsterinsights_sitenote_category":0},"product_brand":[],"product_cat":[44375],"product_tag":[],"class_list":{"0":"post-1920147","1":"product","2":"type-product","3":"status-publish","4":"has-post-thumbnail","6":"product_cat-varice-vajec","8":"first","9":"instock","10":"taxable","11":"shipping-taxable","12":"purchasable","13":"product-type-simple"},"acf":[],"_links":{"self":[{"href":"https:\/\/ecg-electro.eu\/cs\/wp-json\/wp\/v2\/product\/1920147","targetHints":{"allow":["GET"]}}],"collection":[{"href":"https:\/\/ecg-electro.eu\/cs\/wp-json\/wp\/v2\/product"}],"about":[{"href":"https:\/\/ecg-electro.eu\/cs\/wp-json\/wp\/v2\/types\/product"}],"wp:featuredmedia":[{"embeddable":true,"href":"https:\/\/ecg-electro.eu\/cs\/wp-json\/wp\/v2\/media\/2018680"}],"wp:attachment":[{"href":"https:\/\/ecg-electro.eu\/cs\/wp-json\/wp\/v2\/media?parent=1920147"}],"wp:term":[{"taxonomy":"product_brand","embeddable":true,"href":"https:\/\/ecg-electro.eu\/cs\/wp-json\/wp\/v2\/product_brand?post=1920147"},{"taxonomy":"product_cat","embeddable":true,"href":"https:\/\/ecg-electro.eu\/cs\/wp-json\/wp\/v2\/product_cat?post=1920147"},{"taxonomy":"product_tag","embeddable":true,"href":"https:\/\/ecg-electro.eu\/cs\/wp-json\/wp\/v2\/product_tag?post=1920147"}],"curies":[{"name":"wp","href":"https:\/\/api.w.org\/{rel}","templated":true}]}}