{"id":1903529,"date":"2021-05-02T14:33:17","date_gmt":"2021-05-03T06:13:42","guid":{"rendered":"https:\/\/ecg-electro.eu\/product\/ecg-sp-4015-chopcut-2\/"},"modified":"2026-04-07T16:55:54","modified_gmt":"2026-04-07T14:55:54","slug":"ecg-sp-4015-chopcut","status":"publish","type":"product","link":"https:\/\/ecg-electro.eu\/cs\/ecg-sp-4015-chopcut\/","title":{"rendered":"ECG SP 4015 Chop&#038;Cut"},"content":{"rendered":"<p>Sek\u00e1\u010dek potravin ECG SP 4015 Chop&amp;Cut vyu\u017e\u00edv\u00e1 v\u00fdkonn\u00fd 400W motor <strong>4 nerezov\u00e9 rota\u010dn\u00ed no\u017ee<\/strong>. Vyb\u00edrat m\u016f\u017eete ze <strong>2 rychlostn\u00edch stup\u0148\u016f<\/strong>. S pomoc\u00ed tla\u010d\u00edtek v horn\u00ed \u010d\u00e1sti spot\u0159ebi\u010de tak pohodln\u011b zvol\u00edte vhodnou intenzitu sek\u00e1n\u00ed pro dan\u00fd recept.<\/p>\n<p>Jednotliv\u00e9 \u010d\u00e1sti spot\u0159ebi\u010de je mo\u017en\u00e9 snadno rozlo\u017eit a v p\u0159\u00edpad\u011b pot\u0159eby d\u016fkladn\u011b vy\u010distit.<\/p>\n<p>Sou\u010d\u00e1st\u00ed vybaven\u00ed je i <strong>st\u011brka<\/strong>, kter\u00e1 v\u00e1m pom\u016f\u017ee m\u00e9n\u011b pl\u00fdtvat j\u00eddlem. Nechyb\u00ed ani <strong>ochrann\u00e9 kryty no\u017e\u016f<\/strong>, kter\u00e9 je spolehliv\u011b zamez\u00ed nep\u0159\u00edjemn\u00e9mu poran\u011bn\u00ed i p\u0159ed\u010dasn\u00e9mu opot\u0159eben\u00ed \u010depel\u00ed.<\/p>\n","protected":false},"excerpt":{"rendered":"<p>Sek\u00e1\u010dek potravin ECG SP 4015 Chop&amp;Cut vyu\u017e\u00edv\u00e1 v\u00fdkonn\u00fd 400W motor 4 nerezov\u00e9 rota\u010dn\u00ed no\u017ee. Vyb\u00edrat m\u016f\u017eete ze 2 rychlostn\u00edch stup\u0148\u016f. S pomoc\u00ed tla\u010d\u00edtek v horn\u00ed \u010d\u00e1sti spot\u0159ebi\u010de tak pohodln\u011b zvol\u00edte vhodnou intenzitu sek\u00e1n\u00ed pro dan\u00fd recept. Jednotliv\u00e9 \u010d\u00e1sti spot\u0159ebi\u010de je mo\u017en\u00e9 snadno rozlo\u017eit a v p\u0159\u00edpad\u011b pot\u0159eby d\u016fkladn\u011b vy\u010distit. Sou\u010d\u00e1st\u00ed vybaven\u00ed je i st\u011brka, kter\u00e1 [&hellip;]<\/p>\n","protected":false},"featured_media":2017822,"template":"","meta":{"_acf_changed":false,"_monsterinsights_skip_tracking":false,"_monsterinsights_sitenote_active":false,"_monsterinsights_sitenote_note":"","_monsterinsights_sitenote_category":0},"product_cat":[44898],"product_tag":[],"class_list":{"0":"post-1903529","1":"product","2":"type-product","3":"status-publish","4":"has-post-thumbnail","6":"product_cat-sekacky-potravin","8":"first","9":"instock","10":"taxable","11":"shipping-taxable","12":"purchasable","13":"product-type-simple"},"acf":[],"_links":{"self":[{"href":"https:\/\/ecg-electro.eu\/cs\/wp-json\/wp\/v2\/product\/1903529","targetHints":{"allow":["GET"]}}],"collection":[{"href":"https:\/\/ecg-electro.eu\/cs\/wp-json\/wp\/v2\/product"}],"about":[{"href":"https:\/\/ecg-electro.eu\/cs\/wp-json\/wp\/v2\/types\/product"}],"wp:featuredmedia":[{"embeddable":true,"href":"https:\/\/ecg-electro.eu\/cs\/wp-json\/wp\/v2\/media\/2017822"}],"wp:attachment":[{"href":"https:\/\/ecg-electro.eu\/cs\/wp-json\/wp\/v2\/media?parent=1903529"}],"wp:term":[{"taxonomy":"product_cat","embeddable":true,"href":"https:\/\/ecg-electro.eu\/cs\/wp-json\/wp\/v2\/product_cat?post=1903529"},{"taxonomy":"product_tag","embeddable":true,"href":"https:\/\/ecg-electro.eu\/cs\/wp-json\/wp\/v2\/product_tag?post=1903529"}],"curies":[{"name":"wp","href":"https:\/\/api.w.org\/{rel}","templated":true}]}}