{"id":1895005,"date":"2021-05-02T14:33:04","date_gmt":"2021-05-03T05:56:54","guid":{"rendered":"https:\/\/ecg-electro.eu\/product\/ecg-ov-1821-black-2\/"},"modified":"2026-04-05T10:14:36","modified_gmt":"2026-04-05T08:14:36","slug":"ecg-ov-1821-black","status":"publish","type":"product","link":"https:\/\/ecg-electro.eu\/cs\/ecg-ov-1821-black\/","title":{"rendered":"ECG OV 1821 Black"},"content":{"rendered":"<p>Podsv\u00edcen\u00fd <strong>LED displej<\/strong> ukazuje nezbytn\u011b nutn\u00e9 informace. To nejd\u016fle\u017eit\u011bj\u0161\u00ed je samoz\u0159ejm\u011b hmotnost, je\u017e zobraz\u00ed s\u00a0maxim\u00e1ln\u00edm rozd\u00edlem 0,1 kg. V\u00e1ha je nav\u00edc vybaven\u00e1 tak\u00e9 metrick\u00fdm\/imperi\u00e1ln\u00edm konvertorem. To, kdybyste n\u00e1hodou cht\u011bli vid\u011bt svou hmotnost i v\u00a0jin\u00fdch jednotk\u00e1ch.<\/p>\n<p>Sou\u010d\u00e1st\u00ed displeje jsou tak\u00e9 praktick\u00e9 indik\u00e1tory, kter\u00e9 v\u00e1s <strong>upozorn\u00ed na p\u0159et\u00ed\u017een\u00ed<\/strong> \u010di <strong>na slabou baterii<\/strong>. Maxim\u00e1ln\u00ed nosnost v\u00e1hy pak \u010din\u00ed 180 kg.<\/p>\n<p>Ve v\u00fdbav\u011b nechyb\u00ed ani <strong>funkce automatick\u00e9ho vypnut\u00ed<\/strong>. V\u00a0p\u0159\u00edpad\u011b del\u0161\u00ed ne\u010dinnosti se v\u00e1ha sama automaticky vypne. Nemus\u00edte m\u00edt proto strach, \u017ee by se zbyte\u010dn\u011b vyb\u00edjely baterie. K\u00a0nap\u00e1jen\u00ed slou\u017e\u00ed 3\u00d7 1,5V AAA baterie, kter\u00e9 jsou sou\u010d\u00e1st\u00ed balen\u00ed.<\/p>\n","protected":false},"excerpt":{"rendered":"<p>Podsv\u00edcen\u00fd LED displej ukazuje nezbytn\u011b nutn\u00e9 informace. To nejd\u016fle\u017eit\u011bj\u0161\u00ed je samoz\u0159ejm\u011b hmotnost, je\u017e zobraz\u00ed s\u00a0maxim\u00e1ln\u00edm rozd\u00edlem 0,1 kg. V\u00e1ha je nav\u00edc vybaven\u00e1 tak\u00e9 metrick\u00fdm\/imperi\u00e1ln\u00edm konvertorem. To, kdybyste n\u00e1hodou cht\u011bli vid\u011bt svou hmotnost i v\u00a0jin\u00fdch jednotk\u00e1ch. Sou\u010d\u00e1st\u00ed displeje jsou tak\u00e9 praktick\u00e9 indik\u00e1tory, kter\u00e9 v\u00e1s upozorn\u00ed na p\u0159et\u00ed\u017een\u00ed \u010di na slabou baterii. Maxim\u00e1ln\u00ed nosnost v\u00e1hy pak \u010din\u00ed [&hellip;]<\/p>\n","protected":false},"featured_media":2017068,"template":"","meta":{"_acf_changed":false,"_monsterinsights_skip_tracking":false,"_monsterinsights_sitenote_active":false,"_monsterinsights_sitenote_note":"","_monsterinsights_sitenote_category":0},"product_cat":[46137],"product_tag":[],"class_list":{"0":"post-1895005","1":"product","2":"type-product","3":"status-publish","4":"has-post-thumbnail","6":"product_cat-osobni-vahy","8":"first","9":"instock","10":"taxable","11":"shipping-taxable","12":"purchasable","13":"product-type-simple"},"acf":[],"_links":{"self":[{"href":"https:\/\/ecg-electro.eu\/cs\/wp-json\/wp\/v2\/product\/1895005","targetHints":{"allow":["GET"]}}],"collection":[{"href":"https:\/\/ecg-electro.eu\/cs\/wp-json\/wp\/v2\/product"}],"about":[{"href":"https:\/\/ecg-electro.eu\/cs\/wp-json\/wp\/v2\/types\/product"}],"wp:featuredmedia":[{"embeddable":true,"href":"https:\/\/ecg-electro.eu\/cs\/wp-json\/wp\/v2\/media\/2017068"}],"wp:attachment":[{"href":"https:\/\/ecg-electro.eu\/cs\/wp-json\/wp\/v2\/media?parent=1895005"}],"wp:term":[{"taxonomy":"product_cat","embeddable":true,"href":"https:\/\/ecg-electro.eu\/cs\/wp-json\/wp\/v2\/product_cat?post=1895005"},{"taxonomy":"product_tag","embeddable":true,"href":"https:\/\/ecg-electro.eu\/cs\/wp-json\/wp\/v2\/product_tag?post=1895005"}],"curies":[{"name":"wp","href":"https:\/\/api.w.org\/{rel}","templated":true}]}}