{"id":1878760,"date":"2021-05-02T14:32:22","date_gmt":"2021-05-03T05:26:49","guid":{"rendered":"https:\/\/ecg-electro.eu\/product\/ecg-vt-3220-2in1-2\/"},"modified":"2026-04-02T15:21:11","modified_gmt":"2026-04-02T13:21:11","slug":"ecg-vt-3220-2in1","status":"publish","type":"product","link":"https:\/\/ecg-electro.eu\/cs\/ecg-vt-3220-2in1\/","title":{"rendered":"ECG VT 3220 2in1"},"content":{"rendered":"<p>Ty\u010dov\u00fd vysava\u010d ECG VT 3220 2in1 se m\u016f\u017ee pochlubit <strong>rukojet\u00ed<\/strong> se speci\u00e1ln\u00ed <strong>protiskluzovou \u00fapravou<\/strong>. Nemus\u00edte se tedy ob\u00e1vat ne\u010dekan\u00e9ho vyklouznut\u00ed vysava\u010de z ruky.<\/p>\n<p>V\u00fdrobce myslel i na bezpe\u010dnost a nechyb\u00ed ani <strong>pojistka proti p\u0159eh\u0159\u00e1t\u00ed<\/strong>.<\/p>\n<p>P\u0159i \u00faklidu zcela jist\u011b ocen\u00edte i n\u00edzkou hmotnost vysava\u010de, kter\u00e1 nep\u0159es\u00e1hne <strong>2,1 kg<\/strong>.<\/p>\n","protected":false},"excerpt":{"rendered":"<p>Ty\u010dov\u00fd vysava\u010d ECG VT 3220 2in1 se m\u016f\u017ee pochlubit rukojet\u00ed se speci\u00e1ln\u00ed protiskluzovou \u00fapravou. Nemus\u00edte se tedy ob\u00e1vat ne\u010dekan\u00e9ho vyklouznut\u00ed vysava\u010de z ruky. V\u00fdrobce myslel i na bezpe\u010dnost a nechyb\u00ed ani pojistka proti p\u0159eh\u0159\u00e1t\u00ed. P\u0159i \u00faklidu zcela jist\u011b ocen\u00edte i n\u00edzkou hmotnost vysava\u010de, kter\u00e1 nep\u0159es\u00e1hne 2,1 kg.<\/p>\n","protected":false},"featured_media":2014796,"template":"","meta":{"_acf_changed":false,"_monsterinsights_skip_tracking":false,"_monsterinsights_sitenote_active":false,"_monsterinsights_sitenote_note":"","_monsterinsights_sitenote_category":0},"product_cat":[45610],"product_tag":[46627],"class_list":{"0":"post-1878760","1":"product","2":"type-product","3":"status-publish","4":"has-post-thumbnail","6":"product_cat-tycove-vysavace","7":"product_tag-zaruka-3","9":"first","10":"instock","11":"taxable","12":"shipping-taxable","13":"product-type-simple"},"acf":[],"_links":{"self":[{"href":"https:\/\/ecg-electro.eu\/cs\/wp-json\/wp\/v2\/product\/1878760","targetHints":{"allow":["GET"]}}],"collection":[{"href":"https:\/\/ecg-electro.eu\/cs\/wp-json\/wp\/v2\/product"}],"about":[{"href":"https:\/\/ecg-electro.eu\/cs\/wp-json\/wp\/v2\/types\/product"}],"wp:featuredmedia":[{"embeddable":true,"href":"https:\/\/ecg-electro.eu\/cs\/wp-json\/wp\/v2\/media\/2014796"}],"wp:attachment":[{"href":"https:\/\/ecg-electro.eu\/cs\/wp-json\/wp\/v2\/media?parent=1878760"}],"wp:term":[{"taxonomy":"product_cat","embeddable":true,"href":"https:\/\/ecg-electro.eu\/cs\/wp-json\/wp\/v2\/product_cat?post=1878760"},{"taxonomy":"product_tag","embeddable":true,"href":"https:\/\/ecg-electro.eu\/cs\/wp-json\/wp\/v2\/product_tag?post=1878760"}],"curies":[{"name":"wp","href":"https:\/\/api.w.org\/{rel}","templated":true}]}}