{"id":1873543,"date":"2021-05-02T14:32:20","date_gmt":"2021-05-03T05:16:33","guid":{"rendered":"https:\/\/ecg-electro.eu\/product\/ecg-rk-2080-glass-2\/"},"modified":"2026-04-22T10:32:10","modified_gmt":"2026-04-22T08:32:10","slug":"ecg-rk-2080-glass","status":"publish","type":"product","link":"https:\/\/ecg-electro.eu\/cs\/ecg-rk-2080-glass\/","title":{"rendered":"ECG RK 2080 Glass"},"content":{"rendered":"<p>Rychlovarn\u00e1 konvice ECG RK 2080 Glass vynik\u00e1 tak\u00e9 p\u0159ehledn\u00fdm ovl\u00e1d\u00e1n\u00edm. Ke spu\u0161t\u011bn\u00ed sta\u010d\u00ed jen stisknout tla\u010d\u00edtko, kter\u00e9 se nach\u00e1z\u00ed v horn\u00ed \u010d\u00e1sti rukojeti. Spot\u0159ebi\u010d disponuje <strong>trojn\u00e1sobn\u00fdm bezpe\u010dnostn\u00edm syst\u00e9mem<\/strong>. Oh\u0159ev vody se automaticky ukon\u010d\u00ed, pokud nen\u00ed v konvici dostatek vody, konvice nen\u00ed spr\u00e1vn\u011b um\u00edst\u011bna na z\u00e1kladnu nebo v p\u0159\u00edpad\u011b dosa\u017een\u00ed bodu varu.<\/p>\n<p>Velkou v\u00fdhodou je tak\u00e9 praktick\u00e1 <strong>360\u00b0 oto\u010dn\u00e1 z\u00e1kladna<\/strong>, kter\u00e1 umo\u017e\u0148uje um\u00edst\u011bn\u00ed konvice na podstavec v libovoln\u00e9 poloze. V z\u00e1kladn\u011b nav\u00edc najdete dostatek m\u00edsta pro p\u0159\u00edvodn\u00ed kabel.<\/p>\n","protected":false},"excerpt":{"rendered":"<p>Rychlovarn\u00e1 konvice ECG RK 2080 Glass vynik\u00e1 tak\u00e9 p\u0159ehledn\u00fdm ovl\u00e1d\u00e1n\u00edm. Ke spu\u0161t\u011bn\u00ed sta\u010d\u00ed jen stisknout tla\u010d\u00edtko, kter\u00e9 se nach\u00e1z\u00ed v horn\u00ed \u010d\u00e1sti rukojeti. Spot\u0159ebi\u010d disponuje trojn\u00e1sobn\u00fdm bezpe\u010dnostn\u00edm syst\u00e9mem. Oh\u0159ev vody se automaticky ukon\u010d\u00ed, pokud nen\u00ed v konvici dostatek vody, konvice nen\u00ed spr\u00e1vn\u011b um\u00edst\u011bna na z\u00e1kladnu nebo v p\u0159\u00edpad\u011b dosa\u017een\u00ed bodu varu. Velkou v\u00fdhodou je tak\u00e9 [&hellip;]<\/p>\n","protected":false},"featured_media":2014666,"template":"","meta":{"_acf_changed":false,"_monsterinsights_skip_tracking":false,"_monsterinsights_sitenote_active":false,"_monsterinsights_sitenote_note":"","_monsterinsights_sitenote_category":0},"product_brand":[],"product_cat":[44417],"product_tag":[],"class_list":{"0":"post-1873543","1":"product","2":"type-product","3":"status-publish","4":"has-post-thumbnail","6":"product_cat-rychlovarne-konvice","8":"first","9":"instock","10":"taxable","11":"shipping-taxable","12":"purchasable","13":"product-type-simple"},"acf":[],"_links":{"self":[{"href":"https:\/\/ecg-electro.eu\/cs\/wp-json\/wp\/v2\/product\/1873543","targetHints":{"allow":["GET"]}}],"collection":[{"href":"https:\/\/ecg-electro.eu\/cs\/wp-json\/wp\/v2\/product"}],"about":[{"href":"https:\/\/ecg-electro.eu\/cs\/wp-json\/wp\/v2\/types\/product"}],"wp:featuredmedia":[{"embeddable":true,"href":"https:\/\/ecg-electro.eu\/cs\/wp-json\/wp\/v2\/media\/2014666"}],"wp:attachment":[{"href":"https:\/\/ecg-electro.eu\/cs\/wp-json\/wp\/v2\/media?parent=1873543"}],"wp:term":[{"taxonomy":"product_brand","embeddable":true,"href":"https:\/\/ecg-electro.eu\/cs\/wp-json\/wp\/v2\/product_brand?post=1873543"},{"taxonomy":"product_cat","embeddable":true,"href":"https:\/\/ecg-electro.eu\/cs\/wp-json\/wp\/v2\/product_cat?post=1873543"},{"taxonomy":"product_tag","embeddable":true,"href":"https:\/\/ecg-electro.eu\/cs\/wp-json\/wp\/v2\/product_tag?post=1873543"}],"curies":[{"name":"wp","href":"https:\/\/api.w.org\/{rel}","templated":true}]}}