{"id":1869956,"date":"2021-05-02T14:32:11","date_gmt":"2021-05-03T05:09:01","guid":{"rendered":"https:\/\/ecg-electro.eu\/product\/ecg-kv-1021-berries-2\/"},"modified":"2026-04-13T10:21:04","modified_gmt":"2026-04-13T08:21:04","slug":"ecg-kv-1021-berries","status":"publish","type":"product","link":"https:\/\/ecg-electro.eu\/cs\/ecg-kv-1021-berries\/","title":{"rendered":"ECG KV 1021 Berries"},"content":{"rendered":"<p>Kuchy\u0148sk\u00e1 v\u00e1ha <strong>ECG KV 1021 Berries<\/strong> je vyrobena z bezpe\u010dnostn\u00edho tvrzen\u00e9ho skla a na prvn\u00ed pohled zaujme netradi\u010dn\u00edm designem. Spot\u0159ebi\u010d je vybaven dotykov\u00fdm ovl\u00e1d\u00e1n\u00edm a p\u0159ehledn\u00fdm <strong>LCD displejem<\/strong> s podsv\u00edcen\u00edm, na kter\u00e9m m\u016f\u017eete snadno zkontrolovat nav\u00e1\u017een\u00e9 hodnoty.<\/p>\n<p>P\u0159i samotn\u00e9m pou\u017e\u00edv\u00e1n\u00ed pak zcela jist\u011b ocen\u00edte tak\u00e9\u00a0<strong>funkci TARE<\/strong>, kter\u00e1 umo\u017e\u0148uje dov\u00e1\u017eit dal\u0161\u00ed suroviny.<\/p>\n<p>Maxim\u00e1ln\u00ed nosnost je 10 kg a v\u00e1\u017een\u00ed prob\u00edh\u00e1 <strong>s p\u0159esnost\u00ed na 1 g<\/strong>. Nap\u00e1jen\u00ed zaji\u0161\u0165uj\u00ed dv\u011b 1,5V baterie AAA, kter\u00e9 jsou samoz\u0159ejm\u011b sou\u010d\u00e1st\u00ed balen\u00ed.<\/p>\n","protected":false},"excerpt":{"rendered":"<p>Kuchy\u0148sk\u00e1 v\u00e1ha ECG KV 1021 Berries je vyrobena z bezpe\u010dnostn\u00edho tvrzen\u00e9ho skla a na prvn\u00ed pohled zaujme netradi\u010dn\u00edm designem. Spot\u0159ebi\u010d je vybaven dotykov\u00fdm ovl\u00e1d\u00e1n\u00edm a p\u0159ehledn\u00fdm LCD displejem s podsv\u00edcen\u00edm, na kter\u00e9m m\u016f\u017eete snadno zkontrolovat nav\u00e1\u017een\u00e9 hodnoty. P\u0159i samotn\u00e9m pou\u017e\u00edv\u00e1n\u00ed pak zcela jist\u011b ocen\u00edte tak\u00e9\u00a0funkci TARE, kter\u00e1 umo\u017e\u0148uje dov\u00e1\u017eit dal\u0161\u00ed suroviny. Maxim\u00e1ln\u00ed nosnost je 10 [&hellip;]<\/p>\n","protected":false},"featured_media":2014237,"template":"","meta":{"_acf_changed":false,"_monsterinsights_skip_tracking":false,"_monsterinsights_sitenote_active":false,"_monsterinsights_sitenote_note":"","_monsterinsights_sitenote_category":0},"product_brand":[],"product_cat":[45066],"product_tag":[],"class_list":{"0":"post-1869956","1":"product","2":"type-product","3":"status-publish","4":"has-post-thumbnail","6":"product_cat-kuchynske-vahy","8":"first","9":"instock","10":"taxable","11":"shipping-taxable","12":"purchasable","13":"product-type-simple"},"acf":[],"_links":{"self":[{"href":"https:\/\/ecg-electro.eu\/cs\/wp-json\/wp\/v2\/product\/1869956","targetHints":{"allow":["GET"]}}],"collection":[{"href":"https:\/\/ecg-electro.eu\/cs\/wp-json\/wp\/v2\/product"}],"about":[{"href":"https:\/\/ecg-electro.eu\/cs\/wp-json\/wp\/v2\/types\/product"}],"wp:featuredmedia":[{"embeddable":true,"href":"https:\/\/ecg-electro.eu\/cs\/wp-json\/wp\/v2\/media\/2014237"}],"wp:attachment":[{"href":"https:\/\/ecg-electro.eu\/cs\/wp-json\/wp\/v2\/media?parent=1869956"}],"wp:term":[{"taxonomy":"product_brand","embeddable":true,"href":"https:\/\/ecg-electro.eu\/cs\/wp-json\/wp\/v2\/product_brand?post=1869956"},{"taxonomy":"product_cat","embeddable":true,"href":"https:\/\/ecg-electro.eu\/cs\/wp-json\/wp\/v2\/product_cat?post=1869956"},{"taxonomy":"product_tag","embeddable":true,"href":"https:\/\/ecg-electro.eu\/cs\/wp-json\/wp\/v2\/product_tag?post=1869956"}],"curies":[{"name":"wp","href":"https:\/\/api.w.org\/{rel}","templated":true}]}}