{"id":1850437,"date":"2021-05-02T14:31:47","date_gmt":"2021-05-03T04:33:01","guid":{"rendered":"https:\/\/ecg-electro.eu\/product\/ecg-ft-15a-2\/"},"modified":"2026-04-14T10:06:39","modified_gmt":"2026-04-14T08:06:39","slug":"ecg-ft-15a","status":"publish","type":"product","link":"https:\/\/ecg-electro.eu\/cs\/ecg-ft-15a\/","title":{"rendered":"ECG FT 15a"},"content":{"rendered":"<p>Stoln\u00ed ventil\u00e1tor ECG FT 15a je vybaven vrtul\u00ed o pr\u016fm\u011bru <strong>15 cm<\/strong> a m\u016f\u017eete vyb\u00edrat ze <strong>2 rychlost\u00ed<\/strong> proud\u011bn\u00ed vzduchu. Intenzitu ochlazov\u00e1n\u00ed tak jednodu\u0161e p\u0159izp\u016fsob\u00edte aktu\u00e1ln\u00ed teplot\u011b v m\u00edstnosti.<\/p>\n<p>Spot\u0159ebi\u010d z\u00e1rove\u0148 pot\u011b\u0161\u00ed <strong>velmi tich\u00fdm chodem<\/strong>, tak\u017ee se nemus\u00edte ob\u00e1vat ani nadm\u011brn\u00e9ho vyru\u0161ov\u00e1n\u00ed. Hlavu ventil\u00e1toru je mo\u017en\u00e9 dle pot\u0159eby <strong>nato\u010dit nebo sklopit<\/strong>.<\/p>\n<p>P\u0159\u00edkon dosahuje hodnoty <strong>20 W<\/strong>.<\/p>\n","protected":false},"excerpt":{"rendered":"<p>Stoln\u00ed ventil\u00e1tor ECG FT 15a je vybaven vrtul\u00ed o pr\u016fm\u011bru 15 cm a m\u016f\u017eete vyb\u00edrat ze 2 rychlost\u00ed proud\u011bn\u00ed vzduchu. Intenzitu ochlazov\u00e1n\u00ed tak jednodu\u0161e p\u0159izp\u016fsob\u00edte aktu\u00e1ln\u00ed teplot\u011b v m\u00edstnosti. Spot\u0159ebi\u010d z\u00e1rove\u0148 pot\u011b\u0161\u00ed velmi tich\u00fdm chodem, tak\u017ee se nemus\u00edte ob\u00e1vat ani nadm\u011brn\u00e9ho vyru\u0161ov\u00e1n\u00ed. Hlavu ventil\u00e1toru je mo\u017en\u00e9 dle pot\u0159eby nato\u010dit nebo sklopit. P\u0159\u00edkon dosahuje hodnoty 20 [&hellip;]<\/p>\n","protected":false},"featured_media":2013249,"template":"","meta":{"_acf_changed":false,"_monsterinsights_skip_tracking":false,"_monsterinsights_sitenote_active":false,"_monsterinsights_sitenote_note":"","_monsterinsights_sitenote_category":0},"product_brand":[],"product_cat":[45766],"product_tag":[],"class_list":{"0":"post-1850437","1":"product","2":"type-product","3":"status-publish","4":"has-post-thumbnail","6":"product_cat-stolni-ventilatory","8":"first","9":"instock","10":"taxable","11":"shipping-taxable","12":"purchasable","13":"product-type-simple"},"acf":[],"_links":{"self":[{"href":"https:\/\/ecg-electro.eu\/cs\/wp-json\/wp\/v2\/product\/1850437","targetHints":{"allow":["GET"]}}],"collection":[{"href":"https:\/\/ecg-electro.eu\/cs\/wp-json\/wp\/v2\/product"}],"about":[{"href":"https:\/\/ecg-electro.eu\/cs\/wp-json\/wp\/v2\/types\/product"}],"wp:featuredmedia":[{"embeddable":true,"href":"https:\/\/ecg-electro.eu\/cs\/wp-json\/wp\/v2\/media\/2013249"}],"wp:attachment":[{"href":"https:\/\/ecg-electro.eu\/cs\/wp-json\/wp\/v2\/media?parent=1850437"}],"wp:term":[{"taxonomy":"product_brand","embeddable":true,"href":"https:\/\/ecg-electro.eu\/cs\/wp-json\/wp\/v2\/product_brand?post=1850437"},{"taxonomy":"product_cat","embeddable":true,"href":"https:\/\/ecg-electro.eu\/cs\/wp-json\/wp\/v2\/product_cat?post=1850437"},{"taxonomy":"product_tag","embeddable":true,"href":"https:\/\/ecg-electro.eu\/cs\/wp-json\/wp\/v2\/product_tag?post=1850437"}],"curies":[{"name":"wp","href":"https:\/\/api.w.org\/{rel}","templated":true}]}}