{"id":1849247,"date":"2021-05-02T14:31:46","date_gmt":"2021-05-03T04:30:39","guid":{"rendered":"https:\/\/ecg-electro.eu\/product\/ecg-fs-40a-black-2\/"},"modified":"2026-04-16T10:06:08","modified_gmt":"2026-04-16T08:06:08","slug":"ecg-fs-40a-black","status":"publish","type":"product","link":"https:\/\/ecg-electro.eu\/cs\/ecg-fs-40a-black\/","title":{"rendered":"ECG FS 40a Black"},"content":{"rendered":"<p>Nastaven\u00ed je velmi snadn\u00e9 a intuitivn\u00ed a zvl\u00e1dne ho opravdu ka\u017ed\u00fd. Stojanov\u00fd ventil\u00e1tor ECG FS 40a je mo\u017en\u00e9 ovl\u00e1dat s pomoc\u00ed dotykov\u00fdch tla\u010d\u00edtek.<\/p>\n<p>V\u011btr\u00e1k je velmi flexibiln\u00ed. Na v\u00fdb\u011br m\u00e1te celkem ze <strong>3 rychlost\u00ed<\/strong> proud\u011bn\u00ed vzduchu a hlavu ventil\u00e1toru je mo\u017en\u00e9 nato\u010dit nebo sklopit. Snadno tak\u00e9 m\u016f\u017eete <strong>p\u0159izp\u016fsobit jeho v\u00fd\u0161ku<\/strong>.<\/p>\n<p>Spot\u0159ebi\u010d je vybaven <strong>ochranou proti p\u0159eh\u0159\u00e1t\u00ed<\/strong>. Tento model<strong>\u00a0<\/strong>vynik\u00e1 velmi n\u00edzkou hlu\u010dnost\u00ed, a proto m\u00e1te jistotu, \u017ee v\u00e1s nebude ru\u0161it. P\u0159\u00edkon dosahuje hodnoty\u00a0<strong>50 W<\/strong>.<\/p>\n","protected":false},"excerpt":{"rendered":"<p>Nastaven\u00ed je velmi snadn\u00e9 a intuitivn\u00ed a zvl\u00e1dne ho opravdu ka\u017ed\u00fd. Stojanov\u00fd ventil\u00e1tor ECG FS 40a je mo\u017en\u00e9 ovl\u00e1dat s pomoc\u00ed dotykov\u00fdch tla\u010d\u00edtek. V\u011btr\u00e1k je velmi flexibiln\u00ed. Na v\u00fdb\u011br m\u00e1te celkem ze 3 rychlost\u00ed proud\u011bn\u00ed vzduchu a hlavu ventil\u00e1toru je mo\u017en\u00e9 nato\u010dit nebo sklopit. Snadno tak\u00e9 m\u016f\u017eete p\u0159izp\u016fsobit jeho v\u00fd\u0161ku. Spot\u0159ebi\u010d je vybaven ochranou proti [&hellip;]<\/p>\n","protected":false},"featured_media":2013171,"template":"","meta":{"_acf_changed":false,"_monsterinsights_skip_tracking":false,"_monsterinsights_sitenote_active":false,"_monsterinsights_sitenote_note":"","_monsterinsights_sitenote_category":0},"product_brand":[],"product_cat":[45752],"product_tag":[],"class_list":{"0":"post-1849247","1":"product","2":"type-product","3":"status-publish","4":"has-post-thumbnail","6":"product_cat-stojanove-ventilatory","8":"first","9":"instock","10":"taxable","11":"shipping-taxable","12":"purchasable","13":"product-type-simple"},"acf":[],"_links":{"self":[{"href":"https:\/\/ecg-electro.eu\/cs\/wp-json\/wp\/v2\/product\/1849247","targetHints":{"allow":["GET"]}}],"collection":[{"href":"https:\/\/ecg-electro.eu\/cs\/wp-json\/wp\/v2\/product"}],"about":[{"href":"https:\/\/ecg-electro.eu\/cs\/wp-json\/wp\/v2\/types\/product"}],"wp:featuredmedia":[{"embeddable":true,"href":"https:\/\/ecg-electro.eu\/cs\/wp-json\/wp\/v2\/media\/2013171"}],"wp:attachment":[{"href":"https:\/\/ecg-electro.eu\/cs\/wp-json\/wp\/v2\/media?parent=1849247"}],"wp:term":[{"taxonomy":"product_brand","embeddable":true,"href":"https:\/\/ecg-electro.eu\/cs\/wp-json\/wp\/v2\/product_brand?post=1849247"},{"taxonomy":"product_cat","embeddable":true,"href":"https:\/\/ecg-electro.eu\/cs\/wp-json\/wp\/v2\/product_cat?post=1849247"},{"taxonomy":"product_tag","embeddable":true,"href":"https:\/\/ecg-electro.eu\/cs\/wp-json\/wp\/v2\/product_tag?post=1849247"}],"curies":[{"name":"wp","href":"https:\/\/api.w.org\/{rel}","templated":true}]}}