{"id":1845659,"date":"2021-05-02T14:31:40","date_gmt":"2021-05-03T04:23:27","guid":{"rendered":"https:\/\/ecg-electro.eu\/product\/ecg-vs-110-b10-2\/"},"modified":"2026-04-02T15:05:58","modified_gmt":"2026-04-02T13:05:58","slug":"ecg-vs-110-b10","status":"publish","type":"product","link":"https:\/\/ecg-electro.eu\/cs\/ecg-vs-110-b10\/","title":{"rendered":"ECG VS 110 B10"},"content":{"rendered":"<p>Tato sv\u00e1\u0159e\u010dka f\u00f3li\u00ed m\u00e1 <strong>kapacitu 9 l\/min<\/strong>. Sou\u010d\u00e1st\u00ed balen\u00ed je p\u011bt vakuov\u00fdch s\u00e1\u010dk\u016f o velikosti\u00a020\u00d730 cm a dal\u0161\u00edch p\u011bt \u00a0o velikosti\u00a028\u00d740 cm. Doba sva\u0159ov\u00e1n\u00ed je 6-10 sekund. Doba vakuov\u00e1n\u00ed a sva\u0159ov\u00e1n\u00ed 10-20 sekund. Za\u0159\u00edzen\u00ed pracuje naprosto automaticky. Nejprve uzav\u0159e f\u00f3lii, n\u00e1sledn\u011b odsaje vzduch podtlakem a\u017e\u00a0-0,65 baru a zatav\u00ed spoj. O prob\u00edhaj\u00edc\u00ed \u010dinnosti v\u00e1s informuje signalizace provozu. Pro bezpe\u010dn\u00fd provoz je sv\u00e1\u0159e\u010dka vybavena protiskluzov\u00fdmi patkami.<\/p>\n","protected":false},"excerpt":{"rendered":"<p>Tato sv\u00e1\u0159e\u010dka f\u00f3li\u00ed m\u00e1 kapacitu 9 l\/min. Sou\u010d\u00e1st\u00ed balen\u00ed je p\u011bt vakuov\u00fdch s\u00e1\u010dk\u016f o velikosti\u00a020\u00d730 cm a dal\u0161\u00edch p\u011bt \u00a0o velikosti\u00a028\u00d740 cm. Doba sva\u0159ov\u00e1n\u00ed je 6-10 sekund. Doba vakuov\u00e1n\u00ed a sva\u0159ov\u00e1n\u00ed 10-20 sekund. Za\u0159\u00edzen\u00ed pracuje naprosto automaticky. Nejprve uzav\u0159e f\u00f3lii, n\u00e1sledn\u011b odsaje vzduch podtlakem a\u017e\u00a0-0,65 baru a zatav\u00ed spoj. O prob\u00edhaj\u00edc\u00ed \u010dinnosti v\u00e1s informuje signalizace [&hellip;]<\/p>\n","protected":false},"featured_media":1970672,"template":"","meta":{"_acf_changed":false,"_monsterinsights_skip_tracking":false,"_monsterinsights_sitenote_active":false,"_monsterinsights_sitenote_note":"","_monsterinsights_sitenote_category":0},"product_cat":[44361],"product_tag":[],"class_list":{"0":"post-1845659","1":"product","2":"type-product","3":"status-publish","4":"has-post-thumbnail","6":"product_cat-vakuovaci-svarecky-folii","8":"first","9":"instock","10":"taxable","11":"shipping-taxable","12":"purchasable","13":"product-type-simple"},"acf":[],"_links":{"self":[{"href":"https:\/\/ecg-electro.eu\/cs\/wp-json\/wp\/v2\/product\/1845659","targetHints":{"allow":["GET"]}}],"collection":[{"href":"https:\/\/ecg-electro.eu\/cs\/wp-json\/wp\/v2\/product"}],"about":[{"href":"https:\/\/ecg-electro.eu\/cs\/wp-json\/wp\/v2\/types\/product"}],"wp:featuredmedia":[{"embeddable":true,"href":"https:\/\/ecg-electro.eu\/cs\/wp-json\/wp\/v2\/media\/1970672"}],"wp:attachment":[{"href":"https:\/\/ecg-electro.eu\/cs\/wp-json\/wp\/v2\/media?parent=1845659"}],"wp:term":[{"taxonomy":"product_cat","embeddable":true,"href":"https:\/\/ecg-electro.eu\/cs\/wp-json\/wp\/v2\/product_cat?post=1845659"},{"taxonomy":"product_tag","embeddable":true,"href":"https:\/\/ecg-electro.eu\/cs\/wp-json\/wp\/v2\/product_tag?post=1845659"}],"curies":[{"name":"wp","href":"https:\/\/api.w.org\/{rel}","templated":true}]}}