{"id":1843644,"date":"2021-05-02T14:31:38","date_gmt":"2021-05-03T04:19:41","guid":{"rendered":"https:\/\/ecg-electro.eu\/product\/ecg-s-2070-panini-2\/"},"modified":"2026-04-20T10:36:26","modified_gmt":"2026-04-20T08:36:26","slug":"ecg-s-2070-panini","status":"publish","type":"product","link":"https:\/\/ecg-electro.eu\/cs\/ecg-s-2070-panini\/","title":{"rendered":"ECG S 2070 Panini"},"content":{"rendered":"<p>Samoz\u0159ejmost\u00ed je bezpe\u010dn\u00fd provoz. Spot\u0159ebi\u010d ECG S 2070 Panini je vybaven<strong> tepeln\u011b izolovan\u00fdm madlem<\/strong>, tak\u017ee se nemus\u00edte b\u00e1t, \u017ee byste se p\u0159i pou\u017e\u00edv\u00e1n\u00ed pop\u00e1lili. Nechyb\u00ed z\u00e1mek pro snadn\u011bj\u0161\u00ed manipulaci a z\u00e1mek grilovac\u00edch ploch.<\/p>\n<p>Gril d\u00e1le disponuje kontrolkou, kter\u00e1 v\u00e1s informuje o zapnut\u00ed a kontrolkou provozu. <strong>Protiskluzov\u00e9 no\u017ei\u010dky\u00a0<\/strong>zajist\u00ed, \u017ee v\u00e1m\u00a0ECG S 2070 Panini p\u0159i pou\u017e\u00edv\u00e1n\u00ed nesklouzne z linky. P\u0159\u00edstroj je mo\u017en\u00e9 skladovat ve vertik\u00e1ln\u00ed poloze, ve va\u0161\u00ed kuchyni tak nezabere moc prostoru.<\/p>\n","protected":false},"excerpt":{"rendered":"<p>Samoz\u0159ejmost\u00ed je bezpe\u010dn\u00fd provoz. Spot\u0159ebi\u010d ECG S 2070 Panini je vybaven tepeln\u011b izolovan\u00fdm madlem, tak\u017ee se nemus\u00edte b\u00e1t, \u017ee byste se p\u0159i pou\u017e\u00edv\u00e1n\u00ed pop\u00e1lili. Nechyb\u00ed z\u00e1mek pro snadn\u011bj\u0161\u00ed manipulaci a z\u00e1mek grilovac\u00edch ploch. Gril d\u00e1le disponuje kontrolkou, kter\u00e1 v\u00e1s informuje o zapnut\u00ed a kontrolkou provozu. Protiskluzov\u00e9 no\u017ei\u010dky\u00a0zajist\u00ed, \u017ee v\u00e1m\u00a0ECG S 2070 Panini p\u0159i pou\u017e\u00edv\u00e1n\u00ed nesklouzne [&hellip;]<\/p>\n","protected":false},"featured_media":2012860,"template":"","meta":{"_acf_changed":false,"_monsterinsights_skip_tracking":false,"_monsterinsights_sitenote_active":false,"_monsterinsights_sitenote_note":"","_monsterinsights_sitenote_category":0},"product_brand":[],"product_cat":[44940,44585],"product_tag":[46623],"class_list":{"0":"post-1843644","1":"product","2":"type-product","3":"status-publish","4":"has-post-thumbnail","6":"product_cat-kontaktni-grily","7":"product_cat-sendvicovace","8":"product_tag-akce-60-dni","10":"first","11":"instock","12":"taxable","13":"shipping-taxable","14":"purchasable","15":"product-type-simple"},"acf":[],"_links":{"self":[{"href":"https:\/\/ecg-electro.eu\/cs\/wp-json\/wp\/v2\/product\/1843644","targetHints":{"allow":["GET"]}}],"collection":[{"href":"https:\/\/ecg-electro.eu\/cs\/wp-json\/wp\/v2\/product"}],"about":[{"href":"https:\/\/ecg-electro.eu\/cs\/wp-json\/wp\/v2\/types\/product"}],"wp:featuredmedia":[{"embeddable":true,"href":"https:\/\/ecg-electro.eu\/cs\/wp-json\/wp\/v2\/media\/2012860"}],"wp:attachment":[{"href":"https:\/\/ecg-electro.eu\/cs\/wp-json\/wp\/v2\/media?parent=1843644"}],"wp:term":[{"taxonomy":"product_brand","embeddable":true,"href":"https:\/\/ecg-electro.eu\/cs\/wp-json\/wp\/v2\/product_brand?post=1843644"},{"taxonomy":"product_cat","embeddable":true,"href":"https:\/\/ecg-electro.eu\/cs\/wp-json\/wp\/v2\/product_cat?post=1843644"},{"taxonomy":"product_tag","embeddable":true,"href":"https:\/\/ecg-electro.eu\/cs\/wp-json\/wp\/v2\/product_tag?post=1843644"}],"curies":[{"name":"wp","href":"https:\/\/api.w.org\/{rel}","templated":true}]}}