{"id":1838390,"date":"2021-05-02T14:31:30","date_gmt":"2021-05-03T04:08:56","guid":{"rendered":"https:\/\/ecg-electro.eu\/product\/ecg-rs-5011-2\/"},"modified":"2026-04-14T10:10:35","modified_gmt":"2026-04-14T08:10:35","slug":"ecg-rs-5011","status":"publish","type":"product","link":"https:\/\/ecg-electro.eu\/cs\/ecg-rs-5011\/","title":{"rendered":"ECG RS 5011"},"content":{"rendered":"<p><strong>Ergonomicky tvarovan\u00e1\u00a0rukoje\u0165 <\/strong>zajist\u00ed pohodlnou manipulaci s p\u0159\u00edstrojem, nemus\u00edte se tak b\u00e1t, \u017ee by v\u00e1m mix\u00e9r p\u0159i pou\u017eit\u00ed mohl vyklouznout\u00a0z ruky.<\/p>\n<p>Hmotnost ECG RS 5011 je pouze<strong> 1 kg<\/strong>. K ru\u010dn\u00edmu \u0161leha\u010di\u00a0nechyb\u00ed ani p\u0159\u00edvodn\u00ed\u00a0kabel s d\u00e9lkou 65 cm a dr\u017e\u00e1k na namot\u00e1v\u00e1n\u00ed kabelu.<\/p>\n<p>Elegantn\u00ed proveden\u00ed v kombinaci <strong>\u010dern\u00e9 barvy<\/strong> a <strong>nerezu<\/strong> zaji\u0161\u0165uje, \u017ee se\u00a0ECG RS 5011 hod\u00ed do ka\u017ed\u00e9 dom\u00e1cnosti. Po\u0159i\u010fte si multifunk\u010dn\u00edho pomocn\u00edka i do va\u0161\u00ed kuchyn\u011b.<\/p>\n","protected":false},"excerpt":{"rendered":"<p>Ergonomicky tvarovan\u00e1\u00a0rukoje\u0165 zajist\u00ed pohodlnou manipulaci s p\u0159\u00edstrojem, nemus\u00edte se tak b\u00e1t, \u017ee by v\u00e1m mix\u00e9r p\u0159i pou\u017eit\u00ed mohl vyklouznout\u00a0z ruky. Hmotnost ECG RS 5011 je pouze 1 kg. K ru\u010dn\u00edmu \u0161leha\u010di\u00a0nechyb\u00ed ani p\u0159\u00edvodn\u00ed\u00a0kabel s d\u00e9lkou 65 cm a dr\u017e\u00e1k na namot\u00e1v\u00e1n\u00ed kabelu. Elegantn\u00ed proveden\u00ed v kombinaci \u010dern\u00e9 barvy a nerezu zaji\u0161\u0165uje, \u017ee se\u00a0ECG RS 5011 [&hellip;]<\/p>\n","protected":false},"featured_media":2012496,"template":"","meta":{"_acf_changed":false,"_monsterinsights_skip_tracking":false,"_monsterinsights_sitenote_active":false,"_monsterinsights_sitenote_note":"","_monsterinsights_sitenote_category":0},"product_brand":[],"product_cat":[44723],"product_tag":[],"class_list":{"0":"post-1838390","1":"product","2":"type-product","3":"status-publish","4":"has-post-thumbnail","6":"product_cat-rucni-mixery","8":"first","9":"instock","10":"taxable","11":"shipping-taxable","12":"purchasable","13":"product-type-simple"},"acf":[],"_links":{"self":[{"href":"https:\/\/ecg-electro.eu\/cs\/wp-json\/wp\/v2\/product\/1838390","targetHints":{"allow":["GET"]}}],"collection":[{"href":"https:\/\/ecg-electro.eu\/cs\/wp-json\/wp\/v2\/product"}],"about":[{"href":"https:\/\/ecg-electro.eu\/cs\/wp-json\/wp\/v2\/types\/product"}],"wp:featuredmedia":[{"embeddable":true,"href":"https:\/\/ecg-electro.eu\/cs\/wp-json\/wp\/v2\/media\/2012496"}],"wp:attachment":[{"href":"https:\/\/ecg-electro.eu\/cs\/wp-json\/wp\/v2\/media?parent=1838390"}],"wp:term":[{"taxonomy":"product_brand","embeddable":true,"href":"https:\/\/ecg-electro.eu\/cs\/wp-json\/wp\/v2\/product_brand?post=1838390"},{"taxonomy":"product_cat","embeddable":true,"href":"https:\/\/ecg-electro.eu\/cs\/wp-json\/wp\/v2\/product_cat?post=1838390"},{"taxonomy":"product_tag","embeddable":true,"href":"https:\/\/ecg-electro.eu\/cs\/wp-json\/wp\/v2\/product_tag?post=1838390"}],"curies":[{"name":"wp","href":"https:\/\/api.w.org\/{rel}","templated":true}]}}