{"id":1825505,"date":"2021-05-02T14:31:12","date_gmt":"2021-05-03T03:44:53","guid":{"rendered":"https:\/\/ecg-electro.eu\/product\/ecg-esp-20101-black-2\/"},"modified":"2026-04-03T10:02:45","modified_gmt":"2026-04-03T08:02:45","slug":"ecg-esp-20101-black","status":"publish","type":"product","link":"https:\/\/ecg-electro.eu\/cs\/ecg-esp-20101-black\/","title":{"rendered":"ECG ESP 20101 Black"},"content":{"rendered":"<p>V balen\u00ed dostanete v\u0161e, co je pot\u0159eba, abyste mohli za\u010d\u00edt. Krom\u011b samotn\u00e9ho k\u00e1vovaru zde naleznete odm\u011brku na k\u00e1vu, <strong>dva filtry<\/strong> (na jeden a na dva \u0161\u00e1lky) a tak\u00e9 dr\u017e\u00e1k filtru. Odkap\u00e1vac\u00ed t\u00e1cek je pro snadnou \u00fadr\u017ebu a myt\u00ed odn\u00edmateln\u00fd.<\/p>\n<p>K\u00e1vovar z \u010dern\u00e9ho plastu a nerezu se stane ozdobou ka\u017ed\u00e9 kuchyn\u011b. Jeho rozm\u011bry jsou \u00a029\u00d720\u00d730 centimetr\u016f a hmotnost 3,3 kilogramu.<\/p>\n","protected":false},"excerpt":{"rendered":"<p>V balen\u00ed dostanete v\u0161e, co je pot\u0159eba, abyste mohli za\u010d\u00edt. Krom\u011b samotn\u00e9ho k\u00e1vovaru zde naleznete odm\u011brku na k\u00e1vu, dva filtry (na jeden a na dva \u0161\u00e1lky) a tak\u00e9 dr\u017e\u00e1k filtru. Odkap\u00e1vac\u00ed t\u00e1cek je pro snadnou \u00fadr\u017ebu a myt\u00ed odn\u00edmateln\u00fd. K\u00e1vovar z \u010dern\u00e9ho plastu a nerezu se stane ozdobou ka\u017ed\u00e9 kuchyn\u011b. Jeho rozm\u011bry jsou \u00a029\u00d720\u00d730 centimetr\u016f [&hellip;]<\/p>\n","protected":false},"featured_media":2011781,"template":"","meta":{"_acf_changed":false,"_monsterinsights_skip_tracking":false,"_monsterinsights_sitenote_active":false,"_monsterinsights_sitenote_note":"","_monsterinsights_sitenote_category":0},"product_cat":[44487],"product_tag":[],"class_list":{"0":"post-1825505","1":"product","2":"type-product","3":"status-publish","4":"has-post-thumbnail","6":"product_cat-espresso-kavovary","8":"first","9":"instock","10":"taxable","11":"shipping-taxable","12":"purchasable","13":"product-type-simple"},"acf":[],"_links":{"self":[{"href":"https:\/\/ecg-electro.eu\/cs\/wp-json\/wp\/v2\/product\/1825505","targetHints":{"allow":["GET"]}}],"collection":[{"href":"https:\/\/ecg-electro.eu\/cs\/wp-json\/wp\/v2\/product"}],"about":[{"href":"https:\/\/ecg-electro.eu\/cs\/wp-json\/wp\/v2\/types\/product"}],"wp:featuredmedia":[{"embeddable":true,"href":"https:\/\/ecg-electro.eu\/cs\/wp-json\/wp\/v2\/media\/2011781"}],"wp:attachment":[{"href":"https:\/\/ecg-electro.eu\/cs\/wp-json\/wp\/v2\/media?parent=1825505"}],"wp:term":[{"taxonomy":"product_cat","embeddable":true,"href":"https:\/\/ecg-electro.eu\/cs\/wp-json\/wp\/v2\/product_cat?post=1825505"},{"taxonomy":"product_tag","embeddable":true,"href":"https:\/\/ecg-electro.eu\/cs\/wp-json\/wp\/v2\/product_tag?post=1825505"}],"curies":[{"name":"wp","href":"https:\/\/api.w.org\/{rel}","templated":true}]}}