{"id":1823490,"date":"2021-05-02T14:31:10","date_gmt":"2021-05-03T03:41:15","guid":{"rendered":"https:\/\/ecg-electro.eu\/product\/ecg-kp-2115-black-2\/"},"modified":"2026-04-05T10:04:23","modified_gmt":"2026-04-05T08:04:23","slug":"ecg-kp-2115-black","status":"publish","type":"product","link":"https:\/\/ecg-electro.eu\/cs\/ecg-kp-2115-black\/","title":{"rendered":"ECG KP 2115 Black"},"content":{"rendered":"<p>K\u00e1vovar na p\u0159ekap\u00e1vanou k\u00e1vu ECG KP 2115 Black v\u00e1s pot\u011b\u0161\u00ed i sv\u00fdm <b>elegantn\u00edm designem<\/b>, kter\u00fd kombinuje \u010dernou povrchovou \u00fapravu se sklen\u011bn\u00fdm proveden\u00edm karafy. Po\u0159\u00edzen\u00edm tohoto sympatick\u00e9ho spot\u0159ebi\u010de tak z\u00edsk\u00e1te i vkusnou ozdobu svoj\u00ed kuchyn\u011b.<\/p>\n<p>Opat\u0159ete si n\u00e1\u0161 cenov\u011b dostupn\u00fd p\u0159ekap\u00e1va\u010d i vy a vychutnejte si \u0161\u00e1lek v\u00fdborn\u00e9 k\u00e1vy, kdykoliv na n\u011bj dostanete chu\u0165.<\/p>\n","protected":false},"excerpt":{"rendered":"<p>K\u00e1vovar na p\u0159ekap\u00e1vanou k\u00e1vu ECG KP 2115 Black v\u00e1s pot\u011b\u0161\u00ed i sv\u00fdm elegantn\u00edm designem, kter\u00fd kombinuje \u010dernou povrchovou \u00fapravu se sklen\u011bn\u00fdm proveden\u00edm karafy. Po\u0159\u00edzen\u00edm tohoto sympatick\u00e9ho spot\u0159ebi\u010de tak z\u00edsk\u00e1te i vkusnou ozdobu svoj\u00ed kuchyn\u011b. Opat\u0159ete si n\u00e1\u0161 cenov\u011b dostupn\u00fd p\u0159ekap\u00e1va\u010d i vy a vychutnejte si \u0161\u00e1lek v\u00fdborn\u00e9 k\u00e1vy, kdykoliv na n\u011bj dostanete chu\u0165.<\/p>\n","protected":false},"featured_media":2011638,"template":"","meta":{"_acf_changed":false,"_monsterinsights_skip_tracking":false,"_monsterinsights_sitenote_active":false,"_monsterinsights_sitenote_note":"","_monsterinsights_sitenote_category":0},"product_cat":[44529],"product_tag":[],"class_list":{"0":"post-1823490","1":"product","2":"type-product","3":"status-publish","4":"has-post-thumbnail","6":"product_cat-prekapavace","8":"first","9":"instock","10":"taxable","11":"shipping-taxable","12":"purchasable","13":"product-type-simple"},"acf":[],"_links":{"self":[{"href":"https:\/\/ecg-electro.eu\/cs\/wp-json\/wp\/v2\/product\/1823490","targetHints":{"allow":["GET"]}}],"collection":[{"href":"https:\/\/ecg-electro.eu\/cs\/wp-json\/wp\/v2\/product"}],"about":[{"href":"https:\/\/ecg-electro.eu\/cs\/wp-json\/wp\/v2\/types\/product"}],"wp:featuredmedia":[{"embeddable":true,"href":"https:\/\/ecg-electro.eu\/cs\/wp-json\/wp\/v2\/media\/2011638"}],"wp:attachment":[{"href":"https:\/\/ecg-electro.eu\/cs\/wp-json\/wp\/v2\/media?parent=1823490"}],"wp:term":[{"taxonomy":"product_cat","embeddable":true,"href":"https:\/\/ecg-electro.eu\/cs\/wp-json\/wp\/v2\/product_cat?post=1823490"},{"taxonomy":"product_tag","embeddable":true,"href":"https:\/\/ecg-electro.eu\/cs\/wp-json\/wp\/v2\/product_tag?post=1823490"}],"curies":[{"name":"wp","href":"https:\/\/api.w.org\/{rel}","templated":true}]}}