{"id":1798472,"date":"2021-05-02T14:30:46","date_gmt":"2021-05-03T02:46:55","guid":{"rendered":"https:\/\/ecg-electro.eu\/product\/ecg-mhz-270-sd-2\/"},"modified":"2026-04-21T15:30:43","modified_gmt":"2026-04-21T13:30:43","slug":"ecg-mhz-270-sd","status":"publish","type":"product","link":"https:\/\/ecg-electro.eu\/cs\/ecg-mhz-270-sd\/","title":{"rendered":"ECG MHZ 270 SD"},"content":{"rendered":"<p>Pokud nebudete zrovna zava\u0159ovat, ani pak nemus\u00ed hrnec zah\u00e1let v kuchyni. Skryt\u00fd topn\u00fd \u010dl\u00e1nek m\u016f\u017ee udr\u017eovat nastavenou teplotu n\u00e1poj\u016f k v\u00fddeji, a\u0165 u\u017e jde o o \u010daje, pol\u00e9vky nebo dal\u0161\u00ed pokrmy. P\u0159i t\u00e9to \u010dinnosti jist\u011b ocen\u00edte <strong>vestav\u011bn\u00fd v\u00fdpustn\u00fd kohout<\/strong> ve spodn\u00ed \u010d\u00e1sti, tak\u017ee se obejdete bez nab\u011bra\u010dky.<\/p>\n<p>Nerezov\u00e1 n\u00e1doba se snadno \u010dist\u00ed a k bezpe\u010dn\u00e9 a snadn\u00e9 manipulaci se hod\u00ed dvojice robustn\u00edch madel, protiskluzov\u00e9 no\u017ei\u010dky a tak\u00e9 prostor pro ulo\u017een\u00ed nap\u00e1jec\u00edho kabelu o d\u00e9lce 1,5 metru, pokud zrovna za\u0159\u00edzen\u00ed nen\u00ed v provozu.<\/p>\n","protected":false},"excerpt":{"rendered":"<p>Pokud nebudete zrovna zava\u0159ovat, ani pak nemus\u00ed hrnec zah\u00e1let v kuchyni. Skryt\u00fd topn\u00fd \u010dl\u00e1nek m\u016f\u017ee udr\u017eovat nastavenou teplotu n\u00e1poj\u016f k v\u00fddeji, a\u0165 u\u017e jde o o \u010daje, pol\u00e9vky nebo dal\u0161\u00ed pokrmy. P\u0159i t\u00e9to \u010dinnosti jist\u011b ocen\u00edte vestav\u011bn\u00fd v\u00fdpustn\u00fd kohout ve spodn\u00ed \u010d\u00e1sti, tak\u017ee se obejdete bez nab\u011bra\u010dky. Nerezov\u00e1 n\u00e1doba se snadno \u010dist\u00ed a k bezpe\u010dn\u00e9 [&hellip;]<\/p>\n","protected":false},"featured_media":2010559,"template":"","meta":{"_acf_changed":false,"_monsterinsights_skip_tracking":false,"_monsterinsights_sitenote_active":false,"_monsterinsights_sitenote_note":"","_monsterinsights_sitenote_category":0},"product_brand":[],"product_cat":[46499],"product_tag":[],"class_list":{"0":"post-1798472","1":"product","2":"type-product","3":"status-publish","4":"has-post-thumbnail","6":"product_cat-automaticke-zavarovaci-hrnce","8":"first","9":"instock","10":"taxable","11":"shipping-taxable","12":"purchasable","13":"product-type-simple"},"acf":[],"_links":{"self":[{"href":"https:\/\/ecg-electro.eu\/cs\/wp-json\/wp\/v2\/product\/1798472","targetHints":{"allow":["GET"]}}],"collection":[{"href":"https:\/\/ecg-electro.eu\/cs\/wp-json\/wp\/v2\/product"}],"about":[{"href":"https:\/\/ecg-electro.eu\/cs\/wp-json\/wp\/v2\/types\/product"}],"wp:featuredmedia":[{"embeddable":true,"href":"https:\/\/ecg-electro.eu\/cs\/wp-json\/wp\/v2\/media\/2010559"}],"wp:attachment":[{"href":"https:\/\/ecg-electro.eu\/cs\/wp-json\/wp\/v2\/media?parent=1798472"}],"wp:term":[{"taxonomy":"product_brand","embeddable":true,"href":"https:\/\/ecg-electro.eu\/cs\/wp-json\/wp\/v2\/product_brand?post=1798472"},{"taxonomy":"product_cat","embeddable":true,"href":"https:\/\/ecg-electro.eu\/cs\/wp-json\/wp\/v2\/product_cat?post=1798472"},{"taxonomy":"product_tag","embeddable":true,"href":"https:\/\/ecg-electro.eu\/cs\/wp-json\/wp\/v2\/product_tag?post=1798472"}],"curies":[{"name":"wp","href":"https:\/\/api.w.org\/{rel}","templated":true}]}}