{"id":1785981,"date":"2021-05-02T14:30:25","date_gmt":"2021-05-03T02:15:21","guid":{"rendered":"https:\/\/ecg-electro.eu\/product\/ecg-rm-750-2\/"},"modified":"2026-04-18T10:42:05","modified_gmt":"2026-04-18T08:42:05","slug":"ecg-rm-750","status":"publish","type":"product","link":"https:\/\/ecg-electro.eu\/cs\/ecg-rm-750\/","title":{"rendered":"ECG RM 750"},"content":{"rendered":"<p>S ty\u010dov\u00fdm mix\u00e9rem ECG RM 750 z\u00edsk\u00e1v\u00e1te tak\u00e9 bohat\u00e9 p\u0159\u00edslu\u0161enstv\u00ed.<\/p>\n<p>P\u0159i sek\u00e1n\u00ed zeleniny nebo o\u0159ech\u016f jist\u011b ocen\u00edte prostornou <strong>n\u00e1dobu o objemu 500 ml<\/strong>, kter\u00e1 nav\u00edc disponuje <strong>samostatnou \u010depel\u00ed<\/strong>.<\/p>\n<p>Plastov\u00e1 <strong>n\u00e1doba s kapacitou 600 ml<\/strong> se pak hod\u00ed pro b\u011b\u017en\u00e9 mixov\u00e1n\u00ed potravin, ale skv\u011ble poslou\u017e\u00ed tak\u00e9 spolu s nerezov\u00fdm <strong>n\u00e1stavcem na \u0161leh\u00e1n\u00ed<\/strong>.<\/p>\n<p>Samotn\u00e1 v\u00fdm\u011bna n\u00e1stavc\u016f je pak velmi jednoduch\u00e1. D\u00edky tomuto multifunk\u010dn\u00edmu pomocn\u00edkovi se \u010das, kter\u00fd tr\u00e1v\u00edte v kuchyni, sn\u00ed\u017e\u00ed na minimum.<\/p>\n","protected":false},"excerpt":{"rendered":"<p>S ty\u010dov\u00fdm mix\u00e9rem ECG RM 750 z\u00edsk\u00e1v\u00e1te tak\u00e9 bohat\u00e9 p\u0159\u00edslu\u0161enstv\u00ed. P\u0159i sek\u00e1n\u00ed zeleniny nebo o\u0159ech\u016f jist\u011b ocen\u00edte prostornou n\u00e1dobu o objemu 500 ml, kter\u00e1 nav\u00edc disponuje samostatnou \u010depel\u00ed. Plastov\u00e1 n\u00e1doba s kapacitou 600 ml se pak hod\u00ed pro b\u011b\u017en\u00e9 mixov\u00e1n\u00ed potravin, ale skv\u011ble poslou\u017e\u00ed tak\u00e9 spolu s nerezov\u00fdm n\u00e1stavcem na \u0161leh\u00e1n\u00ed. Samotn\u00e1 v\u00fdm\u011bna n\u00e1stavc\u016f je [&hellip;]<\/p>\n","protected":false},"featured_media":2360435,"template":"","meta":{"_acf_changed":false,"_monsterinsights_skip_tracking":false,"_monsterinsights_sitenote_active":false,"_monsterinsights_sitenote_note":"","_monsterinsights_sitenote_category":0},"product_brand":[],"product_cat":[44700],"product_tag":[],"class_list":{"0":"post-1785981","1":"product","2":"type-product","3":"status-publish","4":"has-post-thumbnail","6":"product_cat-tycove-mixery","8":"first","9":"instock","10":"taxable","11":"shipping-taxable","12":"purchasable","13":"product-type-simple"},"acf":[],"_links":{"self":[{"href":"https:\/\/ecg-electro.eu\/cs\/wp-json\/wp\/v2\/product\/1785981","targetHints":{"allow":["GET"]}}],"collection":[{"href":"https:\/\/ecg-electro.eu\/cs\/wp-json\/wp\/v2\/product"}],"about":[{"href":"https:\/\/ecg-electro.eu\/cs\/wp-json\/wp\/v2\/types\/product"}],"wp:featuredmedia":[{"embeddable":true,"href":"https:\/\/ecg-electro.eu\/cs\/wp-json\/wp\/v2\/media\/2360435"}],"wp:attachment":[{"href":"https:\/\/ecg-electro.eu\/cs\/wp-json\/wp\/v2\/media?parent=1785981"}],"wp:term":[{"taxonomy":"product_brand","embeddable":true,"href":"https:\/\/ecg-electro.eu\/cs\/wp-json\/wp\/v2\/product_brand?post=1785981"},{"taxonomy":"product_cat","embeddable":true,"href":"https:\/\/ecg-electro.eu\/cs\/wp-json\/wp\/v2\/product_cat?post=1785981"},{"taxonomy":"product_tag","embeddable":true,"href":"https:\/\/ecg-electro.eu\/cs\/wp-json\/wp\/v2\/product_tag?post=1785981"}],"curies":[{"name":"wp","href":"https:\/\/api.w.org\/{rel}","templated":true}]}}