{"id":1775205,"date":"2021-05-02T14:30:10","date_gmt":"2021-05-03T01:55:23","guid":{"rendered":"https:\/\/ecg-electro.eu\/product\/ecg-mk-104-2\/"},"modified":"2026-04-23T10:30:16","modified_gmt":"2026-04-23T08:30:16","slug":"ecg-mk-104","status":"publish","type":"product","link":"https:\/\/ecg-electro.eu\/cs\/ecg-mk-104\/","title":{"rendered":"ECG MK 104"},"content":{"rendered":"<p>N\u00e1ro\u010dnosti provozu se ob\u00e1vat nemus\u00edte. Klimatizace ECG MK 104 pat\u0159\u00ed do \u00fasporn\u00e9 <strong>energetick\u00e9 t\u0159\u00eddy A<\/strong>. Ur\u010dit\u011b v\u00e1s tak\u00e9 nebude ru\u0161it, proto\u017ee jej\u00ed hlu\u010dnost je pouh\u00fdch 65 dB. V\u00fdrobce myslel i na takov\u00e9 v\u011bci jako je pojistka proti p\u0159eh\u0159\u00e1t\u00ed. Nechyb\u00ed ani indik\u00e1tor pln\u00e9 n\u00e1doby s vodou.<\/p>\n<p>Sou\u010d\u00e1st\u00ed balen\u00ed je i okenn\u00ed sada pro mobiln\u00ed klimatizace, kter\u00e1 zabra\u0148uje pr\u016fniku tepla do m\u00edstnosti kolem trubky.<\/p>\n","protected":false},"excerpt":{"rendered":"<p>N\u00e1ro\u010dnosti provozu se ob\u00e1vat nemus\u00edte. Klimatizace ECG MK 104 pat\u0159\u00ed do \u00fasporn\u00e9 energetick\u00e9 t\u0159\u00eddy A. Ur\u010dit\u011b v\u00e1s tak\u00e9 nebude ru\u0161it, proto\u017ee jej\u00ed hlu\u010dnost je pouh\u00fdch 65 dB. V\u00fdrobce myslel i na takov\u00e9 v\u011bci jako je pojistka proti p\u0159eh\u0159\u00e1t\u00ed. Nechyb\u00ed ani indik\u00e1tor pln\u00e9 n\u00e1doby s vodou. Sou\u010d\u00e1st\u00ed balen\u00ed je i okenn\u00ed sada pro mobiln\u00ed klimatizace, kter\u00e1 [&hellip;]<\/p>\n","protected":false},"featured_media":2008353,"template":"","meta":{"_acf_changed":false,"_monsterinsights_skip_tracking":false,"_monsterinsights_sitenote_active":false,"_monsterinsights_sitenote_note":"","_monsterinsights_sitenote_category":0},"product_brand":[],"product_cat":[45556],"product_tag":[],"class_list":{"0":"post-1775205","1":"product","2":"type-product","3":"status-publish","4":"has-post-thumbnail","6":"product_cat-mobilni-klimatizace","8":"first","9":"instock","10":"taxable","11":"shipping-taxable","12":"purchasable","13":"product-type-simple"},"acf":[],"_links":{"self":[{"href":"https:\/\/ecg-electro.eu\/cs\/wp-json\/wp\/v2\/product\/1775205","targetHints":{"allow":["GET"]}}],"collection":[{"href":"https:\/\/ecg-electro.eu\/cs\/wp-json\/wp\/v2\/product"}],"about":[{"href":"https:\/\/ecg-electro.eu\/cs\/wp-json\/wp\/v2\/types\/product"}],"wp:featuredmedia":[{"embeddable":true,"href":"https:\/\/ecg-electro.eu\/cs\/wp-json\/wp\/v2\/media\/2008353"}],"wp:attachment":[{"href":"https:\/\/ecg-electro.eu\/cs\/wp-json\/wp\/v2\/media?parent=1775205"}],"wp:term":[{"taxonomy":"product_brand","embeddable":true,"href":"https:\/\/ecg-electro.eu\/cs\/wp-json\/wp\/v2\/product_brand?post=1775205"},{"taxonomy":"product_cat","embeddable":true,"href":"https:\/\/ecg-electro.eu\/cs\/wp-json\/wp\/v2\/product_cat?post=1775205"},{"taxonomy":"product_tag","embeddable":true,"href":"https:\/\/ecg-electro.eu\/cs\/wp-json\/wp\/v2\/product_tag?post=1775205"}],"curies":[{"name":"wp","href":"https:\/\/api.w.org\/{rel}","templated":true}]}}