{"id":1718435,"date":"2021-05-02T14:29:51","date_gmt":"2021-05-03T00:17:09","guid":{"rendered":"https:\/\/ecg-electro.eu\/product\/ecg-bd-34-white-2\/"},"modified":"2026-04-02T15:22:50","modified_gmt":"2026-04-02T13:22:50","slug":"ecg-bd-34-white","status":"publish","type":"product","link":"https:\/\/ecg-electro.eu\/cs\/ecg-bd-34-white\/","title":{"rendered":"ECG BD 34 White"},"content":{"rendered":"<p>Tryska bezdotykov\u00e9ho d\u00e1vkova\u010de m\u00fddla\u00a0<strong>ECG BD 34 White<\/strong> je um\u00edst\u011bna chyt\u0159e <strong>v \u00fahlu 20\u00b0<\/strong>, a umo\u017e\u0148uje tak maxim\u00e1ln\u011b pohodln\u00e9 a <strong>p\u0159esn\u00e9 d\u00e1vkov\u00e1n\u00ed m\u00fddla<\/strong> p\u0159\u00edmo do va\u0161ich rukou.<\/p>\n<p>Praktick\u00e1 funkce <strong>Anti Drip<\/strong> nav\u00edc zamezuje samovoln\u00e9mu odkap\u00e1v\u00e1n\u00ed m\u00fddla a\u00a0s\u00a0t\u00edm spojen\u00e9\u00a0riziko\u00a0vzniku ne\u017e\u00e1douc\u00edch skvrn, stejn\u011b tak jako pl\u00fdtv\u00e1n\u00ed.<\/p>\n","protected":false},"excerpt":{"rendered":"<p>Tryska bezdotykov\u00e9ho d\u00e1vkova\u010de m\u00fddla\u00a0ECG BD 34 White je um\u00edst\u011bna chyt\u0159e v \u00fahlu 20\u00b0, a umo\u017e\u0148uje tak maxim\u00e1ln\u011b pohodln\u00e9 a p\u0159esn\u00e9 d\u00e1vkov\u00e1n\u00ed m\u00fddla p\u0159\u00edmo do va\u0161ich rukou. Praktick\u00e1 funkce Anti Drip nav\u00edc zamezuje samovoln\u00e9mu odkap\u00e1v\u00e1n\u00ed m\u00fddla a\u00a0s\u00a0t\u00edm spojen\u00e9\u00a0riziko\u00a0vzniku ne\u017e\u00e1douc\u00edch skvrn, stejn\u011b tak jako pl\u00fdtv\u00e1n\u00ed.<\/p>\n","protected":false},"featured_media":2007502,"template":"","meta":{"_acf_changed":false,"_monsterinsights_skip_tracking":false,"_monsterinsights_sitenote_active":false,"_monsterinsights_sitenote_note":"","_monsterinsights_sitenote_category":0},"product_cat":[45976],"product_tag":[],"class_list":{"0":"post-1718435","1":"product","2":"type-product","3":"status-publish","4":"has-post-thumbnail","6":"product_cat-davkovace-mydla-osobni-pece-2","8":"first","9":"instock","10":"taxable","11":"shipping-taxable","12":"purchasable","13":"product-type-simple"},"acf":[],"_links":{"self":[{"href":"https:\/\/ecg-electro.eu\/cs\/wp-json\/wp\/v2\/product\/1718435","targetHints":{"allow":["GET"]}}],"collection":[{"href":"https:\/\/ecg-electro.eu\/cs\/wp-json\/wp\/v2\/product"}],"about":[{"href":"https:\/\/ecg-electro.eu\/cs\/wp-json\/wp\/v2\/types\/product"}],"wp:featuredmedia":[{"embeddable":true,"href":"https:\/\/ecg-electro.eu\/cs\/wp-json\/wp\/v2\/media\/2007502"}],"wp:attachment":[{"href":"https:\/\/ecg-electro.eu\/cs\/wp-json\/wp\/v2\/media?parent=1718435"}],"wp:term":[{"taxonomy":"product_cat","embeddable":true,"href":"https:\/\/ecg-electro.eu\/cs\/wp-json\/wp\/v2\/product_cat?post=1718435"},{"taxonomy":"product_tag","embeddable":true,"href":"https:\/\/ecg-electro.eu\/cs\/wp-json\/wp\/v2\/product_tag?post=1718435"}],"curies":[{"name":"wp","href":"https:\/\/api.w.org\/{rel}","templated":true}]}}