{"id":1713403,"date":"2021-05-02T14:29:47","date_gmt":"2021-05-03T00:01:54","guid":{"rendered":"https:\/\/ecg-electro.eu\/product\/ecg-s-1370-waffle-2\/"},"modified":"2026-04-14T10:24:26","modified_gmt":"2026-04-14T08:24:26","slug":"ecg-s-1370-waffle","status":"publish","type":"product","link":"https:\/\/ecg-electro.eu\/cs\/ecg-s-1370-waffle\/","title":{"rendered":"ECG S 1370 Waffle"},"content":{"rendered":"<p>Ocen\u011bn\u00ed hodnou vlastnost\u00ed vaflova\u010de <strong>ECG S 1370 Waffle<\/strong> je zajist\u00e9 p\u0159edev\u0161\u00edm <strong>nep\u0159ilnav\u00e1 \u00faprava plot\u00fdnek<\/strong>, zna\u010dn\u011b zjednodu\u0161uj\u00edc\u00ed n\u00e1slednou \u00fadr\u017ebu.<\/p>\n<p>P\u0159\u00edstroj je rovn\u011b\u017e vybaven praktick\u00fdm indik\u00e1torem p\u0159ipravenosti k\u00a0pou\u017eit\u00ed a lze ho pohodln\u011b skladovat slo\u017een\u00fd ve <strong>vertik\u00e1ln\u00ed poloze<\/strong>.<\/p>\n<p>B\u011bhem pou\u017e\u00edv\u00e1n\u00ed se sp\u00e1len\u00ed b\u00e1t nemus\u00edte \u2013 <strong>rukoje\u0165 je tepeln\u011b izolovan\u00e1<\/strong>, a tud\u00ed\u017e maxim\u00e1ln\u011b bezpe\u010dn\u00e1 p\u0159i manipulaci.<\/p>\n","protected":false},"excerpt":{"rendered":"<p>Ocen\u011bn\u00ed hodnou vlastnost\u00ed vaflova\u010de ECG S 1370 Waffle je zajist\u00e9 p\u0159edev\u0161\u00edm nep\u0159ilnav\u00e1 \u00faprava plot\u00fdnek, zna\u010dn\u011b zjednodu\u0161uj\u00edc\u00ed n\u00e1slednou \u00fadr\u017ebu. P\u0159\u00edstroj je rovn\u011b\u017e vybaven praktick\u00fdm indik\u00e1torem p\u0159ipravenosti k\u00a0pou\u017eit\u00ed a lze ho pohodln\u011b skladovat slo\u017een\u00fd ve vertik\u00e1ln\u00ed poloze. B\u011bhem pou\u017e\u00edv\u00e1n\u00ed se sp\u00e1len\u00ed b\u00e1t nemus\u00edte \u2013 rukoje\u0165 je tepeln\u011b izolovan\u00e1, a tud\u00ed\u017e maxim\u00e1ln\u011b bezpe\u010dn\u00e1 p\u0159i manipulaci.<\/p>\n","protected":false},"featured_media":2007332,"template":"","meta":{"_acf_changed":false,"_monsterinsights_skip_tracking":false,"_monsterinsights_sitenote_active":false,"_monsterinsights_sitenote_note":"","_monsterinsights_sitenote_category":0},"product_brand":[],"product_cat":[44557],"product_tag":[],"class_list":{"0":"post-1713403","1":"product","2":"type-product","3":"status-publish","4":"has-post-thumbnail","6":"product_cat-vaflovace","8":"first","9":"instock","10":"taxable","11":"shipping-taxable","12":"purchasable","13":"product-type-simple"},"acf":[],"_links":{"self":[{"href":"https:\/\/ecg-electro.eu\/cs\/wp-json\/wp\/v2\/product\/1713403","targetHints":{"allow":["GET"]}}],"collection":[{"href":"https:\/\/ecg-electro.eu\/cs\/wp-json\/wp\/v2\/product"}],"about":[{"href":"https:\/\/ecg-electro.eu\/cs\/wp-json\/wp\/v2\/types\/product"}],"wp:featuredmedia":[{"embeddable":true,"href":"https:\/\/ecg-electro.eu\/cs\/wp-json\/wp\/v2\/media\/2007332"}],"wp:attachment":[{"href":"https:\/\/ecg-electro.eu\/cs\/wp-json\/wp\/v2\/media?parent=1713403"}],"wp:term":[{"taxonomy":"product_brand","embeddable":true,"href":"https:\/\/ecg-electro.eu\/cs\/wp-json\/wp\/v2\/product_brand?post=1713403"},{"taxonomy":"product_cat","embeddable":true,"href":"https:\/\/ecg-electro.eu\/cs\/wp-json\/wp\/v2\/product_cat?post=1713403"},{"taxonomy":"product_tag","embeddable":true,"href":"https:\/\/ecg-electro.eu\/cs\/wp-json\/wp\/v2\/product_tag?post=1713403"}],"curies":[{"name":"wp","href":"https:\/\/api.w.org\/{rel}","templated":true}]}}