{"id":1698425,"date":"2021-05-02T14:29:27","date_gmt":"2021-05-02T23:35:38","guid":{"rendered":"https:\/\/ecg-electro.eu\/product\/ecg-hk-1050-2\/"},"modified":"2026-04-25T10:00:46","modified_gmt":"2026-04-25T08:00:46","slug":"ecg-hk-1050","status":"publish","type":"product","link":"https:\/\/ecg-electro.eu\/cs\/ecg-hk-1050\/","title":{"rendered":"ECG HK 1050"},"content":{"rendered":"<p>Horkovzdu\u0161n\u00e1 kulma\u00a0<strong>ECG HK 1050<\/strong> s bohat\u00fdm p\u0159\u00edslu\u0161enstv\u00edm skr\u00fdv\u00e1 spoustu praktick\u00fdch a u\u017eite\u010dn\u00fdch detail\u016f.<\/p>\n<p>Samotn\u00fd p\u0159\u00edstroj v\u010detn\u011b v\u0161ech n\u00e1stavc\u016f m\u016f\u017eete snadno sbalit do <strong>ta\u0161ti\u010dky<\/strong>, kter\u00e1 je vhodn\u00e1 pro skladov\u00e1n\u00ed i na cesty.<\/p>\n<p>1<strong>,8m p\u0159\u00edvodn\u00ed kabel je o 360\u00b0 oto\u010dn\u00fd<\/strong>, a\u00a0poskytuje tak mo\u017enost maxim\u00e1ln\u011b komfortn\u00ed manipulace b\u011bhem stylingu vlas\u016f.<\/p>\n","protected":false},"excerpt":{"rendered":"<p>Horkovzdu\u0161n\u00e1 kulma\u00a0ECG HK 1050 s bohat\u00fdm p\u0159\u00edslu\u0161enstv\u00edm skr\u00fdv\u00e1 spoustu praktick\u00fdch a u\u017eite\u010dn\u00fdch detail\u016f. Samotn\u00fd p\u0159\u00edstroj v\u010detn\u011b v\u0161ech n\u00e1stavc\u016f m\u016f\u017eete snadno sbalit do ta\u0161ti\u010dky, kter\u00e1 je vhodn\u00e1 pro skladov\u00e1n\u00ed i na cesty. 1,8m p\u0159\u00edvodn\u00ed kabel je o 360\u00b0 oto\u010dn\u00fd, a\u00a0poskytuje tak mo\u017enost maxim\u00e1ln\u011b komfortn\u00ed manipulace b\u011bhem stylingu vlas\u016f.<\/p>\n","protected":false},"featured_media":1970805,"template":"","meta":{"_acf_changed":false,"_monsterinsights_skip_tracking":false,"_monsterinsights_sitenote_active":false,"_monsterinsights_sitenote_note":"","_monsterinsights_sitenote_category":0},"product_brand":[],"product_cat":[46095],"product_tag":[],"class_list":{"0":"post-1698425","1":"product","2":"type-product","3":"status-publish","4":"has-post-thumbnail","6":"product_cat-horkovzdusne-kulmy","8":"first","9":"instock","10":"taxable","11":"shipping-taxable","12":"purchasable","13":"product-type-simple"},"acf":[],"_links":{"self":[{"href":"https:\/\/ecg-electro.eu\/cs\/wp-json\/wp\/v2\/product\/1698425","targetHints":{"allow":["GET"]}}],"collection":[{"href":"https:\/\/ecg-electro.eu\/cs\/wp-json\/wp\/v2\/product"}],"about":[{"href":"https:\/\/ecg-electro.eu\/cs\/wp-json\/wp\/v2\/types\/product"}],"wp:featuredmedia":[{"embeddable":true,"href":"https:\/\/ecg-electro.eu\/cs\/wp-json\/wp\/v2\/media\/1970805"}],"wp:attachment":[{"href":"https:\/\/ecg-electro.eu\/cs\/wp-json\/wp\/v2\/media?parent=1698425"}],"wp:term":[{"taxonomy":"product_brand","embeddable":true,"href":"https:\/\/ecg-electro.eu\/cs\/wp-json\/wp\/v2\/product_brand?post=1698425"},{"taxonomy":"product_cat","embeddable":true,"href":"https:\/\/ecg-electro.eu\/cs\/wp-json\/wp\/v2\/product_cat?post=1698425"},{"taxonomy":"product_tag","embeddable":true,"href":"https:\/\/ecg-electro.eu\/cs\/wp-json\/wp\/v2\/product_tag?post=1698425"}],"curies":[{"name":"wp","href":"https:\/\/api.w.org\/{rel}","templated":true}]}}