{"id":1696843,"date":"2021-05-02T14:29:25","date_gmt":"2021-05-02T23:33:06","guid":{"rendered":"https:\/\/ecg-electro.eu\/product\/ecg-nz-322-auto-off-2\/"},"modified":"2026-04-16T10:04:34","modified_gmt":"2026-04-16T08:04:34","slug":"ecg-nz-322-auto-off","status":"publish","type":"product","link":"https:\/\/ecg-electro.eu\/cs\/ecg-nz-322-auto-off\/","title":{"rendered":"ECG NZ 322 Auto-Off"},"content":{"rendered":"<p>V\u00a0ot\u00e1zce dlouhodob\u00e9 \u00fadr\u017eby \u017eehli\u010dky <strong>ECG NZ 322 Auto-Off<\/strong> zcela jist\u011b ocen\u00edte \u0161ikovn\u00e9 funkce <strong>automatick\u00e9ho \u010di\u0161t\u011bn\u00ed a odv\u00e1pn\u011bn\u00ed<\/strong>, kter\u00e9 pomohou k\u00a0prodlou\u017een\u00ed jej\u00ed \u017eivotnosti.<\/p>\n<p>Syst\u00e9m <strong>Anti-Drip<\/strong> eliminuje riziko odkap\u00e1v\u00e1n\u00ed vody na \u017eehlen\u00e9 pr\u00e1dlo a t\u00edm zp\u016fsoben\u00e9 ne\u017e\u00e1douc\u00ed skvrny.<\/p>\n","protected":false},"excerpt":{"rendered":"<p>V\u00a0ot\u00e1zce dlouhodob\u00e9 \u00fadr\u017eby \u017eehli\u010dky ECG NZ 322 Auto-Off zcela jist\u011b ocen\u00edte \u0161ikovn\u00e9 funkce automatick\u00e9ho \u010di\u0161t\u011bn\u00ed a odv\u00e1pn\u011bn\u00ed, kter\u00e9 pomohou k\u00a0prodlou\u017een\u00ed jej\u00ed \u017eivotnosti. Syst\u00e9m Anti-Drip eliminuje riziko odkap\u00e1v\u00e1n\u00ed vody na \u017eehlen\u00e9 pr\u00e1dlo a t\u00edm zp\u016fsoben\u00e9 ne\u017e\u00e1douc\u00ed skvrny.<\/p>\n","protected":false},"featured_media":1969795,"template":"","meta":{"_acf_changed":false,"_monsterinsights_skip_tracking":false,"_monsterinsights_sitenote_active":false,"_monsterinsights_sitenote_note":"","_monsterinsights_sitenote_category":0},"product_brand":[],"product_cat":[45792],"product_tag":[],"class_list":{"0":"post-1696843","1":"product","2":"type-product","3":"status-publish","4":"has-post-thumbnail","6":"product_cat-naparovaci-zehlicky","8":"first","9":"instock","10":"taxable","11":"shipping-taxable","12":"purchasable","13":"product-type-simple"},"acf":[],"_links":{"self":[{"href":"https:\/\/ecg-electro.eu\/cs\/wp-json\/wp\/v2\/product\/1696843","targetHints":{"allow":["GET"]}}],"collection":[{"href":"https:\/\/ecg-electro.eu\/cs\/wp-json\/wp\/v2\/product"}],"about":[{"href":"https:\/\/ecg-electro.eu\/cs\/wp-json\/wp\/v2\/types\/product"}],"wp:featuredmedia":[{"embeddable":true,"href":"https:\/\/ecg-electro.eu\/cs\/wp-json\/wp\/v2\/media\/1969795"}],"wp:attachment":[{"href":"https:\/\/ecg-electro.eu\/cs\/wp-json\/wp\/v2\/media?parent=1696843"}],"wp:term":[{"taxonomy":"product_brand","embeddable":true,"href":"https:\/\/ecg-electro.eu\/cs\/wp-json\/wp\/v2\/product_brand?post=1696843"},{"taxonomy":"product_cat","embeddable":true,"href":"https:\/\/ecg-electro.eu\/cs\/wp-json\/wp\/v2\/product_cat?post=1696843"},{"taxonomy":"product_tag","embeddable":true,"href":"https:\/\/ecg-electro.eu\/cs\/wp-json\/wp\/v2\/product_tag?post=1696843"}],"curies":[{"name":"wp","href":"https:\/\/api.w.org\/{rel}","templated":true}]}}