{"id":1695458,"date":"2021-05-02T14:29:20","date_gmt":"2021-05-02T23:30:52","guid":{"rendered":"https:\/\/ecg-electro.eu\/product\/ecg-nz-210-travel-2\/"},"modified":"2026-04-25T10:26:46","modified_gmt":"2026-04-25T08:26:46","slug":"ecg-nz-210-travel","status":"publish","type":"product","link":"https:\/\/ecg-electro.eu\/cs\/ecg-nz-210-travel\/","title":{"rendered":"ECG NZ 210 Travel"},"content":{"rendered":"<p>Cestovn\u00ed \u017eehli\u010dka <strong>ECG NZ 210 Travel<\/strong> nab\u00edz\u00ed hned dvoj\u00ed mo\u017enost pou\u017eit\u00ed.<\/p>\n<p>Zat\u00edmco pro lehk\u00e9 narovn\u00e1n\u00ed va\u0161eho oble\u010den\u00ed lze vyu\u017e\u00edt such\u00e9ho <strong>re\u017eimu bez p\u00e1ry<\/strong>, v\u00edce zma\u010dkan\u00e9 a nepoddajn\u00e9 textilie snadno a rychle vyrovn\u00e1te za pomoci <strong>parn\u00edho r\u00e1zu<\/strong>, dosahuj\u00edc\u00edho a\u017e <strong>10 g za minutu<\/strong>.<\/p>\n","protected":false},"excerpt":{"rendered":"<p>Cestovn\u00ed \u017eehli\u010dka ECG NZ 210 Travel nab\u00edz\u00ed hned dvoj\u00ed mo\u017enost pou\u017eit\u00ed. Zat\u00edmco pro lehk\u00e9 narovn\u00e1n\u00ed va\u0161eho oble\u010den\u00ed lze vyu\u017e\u00edt such\u00e9ho re\u017eimu bez p\u00e1ry, v\u00edce zma\u010dkan\u00e9 a nepoddajn\u00e9 textilie snadno a rychle vyrovn\u00e1te za pomoci parn\u00edho r\u00e1zu, dosahuj\u00edc\u00edho a\u017e 10 g za minutu.<\/p>\n","protected":false},"featured_media":1969769,"template":"","meta":{"_acf_changed":false,"_monsterinsights_skip_tracking":false,"_monsterinsights_sitenote_active":false,"_monsterinsights_sitenote_note":"","_monsterinsights_sitenote_category":0},"product_brand":[],"product_cat":[45792],"product_tag":[],"class_list":{"0":"post-1695458","1":"product","2":"type-product","3":"status-publish","4":"has-post-thumbnail","6":"product_cat-naparovaci-zehlicky","8":"first","9":"instock","10":"taxable","11":"shipping-taxable","12":"purchasable","13":"product-type-simple"},"acf":[],"_links":{"self":[{"href":"https:\/\/ecg-electro.eu\/cs\/wp-json\/wp\/v2\/product\/1695458","targetHints":{"allow":["GET"]}}],"collection":[{"href":"https:\/\/ecg-electro.eu\/cs\/wp-json\/wp\/v2\/product"}],"about":[{"href":"https:\/\/ecg-electro.eu\/cs\/wp-json\/wp\/v2\/types\/product"}],"wp:featuredmedia":[{"embeddable":true,"href":"https:\/\/ecg-electro.eu\/cs\/wp-json\/wp\/v2\/media\/1969769"}],"wp:attachment":[{"href":"https:\/\/ecg-electro.eu\/cs\/wp-json\/wp\/v2\/media?parent=1695458"}],"wp:term":[{"taxonomy":"product_brand","embeddable":true,"href":"https:\/\/ecg-electro.eu\/cs\/wp-json\/wp\/v2\/product_brand?post=1695458"},{"taxonomy":"product_cat","embeddable":true,"href":"https:\/\/ecg-electro.eu\/cs\/wp-json\/wp\/v2\/product_cat?post=1695458"},{"taxonomy":"product_tag","embeddable":true,"href":"https:\/\/ecg-electro.eu\/cs\/wp-json\/wp\/v2\/product_tag?post=1695458"}],"curies":[{"name":"wp","href":"https:\/\/api.w.org\/{rel}","templated":true}]}}