{"id":1680180,"date":"2021-05-02T14:29:01","date_gmt":"2021-05-02T23:08:02","guid":{"rendered":"https:\/\/ecg-electro.eu\/product\/ecg-vp-3189-s-2\/"},"modified":"2026-04-05T10:08:24","modified_gmt":"2026-04-05T08:08:24","slug":"ecg-vp-3189-s","status":"publish","type":"product","link":"https:\/\/ecg-electro.eu\/cs\/ecg-vp-3189-s\/","title":{"rendered":"ECG VP 3189 S"},"content":{"rendered":"<p>A\u0165 u\u017e pot\u0159ebujete odstranit prach, chlupy nebo hrub\u00e9 ne\u010distoty, s\u00a0p\u0159\u00edslu\u0161enstv\u00edm vysava\u010de<strong> ECG VP 3189\u00a0S<\/strong>\u00a0najdete \u0159e\u0161en\u00ed pro ka\u017ed\u00fd typ \u00faklidu.<\/p>\n<p>N\u00e1stavec se <strong>z\u00fa\u017eenou hubic\u00ed <\/strong>odstran\u00ed \u0161p\u00ednu i ze \u0161patn\u011b p\u0159\u00edstupn\u00fdch prostor, jako jsou nap\u0159\u00edklad pol\u0161t\u00e1\u0159e pohovky nebo \u00fazk\u00e9 mezery mezi zd\u00ed a n\u00e1bytkem.<\/p>\n<p>Sou\u010d\u00e1st\u00ed p\u0159\u00edslu\u0161enstv\u00ed je rovn\u011b\u017e <strong>mini turbo kart\u00e1\u010d<\/strong>, vhodn\u00fd p\u0159edev\u0161\u00edm k \u00fadr\u017eb\u011b \u010daloun\u011bn\u00e9ho n\u00e1bytku \u010di autoseda\u010dek.<\/p>\n","protected":false},"excerpt":{"rendered":"<p>A\u0165 u\u017e pot\u0159ebujete odstranit prach, chlupy nebo hrub\u00e9 ne\u010distoty, s\u00a0p\u0159\u00edslu\u0161enstv\u00edm vysava\u010de ECG VP 3189\u00a0S\u00a0najdete \u0159e\u0161en\u00ed pro ka\u017ed\u00fd typ \u00faklidu. N\u00e1stavec se z\u00fa\u017eenou hubic\u00ed odstran\u00ed \u0161p\u00ednu i ze \u0161patn\u011b p\u0159\u00edstupn\u00fdch prostor, jako jsou nap\u0159\u00edklad pol\u0161t\u00e1\u0159e pohovky nebo \u00fazk\u00e9 mezery mezi zd\u00ed a n\u00e1bytkem. Sou\u010d\u00e1st\u00ed p\u0159\u00edslu\u0161enstv\u00ed je rovn\u011b\u017e mini turbo kart\u00e1\u010d, vhodn\u00fd p\u0159edev\u0161\u00edm k \u00fadr\u017eb\u011b \u010daloun\u011bn\u00e9ho n\u00e1bytku [&hellip;]<\/p>\n","protected":false},"featured_media":1970660,"template":"","meta":{"_acf_changed":false,"_monsterinsights_skip_tracking":false,"_monsterinsights_sitenote_active":false,"_monsterinsights_sitenote_note":"","_monsterinsights_sitenote_category":0},"product_cat":[45584],"product_tag":[46627],"class_list":{"0":"post-1680180","1":"product","2":"type-product","3":"status-publish","4":"has-post-thumbnail","6":"product_cat-sackove-vysavace","7":"product_tag-zaruka-3","9":"first","10":"instock","11":"taxable","12":"shipping-taxable","13":"purchasable","14":"product-type-simple"},"acf":[],"_links":{"self":[{"href":"https:\/\/ecg-electro.eu\/cs\/wp-json\/wp\/v2\/product\/1680180","targetHints":{"allow":["GET"]}}],"collection":[{"href":"https:\/\/ecg-electro.eu\/cs\/wp-json\/wp\/v2\/product"}],"about":[{"href":"https:\/\/ecg-electro.eu\/cs\/wp-json\/wp\/v2\/types\/product"}],"wp:featuredmedia":[{"embeddable":true,"href":"https:\/\/ecg-electro.eu\/cs\/wp-json\/wp\/v2\/media\/1970660"}],"wp:attachment":[{"href":"https:\/\/ecg-electro.eu\/cs\/wp-json\/wp\/v2\/media?parent=1680180"}],"wp:term":[{"taxonomy":"product_cat","embeddable":true,"href":"https:\/\/ecg-electro.eu\/cs\/wp-json\/wp\/v2\/product_cat?post=1680180"},{"taxonomy":"product_tag","embeddable":true,"href":"https:\/\/ecg-electro.eu\/cs\/wp-json\/wp\/v2\/product_tag?post=1680180"}],"curies":[{"name":"wp","href":"https:\/\/api.w.org\/{rel}","templated":true}]}}