{"id":1676292,"date":"2021-05-02T14:28:56","date_gmt":"2021-05-02T23:02:02","guid":{"rendered":"https:\/\/ecg-electro.eu\/product\/ecg-rk-1777-colore-2\/"},"modified":"2026-04-27T10:44:13","modified_gmt":"2026-04-27T08:44:13","slug":"ecg-rk-1777-colore","status":"publish","type":"product","link":"https:\/\/ecg-electro.eu\/cs\/ecg-rk-1777-colore\/","title":{"rendered":"ECG RK 1777 Colore"},"content":{"rendered":"<p>Pou\u017e\u00edv\u00e1n\u00ed i \u00fadr\u017eba prvot\u0159\u00eddn\u00ed rychlovarn\u00e9 konvice <strong>ECG RK 1777 Colore<\/strong> jsou nadm\u00edru snadn\u00e9 a komfortn\u00ed.<\/p>\n<p>Zm\u00edn\u011bn\u00e9 jednoduch\u00e9 \u00fadr\u017eb\u011b nahr\u00e1v\u00e1 vedle <strong>ploch\u00e9ho dna<\/strong> se skryt\u00fdm topn\u00fdm t\u011blesem rovn\u011b\u017e p\u0159\u00edtomnost <strong>odn\u00edmateln\u00e9ho a omyvateln\u00e9ho filtru<\/strong>.<\/p>\n<p>Konvici, opat\u0159enou \u0161ikovnou funkc\u00ed <strong>automatick\u00e9ho vypnut\u00ed a ochrany\u00a0proti p\u0159eh\u0159\u00e1t\u00ed<\/strong>, lze bezpe\u010dn\u011b a\u00a0snadno otev\u0159\u00edt pomoc\u00ed tla\u010d\u00edtka.<\/p>\n","protected":false},"excerpt":{"rendered":"<p>Pou\u017e\u00edv\u00e1n\u00ed i \u00fadr\u017eba prvot\u0159\u00eddn\u00ed rychlovarn\u00e9 konvice ECG RK 1777 Colore jsou nadm\u00edru snadn\u00e9 a komfortn\u00ed. Zm\u00edn\u011bn\u00e9 jednoduch\u00e9 \u00fadr\u017eb\u011b nahr\u00e1v\u00e1 vedle ploch\u00e9ho dna se skryt\u00fdm topn\u00fdm t\u011blesem rovn\u011b\u017e p\u0159\u00edtomnost odn\u00edmateln\u00e9ho a omyvateln\u00e9ho filtru. Konvici, opat\u0159enou \u0161ikovnou funkc\u00ed automatick\u00e9ho vypnut\u00ed a ochrany\u00a0proti p\u0159eh\u0159\u00e1t\u00ed, lze bezpe\u010dn\u011b a\u00a0snadno otev\u0159\u00edt pomoc\u00ed tla\u010d\u00edtka.<\/p>\n","protected":false},"featured_media":1970208,"template":"","meta":{"_acf_changed":false,"_monsterinsights_skip_tracking":false,"_monsterinsights_sitenote_active":false,"_monsterinsights_sitenote_note":"","_monsterinsights_sitenote_category":0},"product_brand":[],"product_cat":[44417],"product_tag":[],"class_list":{"0":"post-1676292","1":"product","2":"type-product","3":"status-publish","4":"has-post-thumbnail","6":"product_cat-rychlovarne-konvice","8":"first","9":"instock","10":"taxable","11":"shipping-taxable","12":"purchasable","13":"product-type-simple"},"acf":[],"_links":{"self":[{"href":"https:\/\/ecg-electro.eu\/cs\/wp-json\/wp\/v2\/product\/1676292","targetHints":{"allow":["GET"]}}],"collection":[{"href":"https:\/\/ecg-electro.eu\/cs\/wp-json\/wp\/v2\/product"}],"about":[{"href":"https:\/\/ecg-electro.eu\/cs\/wp-json\/wp\/v2\/types\/product"}],"wp:featuredmedia":[{"embeddable":true,"href":"https:\/\/ecg-electro.eu\/cs\/wp-json\/wp\/v2\/media\/1970208"}],"wp:attachment":[{"href":"https:\/\/ecg-electro.eu\/cs\/wp-json\/wp\/v2\/media?parent=1676292"}],"wp:term":[{"taxonomy":"product_brand","embeddable":true,"href":"https:\/\/ecg-electro.eu\/cs\/wp-json\/wp\/v2\/product_brand?post=1676292"},{"taxonomy":"product_cat","embeddable":true,"href":"https:\/\/ecg-electro.eu\/cs\/wp-json\/wp\/v2\/product_cat?post=1676292"},{"taxonomy":"product_tag","embeddable":true,"href":"https:\/\/ecg-electro.eu\/cs\/wp-json\/wp\/v2\/product_tag?post=1676292"}],"curies":[{"name":"wp","href":"https:\/\/api.w.org\/{rel}","templated":true}]}}