{"id":1673693,"date":"2021-05-02T14:28:52","date_gmt":"2021-05-02T22:57:49","guid":{"rendered":"https:\/\/ecg-electro.eu\/product\/ecg-zs-1421-2\/"},"modified":"2026-04-14T10:40:44","modified_gmt":"2026-04-14T08:40:44","slug":"ecg-zs-1421","status":"publish","type":"product","link":"https:\/\/ecg-electro.eu\/cs\/ecg-zs-1421\/","title":{"rendered":"ECG ZS 1421"},"content":{"rendered":"<p>Zast\u0159ihova\u010d vous\u016f <strong>ECG ZS 1421<\/strong> je vybaven praktick\u00fdm <strong>indik\u00e1torem dob\u00edjen\u00ed<\/strong>, kter\u00fd pod\u00e1v\u00e1 informaci o hladin\u011b nabit\u00ed akumul\u00e1toru.<\/p>\n<p>Po <strong>8 hodin\u00e1ch nab\u00edjen\u00ed<\/strong> vydr\u017e\u00ed strojek v\u00a0provozu <strong>a\u017e 40 minut<\/strong>.<\/p>\n<p>Pro del\u0161\u00ed ostrost a \u017eivotnost je doporu\u010deno <strong>nerezov\u00e9 no\u017ee<\/strong> strojku po pou\u017eit\u00ed o\u010distit p\u0159ilo\u017een\u00fdm kart\u00e1\u010dkem a o\u0161et\u0159it olej\u00ed\u010dkem, kter\u00fd je rovn\u011b\u017e sou\u010d\u00e1st\u00ed balen\u00ed.<\/p>\n","protected":false},"excerpt":{"rendered":"<p>Zast\u0159ihova\u010d vous\u016f ECG ZS 1421 je vybaven praktick\u00fdm indik\u00e1torem dob\u00edjen\u00ed, kter\u00fd pod\u00e1v\u00e1 informaci o hladin\u011b nabit\u00ed akumul\u00e1toru. Po 8 hodin\u00e1ch nab\u00edjen\u00ed vydr\u017e\u00ed strojek v\u00a0provozu a\u017e 40 minut. Pro del\u0161\u00ed ostrost a \u017eivotnost je doporu\u010deno nerezov\u00e9 no\u017ee strojku po pou\u017eit\u00ed o\u010distit p\u0159ilo\u017een\u00fdm kart\u00e1\u010dkem a o\u0161et\u0159it olej\u00ed\u010dkem, kter\u00fd je rovn\u011b\u017e sou\u010d\u00e1st\u00ed balen\u00ed.<\/p>\n","protected":false},"featured_media":2142161,"template":"","meta":{"_acf_changed":false,"_monsterinsights_skip_tracking":false,"_monsterinsights_sitenote_active":false,"_monsterinsights_sitenote_note":"","_monsterinsights_sitenote_category":0},"product_brand":[],"product_cat":[46020],"product_tag":[],"class_list":{"0":"post-1673693","1":"product","2":"type-product","3":"status-publish","4":"has-post-thumbnail","6":"product_cat-zastrihovace-vlasu-vousu","8":"first","9":"instock","10":"taxable","11":"shipping-taxable","12":"purchasable","13":"product-type-simple"},"acf":[],"_links":{"self":[{"href":"https:\/\/ecg-electro.eu\/cs\/wp-json\/wp\/v2\/product\/1673693","targetHints":{"allow":["GET"]}}],"collection":[{"href":"https:\/\/ecg-electro.eu\/cs\/wp-json\/wp\/v2\/product"}],"about":[{"href":"https:\/\/ecg-electro.eu\/cs\/wp-json\/wp\/v2\/types\/product"}],"wp:featuredmedia":[{"embeddable":true,"href":"https:\/\/ecg-electro.eu\/cs\/wp-json\/wp\/v2\/media\/2142161"}],"wp:attachment":[{"href":"https:\/\/ecg-electro.eu\/cs\/wp-json\/wp\/v2\/media?parent=1673693"}],"wp:term":[{"taxonomy":"product_brand","embeddable":true,"href":"https:\/\/ecg-electro.eu\/cs\/wp-json\/wp\/v2\/product_brand?post=1673693"},{"taxonomy":"product_cat","embeddable":true,"href":"https:\/\/ecg-electro.eu\/cs\/wp-json\/wp\/v2\/product_cat?post=1673693"},{"taxonomy":"product_tag","embeddable":true,"href":"https:\/\/ecg-electro.eu\/cs\/wp-json\/wp\/v2\/product_tag?post=1673693"}],"curies":[{"name":"wp","href":"https:\/\/api.w.org\/{rel}","templated":true}]}}