{"id":1672169,"date":"2021-05-02T14:28:48","date_gmt":"2021-05-02T22:55:27","guid":{"rendered":"https:\/\/ecg-electro.eu\/product\/ecg-st-10630-2\/"},"modified":"2026-04-17T10:05:04","modified_gmt":"2026-04-17T08:05:04","slug":"ecg-st-10630","status":"publish","type":"product","link":"https:\/\/ecg-electro.eu\/cs\/ecg-st-10630\/","title":{"rendered":"ECG ST 10630"},"content":{"rendered":"<p>Pou\u017e\u00edv\u00e1n\u00ed jedno\u0161t\u011brbinov\u00e9ho topinkova\u010de <strong>ECG ST 10630 SS<\/strong> je nadm\u00edru snadn\u00e9 a bezpe\u010dn\u00e9.<\/p>\n<p>Jeho <strong>protiskluzov\u00e9 no\u017eky<\/strong> br\u00e1n\u00ed ne\u017e\u00e1douc\u00edmu posuvu po kuchy\u0148sk\u00e9 lince a eliminuj\u00ed tak riziko p\u0159\u00edpadn\u00e9 nehody.<\/p>\n<p>D\u00edky praktick\u00e9 <strong>z\u00e1suvce na drobky<\/strong> nez\u016fst\u00e1vaj\u00ed opadan\u00e9 kous\u00ed\u010dky pe\u010diva uvnit\u0159 p\u0159\u00edstroje, kde se mohou snadno p\u0159ipalovat. Po pou\u017eit\u00ed topinkova\u010de tuto z\u00e1suvku snadno vyjmete a vysypete.<\/p>\n","protected":false},"excerpt":{"rendered":"<p>Pou\u017e\u00edv\u00e1n\u00ed jedno\u0161t\u011brbinov\u00e9ho topinkova\u010de ECG ST 10630 SS je nadm\u00edru snadn\u00e9 a bezpe\u010dn\u00e9. Jeho protiskluzov\u00e9 no\u017eky br\u00e1n\u00ed ne\u017e\u00e1douc\u00edmu posuvu po kuchy\u0148sk\u00e9 lince a eliminuj\u00ed tak riziko p\u0159\u00edpadn\u00e9 nehody. D\u00edky praktick\u00e9 z\u00e1suvce na drobky nez\u016fst\u00e1vaj\u00ed opadan\u00e9 kous\u00ed\u010dky pe\u010diva uvnit\u0159 p\u0159\u00edstroje, kde se mohou snadno p\u0159ipalovat. Po pou\u017eit\u00ed topinkova\u010de tuto z\u00e1suvku snadno vyjmete a vysypete.<\/p>\n","protected":false},"featured_media":1970880,"template":"","meta":{"_acf_changed":false,"_monsterinsights_skip_tracking":false,"_monsterinsights_sitenote_active":false,"_monsterinsights_sitenote_note":"","_monsterinsights_sitenote_category":0},"product_brand":[],"product_cat":[44627],"product_tag":[],"class_list":{"0":"post-1672169","1":"product","2":"type-product","3":"status-publish","4":"has-post-thumbnail","6":"product_cat-topinkovace","8":"first","9":"instock","10":"taxable","11":"shipping-taxable","12":"purchasable","13":"product-type-simple"},"acf":[],"_links":{"self":[{"href":"https:\/\/ecg-electro.eu\/cs\/wp-json\/wp\/v2\/product\/1672169","targetHints":{"allow":["GET"]}}],"collection":[{"href":"https:\/\/ecg-electro.eu\/cs\/wp-json\/wp\/v2\/product"}],"about":[{"href":"https:\/\/ecg-electro.eu\/cs\/wp-json\/wp\/v2\/types\/product"}],"wp:featuredmedia":[{"embeddable":true,"href":"https:\/\/ecg-electro.eu\/cs\/wp-json\/wp\/v2\/media\/1970880"}],"wp:attachment":[{"href":"https:\/\/ecg-electro.eu\/cs\/wp-json\/wp\/v2\/media?parent=1672169"}],"wp:term":[{"taxonomy":"product_brand","embeddable":true,"href":"https:\/\/ecg-electro.eu\/cs\/wp-json\/wp\/v2\/product_brand?post=1672169"},{"taxonomy":"product_cat","embeddable":true,"href":"https:\/\/ecg-electro.eu\/cs\/wp-json\/wp\/v2\/product_cat?post=1672169"},{"taxonomy":"product_tag","embeddable":true,"href":"https:\/\/ecg-electro.eu\/cs\/wp-json\/wp\/v2\/product_tag?post=1672169"}],"curies":[{"name":"wp","href":"https:\/\/api.w.org\/{rel}","templated":true}]}}