{"id":1577333,"date":"2021-05-02T14:28:32","date_gmt":"2021-05-02T20:33:08","guid":{"rendered":"https:\/\/ecg-electro.eu\/product\/ecg-vm-3140-hobby-2\/"},"modified":"2026-04-23T10:26:51","modified_gmt":"2026-04-23T08:26:51","slug":"ecg-vm-3140-hobby","status":"publish","type":"product","link":"https:\/\/ecg-electro.eu\/cs\/ecg-vm-3140-hobby\/","title":{"rendered":"ECG VM 3140 Hobby"},"content":{"rendered":"<p>S\u00a0multifunk\u010dn\u00edm pomocn\u00edkem <strong>ECG VM 3140 Hobby<\/strong> zvl\u00e1dnete i ten nejn\u00e1ro\u010dn\u011bj\u0161\u00ed a nejrozs\u00e1hlej\u0161\u00ed \u00faklid doslova levou zadn\u00ed.<\/p>\n<p>Jeho <strong>4 dvojit\u00e1 kole\u010dka<\/strong> zaru\u010duj\u00ed hladk\u00fd pojezd po t\u00e9m\u011b\u0159 jak\u00e9mkoliv povrchu a mimo\u0159\u00e1dn\u011b snadn\u00e9 p\u0159emis\u0165ov\u00e1n\u00ed.<\/p>\n<p>Pro \u00fa\u010dely perfektn\u00edho uzp\u016fsoben\u00ed r\u016fzn\u00fdm druh\u016fm \u00faklidu je vysava\u010d vybaven filtrem pro re\u017eim mokr\u00e9ho vys\u00e1v\u00e1n\u00ed i <strong>HEPA filtrem<\/strong> pro vys\u00e1v\u00e1n\u00ed such\u00e9.<\/p>\n","protected":false},"excerpt":{"rendered":"<p>S\u00a0multifunk\u010dn\u00edm pomocn\u00edkem ECG VM 3140 Hobby zvl\u00e1dnete i ten nejn\u00e1ro\u010dn\u011bj\u0161\u00ed a nejrozs\u00e1hlej\u0161\u00ed \u00faklid doslova levou zadn\u00ed. Jeho 4 dvojit\u00e1 kole\u010dka zaru\u010duj\u00ed hladk\u00fd pojezd po t\u00e9m\u011b\u0159 jak\u00e9mkoliv povrchu a mimo\u0159\u00e1dn\u011b snadn\u00e9 p\u0159emis\u0165ov\u00e1n\u00ed. Pro \u00fa\u010dely perfektn\u00edho uzp\u016fsoben\u00ed r\u016fzn\u00fdm druh\u016fm \u00faklidu je vysava\u010d vybaven filtrem pro re\u017eim mokr\u00e9ho vys\u00e1v\u00e1n\u00ed i HEPA filtrem pro vys\u00e1v\u00e1n\u00ed such\u00e9.<\/p>\n","protected":false},"featured_media":1970647,"template":"","meta":{"_acf_changed":false,"_monsterinsights_skip_tracking":false,"_monsterinsights_sitenote_active":false,"_monsterinsights_sitenote_note":"","_monsterinsights_sitenote_category":0},"product_brand":[],"product_cat":[45682],"product_tag":[],"class_list":{"0":"post-1577333","1":"product","2":"type-product","3":"status-publish","4":"has-post-thumbnail","6":"product_cat-multifunkcni-vysavace-vysavace","8":"first","9":"instock","10":"taxable","11":"shipping-taxable","12":"purchasable","13":"product-type-simple"},"acf":[],"_links":{"self":[{"href":"https:\/\/ecg-electro.eu\/cs\/wp-json\/wp\/v2\/product\/1577333","targetHints":{"allow":["GET"]}}],"collection":[{"href":"https:\/\/ecg-electro.eu\/cs\/wp-json\/wp\/v2\/product"}],"about":[{"href":"https:\/\/ecg-electro.eu\/cs\/wp-json\/wp\/v2\/types\/product"}],"wp:featuredmedia":[{"embeddable":true,"href":"https:\/\/ecg-electro.eu\/cs\/wp-json\/wp\/v2\/media\/1970647"}],"wp:attachment":[{"href":"https:\/\/ecg-electro.eu\/cs\/wp-json\/wp\/v2\/media?parent=1577333"}],"wp:term":[{"taxonomy":"product_brand","embeddable":true,"href":"https:\/\/ecg-electro.eu\/cs\/wp-json\/wp\/v2\/product_brand?post=1577333"},{"taxonomy":"product_cat","embeddable":true,"href":"https:\/\/ecg-electro.eu\/cs\/wp-json\/wp\/v2\/product_cat?post=1577333"},{"taxonomy":"product_tag","embeddable":true,"href":"https:\/\/ecg-electro.eu\/cs\/wp-json\/wp\/v2\/product_tag?post=1577333"}],"curies":[{"name":"wp","href":"https:\/\/api.w.org\/{rel}","templated":true}]}}