{"id":1576756,"date":"2021-05-02T14:28:24","date_gmt":"2021-05-02T20:32:20","guid":{"rendered":"https:\/\/ecg-electro.eu\/product\/ecg-kv-1120-sm-2\/"},"modified":"2026-04-29T17:08:30","modified_gmt":"2026-04-29T15:08:30","slug":"ecg-kv-1120-sm","status":"publish","type":"product","link":"https:\/\/ecg-electro.eu\/cs\/ecg-kv-1120-sm\/","title":{"rendered":"ECG KV 1120 SM"},"content":{"rendered":"<p>Seznamte se s\u00a0va\u0161\u00edm nov\u00fdm kuchy\u0148sk\u00fdm pomocn\u00edkem \u010d\u00edslo jedna \u2013 elektronick\u00e1 kuchy\u0148sk\u00e1 v\u00e1ha <strong>ECG KV 1120 SM<\/strong> je p\u0159\u00edmo nabit\u00e1 funkcemi.<\/p>\n<p>Vedle standardn\u00edho <strong>t\u00e1rov\u00e1n\u00ed <\/strong>a mo\u017enosti p\u0159epnut\u00ed m\u011brn\u00fdch jednotek je rovn\u011b\u017e vybavena funkc\u00ed <strong>automatick\u00e9ho vypnut\u00ed<\/strong> a indikac\u00ed\u00a0slab\u00e9 baterie \u010di p\u0159et\u00ed\u017een\u00ed.<\/p>\n<p>Ocen\u011bn\u00ed hodn\u00fdm prvkem je bezesporu d\u016fmysln\u011b \u0159e\u0161en\u00e1 <strong>odva\u017eovac\u00ed miska<\/strong>, kter\u00e1 dovoluje velmi kompaktn\u00ed slo\u017een\u00ed v\u00e1hy b\u011bhem nepou\u017e\u00edv\u00e1n\u00ed.<\/p>\n","protected":false},"excerpt":{"rendered":"<p>Seznamte se s\u00a0va\u0161\u00edm nov\u00fdm kuchy\u0148sk\u00fdm pomocn\u00edkem \u010d\u00edslo jedna \u2013 elektronick\u00e1 kuchy\u0148sk\u00e1 v\u00e1ha ECG KV 1120 SM je p\u0159\u00edmo nabit\u00e1 funkcemi. Vedle standardn\u00edho t\u00e1rov\u00e1n\u00ed a mo\u017enosti p\u0159epnut\u00ed m\u011brn\u00fdch jednotek je rovn\u011b\u017e vybavena funkc\u00ed automatick\u00e9ho vypnut\u00ed a indikac\u00ed\u00a0slab\u00e9 baterie \u010di p\u0159et\u00ed\u017een\u00ed. Ocen\u011bn\u00ed hodn\u00fdm prvkem je bezesporu d\u016fmysln\u011b \u0159e\u0161en\u00e1 odva\u017eovac\u00ed miska, kter\u00e1 dovoluje velmi kompaktn\u00ed slo\u017een\u00ed v\u00e1hy b\u011bhem [&hellip;]<\/p>\n","protected":false},"featured_media":1969562,"template":"","meta":{"_acf_changed":false,"_monsterinsights_skip_tracking":false,"_monsterinsights_sitenote_active":false,"_monsterinsights_sitenote_note":"","_monsterinsights_sitenote_category":0},"product_brand":[],"product_cat":[45066],"product_tag":[],"class_list":{"0":"post-1576756","1":"product","2":"type-product","3":"status-publish","4":"has-post-thumbnail","6":"product_cat-kuchynske-vahy","8":"first","9":"instock","10":"taxable","11":"shipping-taxable","12":"purchasable","13":"product-type-simple"},"acf":[],"_links":{"self":[{"href":"https:\/\/ecg-electro.eu\/cs\/wp-json\/wp\/v2\/product\/1576756","targetHints":{"allow":["GET"]}}],"collection":[{"href":"https:\/\/ecg-electro.eu\/cs\/wp-json\/wp\/v2\/product"}],"about":[{"href":"https:\/\/ecg-electro.eu\/cs\/wp-json\/wp\/v2\/types\/product"}],"wp:featuredmedia":[{"embeddable":true,"href":"https:\/\/ecg-electro.eu\/cs\/wp-json\/wp\/v2\/media\/1969562"}],"wp:attachment":[{"href":"https:\/\/ecg-electro.eu\/cs\/wp-json\/wp\/v2\/media?parent=1576756"}],"wp:term":[{"taxonomy":"product_brand","embeddable":true,"href":"https:\/\/ecg-electro.eu\/cs\/wp-json\/wp\/v2\/product_brand?post=1576756"},{"taxonomy":"product_cat","embeddable":true,"href":"https:\/\/ecg-electro.eu\/cs\/wp-json\/wp\/v2\/product_cat?post=1576756"},{"taxonomy":"product_tag","embeddable":true,"href":"https:\/\/ecg-electro.eu\/cs\/wp-json\/wp\/v2\/product_tag?post=1576756"}],"curies":[{"name":"wp","href":"https:\/\/api.w.org\/{rel}","templated":true}]}}