{"id":1576657,"date":"2021-05-02T14:28:22","date_gmt":"2021-05-02T20:32:12","guid":{"rendered":"https:\/\/ecg-electro.eu\/product\/ecg-st-13730-2\/"},"modified":"2026-04-17T10:22:14","modified_gmt":"2026-04-17T08:22:14","slug":"ecg-st-13730","status":"publish","type":"product","link":"https:\/\/ecg-electro.eu\/cs\/ecg-st-13730\/","title":{"rendered":"ECG ST 13730"},"content":{"rendered":"<p>Toustova\u010d <strong>ECG ST 13730<\/strong> disponuje celou \u0159adou chytr\u00fdch vychyt\u00e1vek, kter\u00e9 p\u0159isp\u00edvaj\u00ed k\u00a0jeho snadn\u00e9 a bezpe\u010dn\u00e9 obsluze.<\/p>\n<p>Zat\u00edmco <strong>protiskluzov\u00e9 no\u017ei\u010dky<\/strong> zabra\u0148uj\u00ed necht\u011bn\u00e9mu posuvu p\u0159\u00edstroje po pracovn\u00ed plo\u0161e, podsv\u00edcen\u00e9 kontrolky provozu pod\u00e1vaj\u00ed informaci o jeho chodu.<\/p>\n<p><strong>Intenzitu oh\u0159evu<\/strong> si m\u016f\u017eete nastavit dle vlastn\u00edch preferenc\u00ed, a\u0165 u\u017e holdujete lehce ope\u010den\u00e9mu chlebu \u010di \u0159\u00e1dn\u011b k\u0159upav\u00e9mu zlatav\u00e9mu toustu.<\/p>\n","protected":false},"excerpt":{"rendered":"<p>Toustova\u010d ECG ST 13730 disponuje celou \u0159adou chytr\u00fdch vychyt\u00e1vek, kter\u00e9 p\u0159isp\u00edvaj\u00ed k\u00a0jeho snadn\u00e9 a bezpe\u010dn\u00e9 obsluze. Zat\u00edmco protiskluzov\u00e9 no\u017ei\u010dky zabra\u0148uj\u00ed necht\u011bn\u00e9mu posuvu p\u0159\u00edstroje po pracovn\u00ed plo\u0161e, podsv\u00edcen\u00e9 kontrolky provozu pod\u00e1vaj\u00ed informaci o jeho chodu. Intenzitu oh\u0159evu si m\u016f\u017eete nastavit dle vlastn\u00edch preferenc\u00ed, a\u0165 u\u017e holdujete lehce ope\u010den\u00e9mu chlebu \u010di \u0159\u00e1dn\u011b k\u0159upav\u00e9mu zlatav\u00e9mu toustu.<\/p>\n","protected":false},"featured_media":2377285,"template":"","meta":{"_acf_changed":false,"_monsterinsights_skip_tracking":false,"_monsterinsights_sitenote_active":false,"_monsterinsights_sitenote_note":"","_monsterinsights_sitenote_category":0},"product_brand":[],"product_cat":[44627],"product_tag":[],"class_list":{"0":"post-1576657","1":"product","2":"type-product","3":"status-publish","4":"has-post-thumbnail","6":"product_cat-topinkovace","8":"first","9":"instock","10":"taxable","11":"shipping-taxable","12":"purchasable","13":"product-type-simple"},"acf":[],"_links":{"self":[{"href":"https:\/\/ecg-electro.eu\/cs\/wp-json\/wp\/v2\/product\/1576657","targetHints":{"allow":["GET"]}}],"collection":[{"href":"https:\/\/ecg-electro.eu\/cs\/wp-json\/wp\/v2\/product"}],"about":[{"href":"https:\/\/ecg-electro.eu\/cs\/wp-json\/wp\/v2\/types\/product"}],"wp:featuredmedia":[{"embeddable":true,"href":"https:\/\/ecg-electro.eu\/cs\/wp-json\/wp\/v2\/media\/2377285"}],"wp:attachment":[{"href":"https:\/\/ecg-electro.eu\/cs\/wp-json\/wp\/v2\/media?parent=1576657"}],"wp:term":[{"taxonomy":"product_brand","embeddable":true,"href":"https:\/\/ecg-electro.eu\/cs\/wp-json\/wp\/v2\/product_brand?post=1576657"},{"taxonomy":"product_cat","embeddable":true,"href":"https:\/\/ecg-electro.eu\/cs\/wp-json\/wp\/v2\/product_cat?post=1576657"},{"taxonomy":"product_tag","embeddable":true,"href":"https:\/\/ecg-electro.eu\/cs\/wp-json\/wp\/v2\/product_tag?post=1576657"}],"curies":[{"name":"wp","href":"https:\/\/api.w.org\/{rel}","templated":true}]}}