{"id":1550599,"date":"2021-05-02T14:27:40","date_gmt":"2021-05-02T19:55:23","guid":{"rendered":"https:\/\/ecg-electro.eu\/product\/ecg-s-399-3in1-white-2\/"},"modified":"2026-04-17T10:42:28","modified_gmt":"2026-04-17T08:42:28","slug":"ecg-s-399-3in1-white","status":"publish","type":"product","link":"https:\/\/ecg-electro.eu\/cs\/ecg-s-399-3in1-white\/","title":{"rendered":"ECG S 399 3in1 White"},"content":{"rendered":"<p>P\u0159i pr\u00e1ci se sendvi\u010dova\u010dem jist\u011b tak\u00e9 ocen\u00edte <strong>protiskluzov\u00e9 no\u017eky<\/strong>, d\u00edky kter\u00fdm se ani nehne. P\u0159\u00edstroj m\u016f\u017eete skladovat ve vertik\u00e1ln\u00ed poloze. Snadno ho tedy ulo\u017e\u00edte i do men\u0161\u00ed kuchy\u0148sk\u00e9 sk\u0159\u00ed\u0148ky.<\/p>\n<p>&nbsp;<\/p>\n<p>Sendvi\u010dova\u010d ECG je vybaven nap\u00e1jec\u00ed \u0161\u0148\u016frou o d\u00e9lce 68 cm. K\u00a0jej\u00edmu snadn\u00e9mu ulo\u017een\u00ed lze vyu\u017e\u00edt <strong>praktick\u00fd dr\u017e\u00e1k <\/strong>na p\u0159\u00edstroji.<\/p>\n","protected":false},"excerpt":{"rendered":"<p>P\u0159i pr\u00e1ci se sendvi\u010dova\u010dem jist\u011b tak\u00e9 ocen\u00edte protiskluzov\u00e9 no\u017eky, d\u00edky kter\u00fdm se ani nehne. P\u0159\u00edstroj m\u016f\u017eete skladovat ve vertik\u00e1ln\u00ed poloze. Snadno ho tedy ulo\u017e\u00edte i do men\u0161\u00ed kuchy\u0148sk\u00e9 sk\u0159\u00ed\u0148ky. &nbsp; Sendvi\u010dova\u010d ECG je vybaven nap\u00e1jec\u00ed \u0161\u0148\u016frou o d\u00e9lce 68 cm. K\u00a0jej\u00edmu snadn\u00e9mu ulo\u017een\u00ed lze vyu\u017e\u00edt praktick\u00fd dr\u017e\u00e1k na p\u0159\u00edstroji.<\/p>\n","protected":false},"featured_media":1970415,"template":"","meta":{"_acf_changed":false,"_monsterinsights_skip_tracking":false,"_monsterinsights_sitenote_active":false,"_monsterinsights_sitenote_note":"","_monsterinsights_sitenote_category":0},"product_brand":[],"product_cat":[44557,44585,44600],"product_tag":[],"class_list":{"0":"post-1550599","1":"product","2":"type-product","3":"status-publish","4":"has-post-thumbnail","6":"product_cat-vaflovace","7":"product_cat-sendvicovace","8":"product_cat-sendvicovace-3v1","10":"first","11":"instock","12":"taxable","13":"shipping-taxable","14":"purchasable","15":"product-type-simple"},"acf":[],"_links":{"self":[{"href":"https:\/\/ecg-electro.eu\/cs\/wp-json\/wp\/v2\/product\/1550599","targetHints":{"allow":["GET"]}}],"collection":[{"href":"https:\/\/ecg-electro.eu\/cs\/wp-json\/wp\/v2\/product"}],"about":[{"href":"https:\/\/ecg-electro.eu\/cs\/wp-json\/wp\/v2\/types\/product"}],"wp:featuredmedia":[{"embeddable":true,"href":"https:\/\/ecg-electro.eu\/cs\/wp-json\/wp\/v2\/media\/1970415"}],"wp:attachment":[{"href":"https:\/\/ecg-electro.eu\/cs\/wp-json\/wp\/v2\/media?parent=1550599"}],"wp:term":[{"taxonomy":"product_brand","embeddable":true,"href":"https:\/\/ecg-electro.eu\/cs\/wp-json\/wp\/v2\/product_brand?post=1550599"},{"taxonomy":"product_cat","embeddable":true,"href":"https:\/\/ecg-electro.eu\/cs\/wp-json\/wp\/v2\/product_cat?post=1550599"},{"taxonomy":"product_tag","embeddable":true,"href":"https:\/\/ecg-electro.eu\/cs\/wp-json\/wp\/v2\/product_tag?post=1550599"}],"curies":[{"name":"wp","href":"https:\/\/api.w.org\/{rel}","templated":true}]}}