{"id":1550401,"date":"2021-05-02T14:27:37","date_gmt":"2021-05-02T19:55:07","guid":{"rendered":"https:\/\/ecg-electro.eu\/product\/ecg-s-1070-panini-2\/"},"modified":"2026-04-25T10:22:04","modified_gmt":"2026-04-25T08:22:04","slug":"ecg-s-1070-panini","status":"publish","type":"product","link":"https:\/\/ecg-electro.eu\/cs\/ecg-s-1070-panini\/","title":{"rendered":"ECG S 1070 Panini"},"content":{"rendered":"<p>P\u0159edev\u0161\u00edm rodiny s\u00a0d\u011btmi ocen\u00ed praktick\u00fd z\u00e1mek zabra\u0148uj\u00edc\u00ed necht\u011bn\u00e9mu otev\u0159en\u00ed. Dal\u0161\u00edm bezpe\u010dnostn\u00edm prvkem je <strong>tepeln\u011b izolovan\u00e9 madlo<\/strong>, je\u017e maxim\u00e1ln\u011b usnad\u0148uje manipulaci se spot\u0159ebi\u010dem.<\/p>\n<p>&nbsp;<\/p>\n<p>P\u0159i pou\u017e\u00edv\u00e1n\u00ed \u201epaninova\u010de\u201c ECG jist\u011b ocen\u00edte <strong>protiskluzov\u00e9 no\u017ei\u010dky<\/strong>, d\u00edky kter\u00fdm se ani nehne.<\/p>\n","protected":false},"excerpt":{"rendered":"<p>P\u0159edev\u0161\u00edm rodiny s\u00a0d\u011btmi ocen\u00ed praktick\u00fd z\u00e1mek zabra\u0148uj\u00edc\u00ed necht\u011bn\u00e9mu otev\u0159en\u00ed. Dal\u0161\u00edm bezpe\u010dnostn\u00edm prvkem je tepeln\u011b izolovan\u00e9 madlo, je\u017e maxim\u00e1ln\u011b usnad\u0148uje manipulaci se spot\u0159ebi\u010dem. &nbsp; P\u0159i pou\u017e\u00edv\u00e1n\u00ed \u201epaninova\u010de\u201c ECG jist\u011b ocen\u00edte protiskluzov\u00e9 no\u017ei\u010dky, d\u00edky kter\u00fdm se ani nehne.<\/p>\n","protected":false},"featured_media":1970338,"template":"","meta":{"_acf_changed":false,"_monsterinsights_skip_tracking":false,"_monsterinsights_sitenote_active":false,"_monsterinsights_sitenote_note":"","_monsterinsights_sitenote_category":0},"product_brand":[],"product_cat":[44940,44585],"product_tag":[46623],"class_list":{"0":"post-1550401","1":"product","2":"type-product","3":"status-publish","4":"has-post-thumbnail","6":"product_cat-kontaktni-grily","7":"product_cat-sendvicovace","8":"product_tag-akce-60-dni","10":"first","11":"instock","12":"taxable","13":"shipping-taxable","14":"purchasable","15":"product-type-simple"},"acf":[],"_links":{"self":[{"href":"https:\/\/ecg-electro.eu\/cs\/wp-json\/wp\/v2\/product\/1550401","targetHints":{"allow":["GET"]}}],"collection":[{"href":"https:\/\/ecg-electro.eu\/cs\/wp-json\/wp\/v2\/product"}],"about":[{"href":"https:\/\/ecg-electro.eu\/cs\/wp-json\/wp\/v2\/types\/product"}],"wp:featuredmedia":[{"embeddable":true,"href":"https:\/\/ecg-electro.eu\/cs\/wp-json\/wp\/v2\/media\/1970338"}],"wp:attachment":[{"href":"https:\/\/ecg-electro.eu\/cs\/wp-json\/wp\/v2\/media?parent=1550401"}],"wp:term":[{"taxonomy":"product_brand","embeddable":true,"href":"https:\/\/ecg-electro.eu\/cs\/wp-json\/wp\/v2\/product_brand?post=1550401"},{"taxonomy":"product_cat","embeddable":true,"href":"https:\/\/ecg-electro.eu\/cs\/wp-json\/wp\/v2\/product_cat?post=1550401"},{"taxonomy":"product_tag","embeddable":true,"href":"https:\/\/ecg-electro.eu\/cs\/wp-json\/wp\/v2\/product_tag?post=1550401"}],"curies":[{"name":"wp","href":"https:\/\/api.w.org\/{rel}","templated":true}]}}