{"id":1550260,"date":"2021-05-02T14:27:35","date_gmt":"2021-05-02T19:54:57","guid":{"rendered":"https:\/\/ecg-electro.eu\/product\/ecg-pcb-82120-2\/"},"modified":"2026-04-17T10:04:40","modified_gmt":"2026-04-17T08:04:40","slug":"ecg-pcb-82120","status":"publish","type":"product","link":"https:\/\/ecg-electro.eu\/cs\/ecg-pcb-82120\/","title":{"rendered":"ECG PCB 82120"},"content":{"rendered":"<p>Pek\u00e1rna ECG je disponuje tak\u00e9 u\u017eivateli obl\u00edbenou funkc\u00ed v\u00a0podob\u011b <strong>odlo\u017een\u00e9ho startu<\/strong>, kter\u00fd lze zpozdit a\u017e o 15 hodin. M\u016f\u017eete m\u00edt p\u0159ipraven\u00fd \u010derstv\u00fd chl\u00e9b p\u0159esn\u011b ve v\u00e1mi ur\u010denou dobu. Dal\u0161\u00ed vychyt\u00e1vkou je funkce na<strong> udr\u017eov\u00e1n\u00ed teploty<\/strong> (1 hodinu).<\/p>\n<p>&nbsp;<\/p>\n<p>\u010ci\u0161t\u011bn\u00ed spot\u0159ebi\u010de v\u00e1m maxim\u00e1ln\u011b usnadn\u00ed kvalitn\u00ed <strong>nep\u0159ilnav\u00fd povrch <\/strong>vyj\u00edmateln\u00e9 n\u00e1doby. Sou\u010d\u00e1st\u00ed balen\u00ed je praktick\u00e1 odm\u011brka o objemu 400 ml, l\u017e\u00edce a kl\u00ed\u010d na uvoln\u011bn\u00ed h\u00e1k\u016f.<\/p>\n","protected":false},"excerpt":{"rendered":"<p>Pek\u00e1rna ECG je disponuje tak\u00e9 u\u017eivateli obl\u00edbenou funkc\u00ed v\u00a0podob\u011b odlo\u017een\u00e9ho startu, kter\u00fd lze zpozdit a\u017e o 15 hodin. M\u016f\u017eete m\u00edt p\u0159ipraven\u00fd \u010derstv\u00fd chl\u00e9b p\u0159esn\u011b ve v\u00e1mi ur\u010denou dobu. Dal\u0161\u00ed vychyt\u00e1vkou je funkce na udr\u017eov\u00e1n\u00ed teploty (1 hodinu). &nbsp; \u010ci\u0161t\u011bn\u00ed spot\u0159ebi\u010de v\u00e1m maxim\u00e1ln\u011b usnadn\u00ed kvalitn\u00ed nep\u0159ilnav\u00fd povrch vyj\u00edmateln\u00e9 n\u00e1doby. Sou\u010d\u00e1st\u00ed balen\u00ed je praktick\u00e1 odm\u011brka o objemu [&hellip;]<\/p>\n","protected":false},"featured_media":1969937,"template":"","meta":{"_acf_changed":false,"_monsterinsights_skip_tracking":false,"_monsterinsights_sitenote_active":false,"_monsterinsights_sitenote_note":"","_monsterinsights_sitenote_category":0},"product_brand":[],"product_cat":[44431],"product_tag":[],"class_list":{"0":"post-1550260","1":"product","2":"type-product","3":"status-publish","4":"has-post-thumbnail","6":"product_cat-domaci-pekarny","8":"first","9":"instock","10":"taxable","11":"shipping-taxable","12":"purchasable","13":"product-type-simple"},"acf":[],"_links":{"self":[{"href":"https:\/\/ecg-electro.eu\/cs\/wp-json\/wp\/v2\/product\/1550260","targetHints":{"allow":["GET"]}}],"collection":[{"href":"https:\/\/ecg-electro.eu\/cs\/wp-json\/wp\/v2\/product"}],"about":[{"href":"https:\/\/ecg-electro.eu\/cs\/wp-json\/wp\/v2\/types\/product"}],"wp:featuredmedia":[{"embeddable":true,"href":"https:\/\/ecg-electro.eu\/cs\/wp-json\/wp\/v2\/media\/1969937"}],"wp:attachment":[{"href":"https:\/\/ecg-electro.eu\/cs\/wp-json\/wp\/v2\/media?parent=1550260"}],"wp:term":[{"taxonomy":"product_brand","embeddable":true,"href":"https:\/\/ecg-electro.eu\/cs\/wp-json\/wp\/v2\/product_brand?post=1550260"},{"taxonomy":"product_cat","embeddable":true,"href":"https:\/\/ecg-electro.eu\/cs\/wp-json\/wp\/v2\/product_cat?post=1550260"},{"taxonomy":"product_tag","embeddable":true,"href":"https:\/\/ecg-electro.eu\/cs\/wp-json\/wp\/v2\/product_tag?post=1550260"}],"curies":[{"name":"wp","href":"https:\/\/api.w.org\/{rel}","templated":true}]}}