{"id":1351121,"date":"2021-05-02T14:27:10","date_gmt":"2021-05-02T16:16:56","guid":{"rendered":"https:\/\/ecg-electro.eu\/product\/ecg-zs-1020-black-2\/"},"modified":"2026-04-16T10:08:06","modified_gmt":"2026-04-16T08:08:06","slug":"ecg-zs-1020-black","status":"publish","type":"product","link":"https:\/\/ecg-electro.eu\/cs\/ecg-zs-1020-black\/","title":{"rendered":"ECG ZS 1020 Black"},"content":{"rendered":"<p>ECG ZS 1020 se m\u016f\u017ee pochlubit <strong>vysoce kvalitn\u00edmi \u010depelemi z\u00a0nerezov\u00e9 oceli<\/strong>, kter\u00e9 umo\u017e\u0148uj\u00ed zast\u0159i\u017een\u00ed vlas\u016f v\u00a0d\u00e9lce <strong>0,8 mm a\u017e 2,8 mm<\/strong>. D\u00e1le v\u00e1m pak d\u00e1 k\u00a0dispozici celkem <strong>6 p\u0159\u00eddavn\u00fdch n\u00e1stavc\u016f<\/strong> pro d\u00e9lky st\u0159ihu 3 mm, 6 mm, 9 mm, 13 mm, 16 mm a 19 mm. Budete si tak moci vytvo\u0159it \u00fa\u010des p\u0159esn\u011b podle sv\u00e9ho gusta.<\/p>\n","protected":false},"excerpt":{"rendered":"<p>ECG ZS 1020 se m\u016f\u017ee pochlubit vysoce kvalitn\u00edmi \u010depelemi z\u00a0nerezov\u00e9 oceli, kter\u00e9 umo\u017e\u0148uj\u00ed zast\u0159i\u017een\u00ed vlas\u016f v\u00a0d\u00e9lce 0,8 mm a\u017e 2,8 mm. D\u00e1le v\u00e1m pak d\u00e1 k\u00a0dispozici celkem 6 p\u0159\u00eddavn\u00fdch n\u00e1stavc\u016f pro d\u00e9lky st\u0159ihu 3 mm, 6 mm, 9 mm, 13 mm, 16 mm a 19 mm. Budete si tak moci vytvo\u0159it \u00fa\u010des p\u0159esn\u011b podle sv\u00e9ho [&hellip;]<\/p>\n","protected":false},"featured_media":1972060,"template":"","meta":{"_acf_changed":false,"_monsterinsights_skip_tracking":false,"_monsterinsights_sitenote_active":false,"_monsterinsights_sitenote_note":"","_monsterinsights_sitenote_category":0},"product_brand":[],"product_cat":[46020],"product_tag":[],"class_list":{"0":"post-1351121","1":"product","2":"type-product","3":"status-publish","4":"has-post-thumbnail","6":"product_cat-zastrihovace-vlasu-vousu","8":"first","9":"instock","10":"taxable","11":"shipping-taxable","12":"purchasable","13":"product-type-simple"},"acf":[],"_links":{"self":[{"href":"https:\/\/ecg-electro.eu\/cs\/wp-json\/wp\/v2\/product\/1351121","targetHints":{"allow":["GET"]}}],"collection":[{"href":"https:\/\/ecg-electro.eu\/cs\/wp-json\/wp\/v2\/product"}],"about":[{"href":"https:\/\/ecg-electro.eu\/cs\/wp-json\/wp\/v2\/types\/product"}],"wp:featuredmedia":[{"embeddable":true,"href":"https:\/\/ecg-electro.eu\/cs\/wp-json\/wp\/v2\/media\/1972060"}],"wp:attachment":[{"href":"https:\/\/ecg-electro.eu\/cs\/wp-json\/wp\/v2\/media?parent=1351121"}],"wp:term":[{"taxonomy":"product_brand","embeddable":true,"href":"https:\/\/ecg-electro.eu\/cs\/wp-json\/wp\/v2\/product_brand?post=1351121"},{"taxonomy":"product_cat","embeddable":true,"href":"https:\/\/ecg-electro.eu\/cs\/wp-json\/wp\/v2\/product_cat?post=1351121"},{"taxonomy":"product_tag","embeddable":true,"href":"https:\/\/ecg-electro.eu\/cs\/wp-json\/wp\/v2\/product_tag?post=1351121"}],"curies":[{"name":"wp","href":"https:\/\/api.w.org\/{rel}","templated":true}]}}