{"id":1350937,"date":"2021-05-02T14:27:07","date_gmt":"2021-05-02T16:16:47","guid":{"rendered":"https:\/\/ecg-electro.eu\/product\/ecg-zv-117-2\/"},"modified":"2026-04-27T10:06:20","modified_gmt":"2026-04-27T08:06:20","slug":"ecg-zv-117","status":"publish","type":"product","link":"https:\/\/ecg-electro.eu\/cs\/ecg-zv-117\/","title":{"rendered":"ECG ZV 117"},"content":{"rendered":"<p>1,7 m dlouh\u00fd <strong>oto\u010dn\u00fd kabel<\/strong> v\u00a0kombinaci s\u00a0protiskluzovou \u00fapravou povrchu poskytuje pohodlnou manipulaci, praktick\u00e9 z\u00e1v\u011bsn\u00e9 poutko pak usnad\u0148uje uskladn\u011bn\u00ed.<\/p>\n<p>&nbsp;<\/p>\n<p>Samoz\u0159ejm\u011b zde nechyb\u00ed ani speci\u00e1ln\u00ed funkce pro uzam\u010den\u00ed \u017eehlic\u00edch ploch.<\/p>\n<p>&nbsp;<\/p>\n<p>D\u00edky kompaktn\u00edm rozm\u011br\u016fm se tento \u0161ikovn\u00fd pomocn\u00edk v\u00fdborn\u011b hod\u00ed i na cesty.<\/p>\n","protected":false},"excerpt":{"rendered":"<p>1,7 m dlouh\u00fd oto\u010dn\u00fd kabel v\u00a0kombinaci s\u00a0protiskluzovou \u00fapravou povrchu poskytuje pohodlnou manipulaci, praktick\u00e9 z\u00e1v\u011bsn\u00e9 poutko pak usnad\u0148uje uskladn\u011bn\u00ed. &nbsp; Samoz\u0159ejm\u011b zde nechyb\u00ed ani speci\u00e1ln\u00ed funkce pro uzam\u010den\u00ed \u017eehlic\u00edch ploch. &nbsp; D\u00edky kompaktn\u00edm rozm\u011br\u016fm se tento \u0161ikovn\u00fd pomocn\u00edk v\u00fdborn\u011b hod\u00ed i na cesty.<\/p>\n","protected":false},"featured_media":1971799,"template":"","meta":{"_acf_changed":false,"_monsterinsights_skip_tracking":false,"_monsterinsights_sitenote_active":false,"_monsterinsights_sitenote_note":"","_monsterinsights_sitenote_category":0},"product_brand":[],"product_cat":[46108],"product_tag":[],"class_list":{"0":"post-1350937","1":"product","2":"type-product","3":"status-publish","4":"has-post-thumbnail","6":"product_cat-zehlicky-na-vlasy","8":"first","9":"instock","10":"taxable","11":"shipping-taxable","12":"purchasable","13":"product-type-simple"},"acf":[],"_links":{"self":[{"href":"https:\/\/ecg-electro.eu\/cs\/wp-json\/wp\/v2\/product\/1350937","targetHints":{"allow":["GET"]}}],"collection":[{"href":"https:\/\/ecg-electro.eu\/cs\/wp-json\/wp\/v2\/product"}],"about":[{"href":"https:\/\/ecg-electro.eu\/cs\/wp-json\/wp\/v2\/types\/product"}],"wp:featuredmedia":[{"embeddable":true,"href":"https:\/\/ecg-electro.eu\/cs\/wp-json\/wp\/v2\/media\/1971799"}],"wp:attachment":[{"href":"https:\/\/ecg-electro.eu\/cs\/wp-json\/wp\/v2\/media?parent=1350937"}],"wp:term":[{"taxonomy":"product_brand","embeddable":true,"href":"https:\/\/ecg-electro.eu\/cs\/wp-json\/wp\/v2\/product_brand?post=1350937"},{"taxonomy":"product_cat","embeddable":true,"href":"https:\/\/ecg-electro.eu\/cs\/wp-json\/wp\/v2\/product_cat?post=1350937"},{"taxonomy":"product_tag","embeddable":true,"href":"https:\/\/ecg-electro.eu\/cs\/wp-json\/wp\/v2\/product_tag?post=1350937"}],"curies":[{"name":"wp","href":"https:\/\/api.w.org\/{rel}","templated":true}]}}