{"id":1350726,"date":"2021-05-02T14:27:04","date_gmt":"2021-05-02T16:16:37","guid":{"rendered":"https:\/\/ecg-electro.eu\/product\/ecg-zv-115-2\/"},"modified":"2026-04-12T10:02:03","modified_gmt":"2026-04-12T08:02:03","slug":"ecg-zv-115","status":"publish","type":"product","link":"https:\/\/ecg-electro.eu\/cs\/ecg-zv-115\/","title":{"rendered":"ECG ZV 115"},"content":{"rendered":"<p>\u017dehli\u010dka na vlasy ECG ZV 115 disponuje p\u0159\u00edvodn\u00edm kabelem o d\u00e9lce<strong> 1,8 metru<\/strong>. Kabel je z\u00e1rove\u0148 <strong>oto\u010dn\u00fd a\u017e o 360 \u00b0<\/strong> a pou\u017eit\u00ed p\u0159\u00edstroje je tak velmi snadn\u00e9.<\/p>\n<p>K automatick\u00e9mu <strong>vypnut\u00ed<\/strong> doch\u00e1z\u00ed <strong>po 30 minut\u00e1ch<\/strong> ne\u010dinnosti, nemus\u00edte se tedy ob\u00e1vat, \u017ee p\u0159\u00edstroj z\u016fstane zapnut\u00fd i dlouho po va\u0161em odchodu z dom\u00e1cnosti.<\/p>\n<p>Nejen p\u0159i cestov\u00e1n\u00ed, ale tak\u00e9 doma jist\u011b p\u0159ijde vhod praktick\u00fd <strong>z\u00e1mek<\/strong> (funkce Lock), kter\u00fd usnad\u0148uje skladov\u00e1n\u00ed.<\/p>\n","protected":false},"excerpt":{"rendered":"<p>\u017dehli\u010dka na vlasy ECG ZV 115 disponuje p\u0159\u00edvodn\u00edm kabelem o d\u00e9lce 1,8 metru. Kabel je z\u00e1rove\u0148 oto\u010dn\u00fd a\u017e o 360 \u00b0 a pou\u017eit\u00ed p\u0159\u00edstroje je tak velmi snadn\u00e9. K automatick\u00e9mu vypnut\u00ed doch\u00e1z\u00ed po 30 minut\u00e1ch ne\u010dinnosti, nemus\u00edte se tedy ob\u00e1vat, \u017ee p\u0159\u00edstroj z\u016fstane zapnut\u00fd i dlouho po va\u0161em odchodu z dom\u00e1cnosti. Nejen p\u0159i cestov\u00e1n\u00ed, ale [&hellip;]<\/p>\n","protected":false},"featured_media":1971500,"template":"","meta":{"_acf_changed":false,"_monsterinsights_skip_tracking":false,"_monsterinsights_sitenote_active":false,"_monsterinsights_sitenote_note":"","_monsterinsights_sitenote_category":0},"product_brand":[],"product_cat":[46108],"product_tag":[],"class_list":{"0":"post-1350726","1":"product","2":"type-product","3":"status-publish","4":"has-post-thumbnail","6":"product_cat-zehlicky-na-vlasy","8":"first","9":"instock","10":"taxable","11":"shipping-taxable","12":"purchasable","13":"product-type-simple"},"acf":[],"_links":{"self":[{"href":"https:\/\/ecg-electro.eu\/cs\/wp-json\/wp\/v2\/product\/1350726","targetHints":{"allow":["GET"]}}],"collection":[{"href":"https:\/\/ecg-electro.eu\/cs\/wp-json\/wp\/v2\/product"}],"about":[{"href":"https:\/\/ecg-electro.eu\/cs\/wp-json\/wp\/v2\/types\/product"}],"wp:featuredmedia":[{"embeddable":true,"href":"https:\/\/ecg-electro.eu\/cs\/wp-json\/wp\/v2\/media\/1971500"}],"wp:attachment":[{"href":"https:\/\/ecg-electro.eu\/cs\/wp-json\/wp\/v2\/media?parent=1350726"}],"wp:term":[{"taxonomy":"product_brand","embeddable":true,"href":"https:\/\/ecg-electro.eu\/cs\/wp-json\/wp\/v2\/product_brand?post=1350726"},{"taxonomy":"product_cat","embeddable":true,"href":"https:\/\/ecg-electro.eu\/cs\/wp-json\/wp\/v2\/product_cat?post=1350726"},{"taxonomy":"product_tag","embeddable":true,"href":"https:\/\/ecg-electro.eu\/cs\/wp-json\/wp\/v2\/product_tag?post=1350726"}],"curies":[{"name":"wp","href":"https:\/\/api.w.org\/{rel}","templated":true}]}}