{"id":1350570,"date":"2021-05-02T14:27:02","date_gmt":"2021-05-02T16:16:29","guid":{"rendered":"https:\/\/ecg-electro.eu\/product\/ecg-zv-45-mini-2\/"},"modified":"2026-04-18T10:02:19","modified_gmt":"2026-04-18T08:02:19","slug":"ecg-zv-45-mini","status":"publish","type":"product","link":"https:\/\/ecg-electro.eu\/cs\/ecg-zv-45-mini\/","title":{"rendered":"ECG ZV 45 mini"},"content":{"rendered":"<p>K v\u00fdhod\u00e1m \u017eehli\u010dky na vlasy ECG ZV 45 mini rozhodn\u011b pat\u0159\u00ed kr\u00e1tk\u00e1 doba, kter\u00e1 je nutn\u00e1 k nah\u0159\u00e1t\u00ed. Praktick\u00fd <strong>LED indik\u00e1tor<\/strong> v\u00e1s n\u00e1sledn\u011b sv\u011bteln\u00fdm sign\u00e1lem upozorn\u00ed na p\u0159ipravenost p\u0159\u00edstroje.<\/p>\n<p>Volnost pohybu p\u0159i pou\u017eit\u00ed p\u0159\u00edstroje je samoz\u0159ejmost\u00ed d\u00edky p\u0159\u00edvodn\u00edmu kabelu o d\u00e9lce <strong>1,7 metru<\/strong>.<\/p>\n<p>Sou\u010d\u00e1st\u00ed vybaven\u00ed je tak\u00e9\u00a0<strong>pevn\u00e9 pouzdro<\/strong>, kter\u00e9 skv\u011ble poslou\u017e\u00ed jako pomocn\u00edk p\u0159i skladov\u00e1n\u00ed p\u0159\u00edstroje, ale poslou\u017e\u00ed tak\u00e9 p\u0159i cestov\u00e1n\u00ed.<\/p>\n<p>Bezpe\u010dnost p\u0159i pou\u017eit\u00ed pak zaji\u0161\u0165uje <strong>pojistka proti p\u0159eh\u0159\u00e1t\u00ed<\/strong>.<\/p>\n","protected":false},"excerpt":{"rendered":"<p>K v\u00fdhod\u00e1m \u017eehli\u010dky na vlasy ECG ZV 45 mini rozhodn\u011b pat\u0159\u00ed kr\u00e1tk\u00e1 doba, kter\u00e1 je nutn\u00e1 k nah\u0159\u00e1t\u00ed. Praktick\u00fd LED indik\u00e1tor v\u00e1s n\u00e1sledn\u011b sv\u011bteln\u00fdm sign\u00e1lem upozorn\u00ed na p\u0159ipravenost p\u0159\u00edstroje. Volnost pohybu p\u0159i pou\u017eit\u00ed p\u0159\u00edstroje je samoz\u0159ejmost\u00ed d\u00edky p\u0159\u00edvodn\u00edmu kabelu o d\u00e9lce 1,7 metru. Sou\u010d\u00e1st\u00ed vybaven\u00ed je tak\u00e9\u00a0pevn\u00e9 pouzdro, kter\u00e9 skv\u011ble poslou\u017e\u00ed jako pomocn\u00edk p\u0159i skladov\u00e1n\u00ed [&hellip;]<\/p>\n","protected":false},"featured_media":1971496,"template":"","meta":{"_acf_changed":false,"_monsterinsights_skip_tracking":false,"_monsterinsights_sitenote_active":false,"_monsterinsights_sitenote_note":"","_monsterinsights_sitenote_category":0},"product_brand":[],"product_cat":[46108],"product_tag":[],"class_list":{"0":"post-1350570","1":"product","2":"type-product","3":"status-publish","4":"has-post-thumbnail","6":"product_cat-zehlicky-na-vlasy","8":"first","9":"instock","10":"taxable","11":"shipping-taxable","12":"purchasable","13":"product-type-simple"},"acf":[],"_links":{"self":[{"href":"https:\/\/ecg-electro.eu\/cs\/wp-json\/wp\/v2\/product\/1350570","targetHints":{"allow":["GET"]}}],"collection":[{"href":"https:\/\/ecg-electro.eu\/cs\/wp-json\/wp\/v2\/product"}],"about":[{"href":"https:\/\/ecg-electro.eu\/cs\/wp-json\/wp\/v2\/types\/product"}],"wp:featuredmedia":[{"embeddable":true,"href":"https:\/\/ecg-electro.eu\/cs\/wp-json\/wp\/v2\/media\/1971496"}],"wp:attachment":[{"href":"https:\/\/ecg-electro.eu\/cs\/wp-json\/wp\/v2\/media?parent=1350570"}],"wp:term":[{"taxonomy":"product_brand","embeddable":true,"href":"https:\/\/ecg-electro.eu\/cs\/wp-json\/wp\/v2\/product_brand?post=1350570"},{"taxonomy":"product_cat","embeddable":true,"href":"https:\/\/ecg-electro.eu\/cs\/wp-json\/wp\/v2\/product_cat?post=1350570"},{"taxonomy":"product_tag","embeddable":true,"href":"https:\/\/ecg-electro.eu\/cs\/wp-json\/wp\/v2\/product_tag?post=1350570"}],"curies":[{"name":"wp","href":"https:\/\/api.w.org\/{rel}","templated":true}]}}