{"id":1350456,"date":"2021-05-02T14:27:00","date_gmt":"2021-05-02T16:16:23","guid":{"rendered":"https:\/\/ecg-electro.eu\/product\/ecg-vv-2200-2\/"},"modified":"2026-04-29T17:08:54","modified_gmt":"2026-04-29T15:08:54","slug":"ecg-vv-2200","status":"publish","type":"product","link":"https:\/\/ecg-electro.eu\/cs\/ecg-vv-2200\/","title":{"rendered":"ECG VV 2200"},"content":{"rendered":"<p>Vysou\u0161e\u010d <strong>ECG VV 2200<\/strong> disponuje protiskluzovou povrchovou \u00fapravou, kter\u00e1 v\u00a0kombinaci s\u00a0<strong>ergonomicky tvarovan\u00fdm madlem<\/strong> poskytuje jist\u011bj\u0161\u00ed a pohodln\u011bj\u0161\u00ed \u00fachop. Praktick\u00e9 <strong>poutko<\/strong> pak umo\u017e\u0148uje zav\u011b\u0161en\u00ed p\u0159\u00edstroje tam, kde jej budete moci m\u00edt v\u017edy po ruce.<\/p>\n<p>&nbsp;<\/p>\n<p>Ve v\u00fdbav\u011b naleznete tak\u00e9 difuz\u00e9r, kter\u00fd je ide\u00e1ln\u00ed pro \u00fapravu p\u0159irozen\u011b vlnit\u00fdch a kudrnat\u00fdch vlas\u016f.<\/p>\n","protected":false},"excerpt":{"rendered":"<p>Vysou\u0161e\u010d ECG VV 2200 disponuje protiskluzovou povrchovou \u00fapravou, kter\u00e1 v\u00a0kombinaci s\u00a0ergonomicky tvarovan\u00fdm madlem poskytuje jist\u011bj\u0161\u00ed a pohodln\u011bj\u0161\u00ed \u00fachop. Praktick\u00e9 poutko pak umo\u017e\u0148uje zav\u011b\u0161en\u00ed p\u0159\u00edstroje tam, kde jej budete moci m\u00edt v\u017edy po ruce. &nbsp; Ve v\u00fdbav\u011b naleznete tak\u00e9 difuz\u00e9r, kter\u00fd je ide\u00e1ln\u00ed pro \u00fapravu p\u0159irozen\u011b vlnit\u00fdch a kudrnat\u00fdch vlas\u016f.<\/p>\n","protected":false},"featured_media":1970727,"template":"","meta":{"_acf_changed":false,"_monsterinsights_skip_tracking":false,"_monsterinsights_sitenote_active":false,"_monsterinsights_sitenote_note":"","_monsterinsights_sitenote_category":0},"product_brand":[],"product_cat":[46055],"product_tag":[],"class_list":{"0":"post-1350456","1":"product","2":"type-product","3":"status-publish","4":"has-post-thumbnail","6":"product_cat-vysousece-vlasu","8":"first","9":"instock","10":"taxable","11":"shipping-taxable","12":"purchasable","13":"product-type-simple"},"acf":[],"_links":{"self":[{"href":"https:\/\/ecg-electro.eu\/cs\/wp-json\/wp\/v2\/product\/1350456","targetHints":{"allow":["GET"]}}],"collection":[{"href":"https:\/\/ecg-electro.eu\/cs\/wp-json\/wp\/v2\/product"}],"about":[{"href":"https:\/\/ecg-electro.eu\/cs\/wp-json\/wp\/v2\/types\/product"}],"wp:featuredmedia":[{"embeddable":true,"href":"https:\/\/ecg-electro.eu\/cs\/wp-json\/wp\/v2\/media\/1970727"}],"wp:attachment":[{"href":"https:\/\/ecg-electro.eu\/cs\/wp-json\/wp\/v2\/media?parent=1350456"}],"wp:term":[{"taxonomy":"product_brand","embeddable":true,"href":"https:\/\/ecg-electro.eu\/cs\/wp-json\/wp\/v2\/product_brand?post=1350456"},{"taxonomy":"product_cat","embeddable":true,"href":"https:\/\/ecg-electro.eu\/cs\/wp-json\/wp\/v2\/product_cat?post=1350456"},{"taxonomy":"product_tag","embeddable":true,"href":"https:\/\/ecg-electro.eu\/cs\/wp-json\/wp\/v2\/product_tag?post=1350456"}],"curies":[{"name":"wp","href":"https:\/\/api.w.org\/{rel}","templated":true}]}}